{"id":2960,"date":"2025-04-04T15:52:28","date_gmt":"2025-04-04T15:52:28","guid":{"rendered":"https:\/\/www.vmtc.net\/?page_id=2960"},"modified":"2025-04-04T15:54:35","modified_gmt":"2025-04-04T15:54:35","slug":"ett-uppdrag-mot-ett-segerrikt-liv","status":"publish","type":"page","link":"https:\/\/www.vmtc.net\/sv\/a-mission-toward-victorious-living\/","title":{"rendered":"Ett uppdrag mot ett segerrikt liv"},"content":{"rendered":"<section class=\"l-section wpb_row height_custom\"><div class=\"l-section-h i-cf\"><div class=\"g-cols vc_row via_grid cols_2-3 laptops-cols_2 tablets-cols_inherit mobiles-cols_1 valign_middle type_default stacking_default\" style=\"--columns-gap:5%;\"><div class=\"wpb_column vc_column_container\"><div class=\"vc_column-inner\"><div class=\"wpb_text_column\"><div class=\"wpb_wrapper\"><h2 class=\"w-iconbox-title\">Ett uppdrag mot ett segerrikt liv<\/h2>\n<p>P\u00e5 VMTC Prayer Ministry \u00e4r v\u00e5rt m\u00e5l inte bara att l\u00f6sa problem, utan att ta itu med grundorsakerna till dessa problem. Vi kanske inte kan l\u00e4ka sm\u00e4rtsamma minnen, men genom b\u00f6nens och den Helige Andes kraft hj\u00e4lper vi till att l\u00e4ka relationer och bryta det f\u00f6rflutnas kedjor, s\u00e5 att du inte l\u00e4ngre \u00e4r f\u00f6rslavad av dessa minnen. En VMTC-session f\u00f6r\u00e4ndrar inte omst\u00e4ndigheterna, men den f\u00f6rvandlar m\u00e4nniskor s\u00e5 att de kan leva segerrikt \u00f6ver sina omst\u00e4ndigheter. Genom Guds n\u00e5d f\u00e5r vi kraft att vandra i frihet, helande och ett nytt liv i Kristus.<\/p>\n<\/div><\/div><\/div><\/div><div class=\"wpb_column vc_column_container\"><div class=\"vc_column-inner\"><div class=\"w-image align_none\"><div class=\"w-image-h\"><img decoding=\"async\" width=\"620\" height=\"311\" src=\"https:\/\/www.vmtc.net\/wp-content\/uploads\/2025\/02\/vmtc_blessing_ceremony_2-1.jpg\" class=\"attachment-large size-large\" alt=\"VMTC pre ministry interview, VMTC Victorious Ministry Through Christ, vmtc, vmtc-international,\" loading=\"lazy\" srcset=\"https:\/\/www.vmtc.net\/wp-content\/uploads\/2025\/02\/vmtc_blessing_ceremony_2-1.jpg 620w, https:\/\/www.vmtc.net\/wp-content\/uploads\/2025\/02\/vmtc_blessing_ceremony_2-1-300x150.jpg 300w, https:\/\/www.vmtc.net\/wp-content\/uploads\/2025\/02\/vmtc_blessing_ceremony_2-1-600x301.jpg 600w\" sizes=\"auto, (max-width: 620px) 100vw, 620px\" \/><\/div><\/div><\/div><\/div><\/div><\/div><\/section>","protected":false},"excerpt":{"rendered":"","protected":false},"author":1,"featured_media":0,"parent":0,"menu_order":0,"comment_status":"closed","ping_status":"closed","template":"","meta":{"om_disable_all_campaigns":false,"_monsterinsights_skip_tracking":false,"_monsterinsights_sitenote_active":false,"_monsterinsights_sitenote_note":"","_monsterinsights_sitenote_category":0,"footnotes":""},"class_list":["post-2960","page","type-page","status-publish","hentry"],"aioseo_notices":[],"_links":{"self":[{"href":"https:\/\/www.vmtc.net\/sv\/wp-json\/wp\/v2\/pages\/2960","targetHints":{"allow":["GET"]}}],"collection":[{"href":"https:\/\/www.vmtc.net\/sv\/wp-json\/wp\/v2\/pages"}],"about":[{"href":"https:\/\/www.vmtc.net\/sv\/wp-json\/wp\/v2\/types\/page"}],"author":[{"embeddable":true,"href":"https:\/\/www.vmtc.net\/sv\/wp-json\/wp\/v2\/users\/1"}],"replies":[{"embeddable":true,"href":"https:\/\/www.vmtc.net\/sv\/wp-json\/wp\/v2\/comments?post=2960"}],"version-history":[{"count":0,"href":"https:\/\/www.vmtc.net\/sv\/wp-json\/wp\/v2\/pages\/2960\/revisions"}],"wp:attachment":[{"href":"https:\/\/www.vmtc.net\/sv\/wp-json\/wp\/v2\/media?parent=2960"}],"curies":[{"name":"wp","href":"https:\/\/api.w.org\/{rel}","templated":true}]}}