{"id":2923,"date":"2025-04-03T22:03:44","date_gmt":"2025-04-03T22:03:44","guid":{"rendered":"https:\/\/www.vmtc.net\/?page_id=2923"},"modified":"2025-04-03T22:05:59","modified_gmt":"2025-04-03T22:05:59","slug":"tillracklig_tid","status":"publish","type":"page","link":"https:\/\/www.vmtc.net\/sv\/adequate_time\/","title":{"rendered":"tillr\u00e4cklig_tid"},"content":{"rendered":"<section class=\"l-section wpb_row height_custom\"><div class=\"l-section-h i-cf\"><div class=\"g-cols vc_row via_grid cols_2-3 laptops-cols_2 tablets-cols_inherit mobiles-cols_1 valign_middle type_default stacking_default\" style=\"--columns-gap:5%;\"><div class=\"wpb_column vc_column_container\"><div class=\"vc_column-inner\"><div class=\"wpb_text_column\"><div class=\"wpb_wrapper\"><h2 class=\"w-iconbox-title\">Tillr\u00e4cklig tid<\/h2>\n<p>P\u00e5 VMTC Prayer Ministry \u00e4r v\u00e5rt fokus inte p\u00e5 snabbhet, utan p\u00e5 att ge omt\u00e4nksam, flitig uppm\u00e4rksamhet f\u00f6r att ta itu med l\u00e5ngvariga problem och trasiga relationer. Vi tror p\u00e5 att ta den tid som kr\u00e4vs f\u00f6r att g\u00e5 igenom djup l\u00e4kning och andlig restaurering. V\u00e5ra b\u00f6nepastorer \u00e4r fullt engagerade i att \"g\u00e5 hela v\u00e4gen\" och se till att varje individ upplever en ny niv\u00e5 av varaktig frihet i Kristus. Vissa sessioner kan ta mellan 4 och 5 timmar, eftersom vi arbetar tillsammans med den Helige Ande f\u00f6r att \u00e5stadkomma fullst\u00e4ndig helande och frihet. I Kristus blir vi hela!<\/p>\n<\/div><\/div><\/div><\/div><div class=\"wpb_column vc_column_container\"><div class=\"vc_column-inner\"><div class=\"w-image align_none\"><div class=\"w-image-h\"><img decoding=\"async\" width=\"1024\" height=\"683\" src=\"https:\/\/www.vmtc.net\/wp-content\/uploads\/2025\/01\/phillip-goldsberry-AHIA8Bs_HA-unsplash-1024x683.jpg\" class=\"attachment-large size-large\" alt=\"Kontakta VMTC - vi \u00e4r h\u00e4r f\u00f6r att hj\u00e4lpa dig\" loading=\"lazy\" srcset=\"https:\/\/www.vmtc.net\/wp-content\/uploads\/2025\/01\/phillip-goldsberry-AHIA8Bs_HA-unsplash-1024x683.jpg 1024w, https:\/\/www.vmtc.net\/wp-content\/uploads\/2025\/01\/phillip-goldsberry-AHIA8Bs_HA-unsplash-300x200.jpg 300w, https:\/\/www.vmtc.net\/wp-content\/uploads\/2025\/01\/phillip-goldsberry-AHIA8Bs_HA-unsplash-600x400.jpg 600w\" sizes=\"auto, (max-width: 1024px) 100vw, 1024px\" \/><\/div><\/div><\/div><\/div><\/div><\/div><\/section>","protected":false},"excerpt":{"rendered":"","protected":false},"author":1,"featured_media":0,"parent":0,"menu_order":0,"comment_status":"closed","ping_status":"closed","template":"","meta":{"om_disable_all_campaigns":false,"_monsterinsights_skip_tracking":false,"_monsterinsights_sitenote_active":false,"_monsterinsights_sitenote_note":"","_monsterinsights_sitenote_category":0,"footnotes":""},"class_list":["post-2923","page","type-page","status-publish","hentry"],"aioseo_notices":[],"_links":{"self":[{"href":"https:\/\/www.vmtc.net\/sv\/wp-json\/wp\/v2\/pages\/2923","targetHints":{"allow":["GET"]}}],"collection":[{"href":"https:\/\/www.vmtc.net\/sv\/wp-json\/wp\/v2\/pages"}],"about":[{"href":"https:\/\/www.vmtc.net\/sv\/wp-json\/wp\/v2\/types\/page"}],"author":[{"embeddable":true,"href":"https:\/\/www.vmtc.net\/sv\/wp-json\/wp\/v2\/users\/1"}],"replies":[{"embeddable":true,"href":"https:\/\/www.vmtc.net\/sv\/wp-json\/wp\/v2\/comments?post=2923"}],"version-history":[{"count":0,"href":"https:\/\/www.vmtc.net\/sv\/wp-json\/wp\/v2\/pages\/2923\/revisions"}],"wp:attachment":[{"href":"https:\/\/www.vmtc.net\/sv\/wp-json\/wp\/v2\/media?parent=2923"}],"curies":[{"name":"wp","href":"https:\/\/api.w.org\/{rel}","templated":true}]}}