{"id":2919,"date":"2025-04-03T21:58:47","date_gmt":"2025-04-03T21:58:47","guid":{"rendered":"https:\/\/www.vmtc.net\/?page_id=2919"},"modified":"2025-04-03T22:02:16","modified_gmt":"2025-04-03T22:02:16","slug":"pa_djupet_hantera_barriarer","status":"publish","type":"page","link":"https:\/\/www.vmtc.net\/sv\/in_depth_dealing_with_barriers\/","title":{"rendered":"p\u00e5_djupet_hantera_barri\u00e4rer"},"content":{"rendered":"<section class=\"l-section wpb_row height_custom\"><div class=\"l-section-h i-cf\"><div class=\"g-cols vc_row via_grid cols_2-3 laptops-cols_2 tablets-cols_inherit mobiles-cols_1 valign_middle type_default stacking_default\" style=\"--columns-gap:5%;\"><div class=\"wpb_column vc_column_container\"><div class=\"vc_column-inner\"><div class=\"wpb_text_column\"><div class=\"wpb_wrapper\"><h2 class=\"w-iconbox-title\">F\u00f6rdjupning Hantering av hinder<\/h2>\n<p>VMTC:s \"husreng\u00f6ring\" \u00e4r en andlig rening som f\u00f6rbereder individer f\u00f6r att engagera sig i h\u00e4lsosamma, Kristuscentrerade relationer genom att avl\u00e4gsna det dolda bagaget - de k\u00e4nslom\u00e4ssiga och andliga b\u00f6rdorna - som orsakar f\u00f6rvirring och hindrar andlig tillv\u00e4xt. Genom b\u00f6n och den Helige Andes kraft hj\u00e4lper den h\u00e4r sessionen till att rensa bort distraktioner och f\u00e4sten som kan hindra dig fr\u00e5n att fokusera fullt ut p\u00e5 Guds kallelse f\u00f6r ditt liv. Det \u00e5terst\u00e4ller din klarhet i syftet och st\u00e4rker ditt engagemang f\u00f6r Kristus, s\u00e5 att du kan leva med st\u00f6rre frihet och fokus p\u00e5 alla omr\u00e5den i livet. Genom hans n\u00e5d blir vi hela och fria att f\u00f6lja honom av hela v\u00e5rt hj\u00e4rta!<\/p>\n<\/div><\/div><\/div><\/div><div class=\"wpb_column vc_column_container\"><div class=\"vc_column-inner\"><div class=\"w-image align_none\"><div class=\"w-image-h\"><img decoding=\"async\" width=\"1024\" height=\"683\" src=\"https:\/\/www.vmtc.net\/wp-content\/uploads\/2025\/01\/getty-images-YaBJ3w88Mgw-unsplash-1-1024x683.jpg\" class=\"attachment-large size-large\" alt=\"\" loading=\"lazy\" srcset=\"https:\/\/www.vmtc.net\/wp-content\/uploads\/2025\/01\/getty-images-YaBJ3w88Mgw-unsplash-1-1024x683.jpg 1024w, https:\/\/www.vmtc.net\/wp-content\/uploads\/2025\/01\/getty-images-YaBJ3w88Mgw-unsplash-1-300x200.jpg 300w, https:\/\/www.vmtc.net\/wp-content\/uploads\/2025\/01\/getty-images-YaBJ3w88Mgw-unsplash-1-600x400.jpg 600w\" sizes=\"auto, (max-width: 1024px) 100vw, 1024px\" \/><\/div><\/div><\/div><\/div><\/div><\/div><\/section>","protected":false},"excerpt":{"rendered":"","protected":false},"author":1,"featured_media":0,"parent":0,"menu_order":0,"comment_status":"closed","ping_status":"closed","template":"","meta":{"om_disable_all_campaigns":false,"_monsterinsights_skip_tracking":false,"_monsterinsights_sitenote_active":false,"_monsterinsights_sitenote_note":"","_monsterinsights_sitenote_category":0,"footnotes":""},"class_list":["post-2919","page","type-page","status-publish","hentry"],"aioseo_notices":[],"_links":{"self":[{"href":"https:\/\/www.vmtc.net\/sv\/wp-json\/wp\/v2\/pages\/2919","targetHints":{"allow":["GET"]}}],"collection":[{"href":"https:\/\/www.vmtc.net\/sv\/wp-json\/wp\/v2\/pages"}],"about":[{"href":"https:\/\/www.vmtc.net\/sv\/wp-json\/wp\/v2\/types\/page"}],"author":[{"embeddable":true,"href":"https:\/\/www.vmtc.net\/sv\/wp-json\/wp\/v2\/users\/1"}],"replies":[{"embeddable":true,"href":"https:\/\/www.vmtc.net\/sv\/wp-json\/wp\/v2\/comments?post=2919"}],"version-history":[{"count":0,"href":"https:\/\/www.vmtc.net\/sv\/wp-json\/wp\/v2\/pages\/2919\/revisions"}],"wp:attachment":[{"href":"https:\/\/www.vmtc.net\/sv\/wp-json\/wp\/v2\/media?parent=2919"}],"curies":[{"name":"wp","href":"https:\/\/api.w.org\/{rel}","templated":true}]}}