{"id":2915,"date":"2025-04-03T21:50:25","date_gmt":"2025-04-03T21:50:25","guid":{"rendered":"https:\/\/www.vmtc.net\/?page_id=2915"},"modified":"2025-04-03T21:56:51","modified_gmt":"2025-04-03T21:56:51","slug":"tva_i_overenskommelse_ministeriet","status":"publish","type":"page","link":"https:\/\/www.vmtc.net\/sv\/two_in_agreement_ministry\/","title":{"rendered":"tv\u00e5_i_\u00f6verenskommelse_ministeriet"},"content":{"rendered":"<section class=\"l-section wpb_row height_custom\"><div class=\"l-section-h i-cf\"><div class=\"g-cols vc_row via_grid cols_3-2 laptops-cols_2 tablets-cols_inherit mobiles-cols_1 valign_middle type_default reversed stacking_default\" style=\"--columns-gap:5%;\"><div class=\"wpb_column vc_column_container\"><div class=\"vc_column-inner\"><div class=\"w-image us_custom_a6ae5e18 align_none has_bg_color\"><div class=\"w-image-h\"><img decoding=\"async\" width=\"1024\" height=\"683\" src=\"https:\/\/www.vmtc.net\/wp-content\/uploads\/2025\/01\/getty-images-lvc1Rxd-JAg-unsplash-1024x683.jpg\" class=\"attachment-large size-large\" alt=\"VMTC:s b\u00f6neutropare\" loading=\"lazy\" srcset=\"https:\/\/www.vmtc.net\/wp-content\/uploads\/2025\/01\/getty-images-lvc1Rxd-JAg-unsplash-1024x683.jpg 1024w, https:\/\/www.vmtc.net\/wp-content\/uploads\/2025\/01\/getty-images-lvc1Rxd-JAg-unsplash-300x200.jpg 300w, https:\/\/www.vmtc.net\/wp-content\/uploads\/2025\/01\/getty-images-lvc1Rxd-JAg-unsplash-600x400.jpg 600w\" sizes=\"auto, (max-width: 1024px) 100vw, 1024px\" \/><\/div><\/div><\/div><\/div><div class=\"wpb_column vc_column_container\"><div class=\"vc_column-inner\"><div class=\"wpb_text_column\"><div class=\"wpb_wrapper\"><h2 class=\"w-iconbox-title\">Ministeriet \"Tv\u00e5-i-\u00f6verenskommelse\"<\/h2>\n<p>Varje VMTC-team best\u00e5r av en man och en kvinna som tillsammans tj\u00e4nar i den Helige Andes enhet f\u00f6r att fullf\u00f6lja Jesu uppdrag att \"befria de f\u00e5ngna\" (Luk 4:18). Genom b\u00f6n, biblisk sanning och den Helige Andes kraft st\u00e5r de eniga och f\u00f6rlitar sig p\u00e5 att Gud ska ge helande, befrielse och uppr\u00e4ttelse till dem som s\u00f6ker frihet i Kristus. Till honom vare all \u00e4ra!<\/p>\n<p><b>\u00a0<\/b><\/p>\n<\/div><\/div><\/div><\/div><\/div><\/div><\/section>","protected":false},"excerpt":{"rendered":"","protected":false},"author":1,"featured_media":0,"parent":0,"menu_order":0,"comment_status":"closed","ping_status":"closed","template":"","meta":{"om_disable_all_campaigns":false,"_monsterinsights_skip_tracking":false,"_monsterinsights_sitenote_active":false,"_monsterinsights_sitenote_note":"","_monsterinsights_sitenote_category":0,"footnotes":""},"class_list":["post-2915","page","type-page","status-publish","hentry"],"aioseo_notices":[],"_links":{"self":[{"href":"https:\/\/www.vmtc.net\/sv\/wp-json\/wp\/v2\/pages\/2915","targetHints":{"allow":["GET"]}}],"collection":[{"href":"https:\/\/www.vmtc.net\/sv\/wp-json\/wp\/v2\/pages"}],"about":[{"href":"https:\/\/www.vmtc.net\/sv\/wp-json\/wp\/v2\/types\/page"}],"author":[{"embeddable":true,"href":"https:\/\/www.vmtc.net\/sv\/wp-json\/wp\/v2\/users\/1"}],"replies":[{"embeddable":true,"href":"https:\/\/www.vmtc.net\/sv\/wp-json\/wp\/v2\/comments?post=2915"}],"version-history":[{"count":0,"href":"https:\/\/www.vmtc.net\/sv\/wp-json\/wp\/v2\/pages\/2915\/revisions"}],"wp:attachment":[{"href":"https:\/\/www.vmtc.net\/sv\/wp-json\/wp\/v2\/media?parent=2915"}],"curies":[{"name":"wp","href":"https:\/\/api.w.org\/{rel}","templated":true}]}}