{"id":2885,"date":"2025-04-01T23:26:54","date_gmt":"2025-04-01T23:26:54","guid":{"rendered":"https:\/\/www.vmtc.net\/?page_id=2885"},"modified":"2025-04-03T21:38:18","modified_gmt":"2025-04-03T21:38:18","slug":"om_2","status":"publish","type":"page","link":"https:\/\/www.vmtc.net\/sv\/about_2\/","title":{"rendered":"Om_2"},"content":{"rendered":"<section class=\"l-section wpb_row height_auto\"><div class=\"l-section-h i-cf\"><div class=\"g-cols vc_row via_grid cols_2-3 laptops-cols_2 tablets-cols_1 mobiles-cols_1 valign_top type_default stacking_default\"><div class=\"wpb_column vc_column_container type_sticky\"><div class=\"vc_column-inner\"><div class=\"w-separator size_large\"><\/div><h2 class=\"w-text\"><span class=\"w-text-h\"><span class=\"w-text-value\">Vad h\u00e4nder under en b\u00f6nesession?<\/span><\/span><\/h2><div class=\"w-separator us_custom_9127616d size_large\"><\/div><\/div><\/div><div class=\"wpb_column vc_column_container us_custom_8c172a66 has_bg_color stretched\"><div class=\"vc_column-inner\"><div class=\"wpb_text_column us_custom_a5ef9130\"><div class=\"wpb_wrapper\"><p>Varje session, som varar <strong>4-6 timmar<\/strong>, utf\u00f6rs av en <strong>utbildat team best\u00e5ende av en man och en kvinna<\/strong>, tj\u00e4nstg\u00f6ring i <strong>Kristi k\u00e4rlek och auktoritet<\/strong>. Dessa sessioner inkluderar:<\/p>\n<p>\u2705 <strong>Bek\u00e4nnelse, \u00e5nger och f\u00f6rl\u00e5telse<\/strong><br \/>\u2705 <strong>Sk\u00e4rande bondage<\/strong> till m\u00e4nniskor, platser, saker och upplevelser<br \/>\u2705 <strong>Befrielse fr\u00e5n andliga f\u00e4sten<\/strong><br \/>\u2705 <strong>L\u00e4kning av k\u00e4nslom\u00e4ssiga och andliga s\u00e5r<\/strong><br \/>\u2705 <strong>Aktivering av den Helige Andes g\u00e5vor<\/strong> f\u00f6r djupare omvandling<\/p>\n<p>Syftet med <strong>Segerrik tj\u00e4nst genom Kristus<\/strong> \u00e4r <strong>inte bara l\u00f6sa problem utan att ta itu med deras grundl\u00e4ggande orsaker<\/strong>. Det \u00e4r <strong>inte om att \"fixa\" andra utan att l\u00e5ta Gud f\u00f6rvandla oss s\u00e5 att vi blir mer lika Kristus<\/strong>. Den fokuserar inte p\u00e5 att bara l\u00e4ka minnen utan p\u00e5 att <strong>ge de troende m\u00f6jlighet att vandra i seger \u00f6ver sina tidigare och nuvarande omst\u00e4ndigheter<\/strong>.<\/p>\n<p>Varje session \u00e4r <strong>helt konfidentiell<\/strong>-Inga anteckningar g\u00f6rs, inga inspelningar. I slutet \u00f6verl\u00e4mnas allt till Herren i b\u00f6n, och kvar blir bara <strong>Faderns k\u00e4rlek<\/strong> f\u00f6r den som har blivit befriad.<\/p>\n<\/div><\/div><\/div><\/div><\/div><\/div><\/section><section class=\"l-section wpb_row height_auto\"><div class=\"l-section-h i-cf\"><div class=\"g-cols vc_row via_grid cols_2-3 laptops-cols_2 tablets-cols_1 mobiles-cols_1 valign_top type_default stacking_default\"><div class=\"wpb_column vc_column_container type_sticky\"><div class=\"vc_column-inner\"><div class=\"w-separator size_large\"><\/div><h2 class=\"w-text\"><span class=\"w-text-h\"><span class=\"w-text-value\">D\u00e4r vi verkar<\/span><\/span><\/h2><div class=\"w-separator us_custom_9127616d size_large\"><\/div><\/div><\/div><div class=\"wpb_column vc_column_container us_custom_8c172a66 has_bg_color stretched\"><div class=\"vc_column-inner\"><div class=\"wpb_text_column us_custom_a5ef9130\"><div class=\"wpb_wrapper\"><p>F\u00f6r n\u00e4rvarande,\u00a0<strong>Segerrik tj\u00e4nst genom Kristus-skolor<\/strong> h\u00e5lls i:<\/p>\n<p>\ud83d\udccd <strong>Kalifornien\u00a0<\/strong>\ud83d\udccd <strong>Arizona\u00a0<\/strong>\ud83d\udccd <strong>West Virginia<\/strong><\/p>\n<p>\ud83d\udccd <strong>Washington State\u00a0<\/strong>\ud83d\udccd <strong>Florida\u00a0<\/strong>\ud83d\udccd <strong>Illinois<\/strong><\/p>\n<p>\ud83d\udccd <strong>Texas\u00a0<\/strong>\ud83d\udccd <strong>Tennessee <\/strong><\/p>\n<p>F\u00f6rutom ministry-sessioner under dessa skolor, <strong>utbildad segerrik tj\u00e4nst genom Kristi ministrar<\/strong> erbjuder ocks\u00e5 tj\u00e4nstg\u00f6ring i <strong>kyrkor och hem<\/strong> mellan skolor.<\/p>\n<p>Om du k\u00e4nner dig <strong>Gud kallar dig till djupare helande, frihet eller utbildning i b\u00f6nearbete<\/strong>bjuder vi in dig till <strong>uppleva Jesu Kristi f\u00f6rvandlande kraft genom Victorious Ministry Through Christ<\/strong>.<\/p>\n<\/div><\/div><\/div><\/div><\/div><\/div><\/section>","protected":false},"excerpt":{"rendered":"","protected":false},"author":1,"featured_media":0,"parent":0,"menu_order":0,"comment_status":"closed","ping_status":"closed","template":"","meta":{"om_disable_all_campaigns":false,"_monsterinsights_skip_tracking":false,"_monsterinsights_sitenote_active":false,"_monsterinsights_sitenote_note":"","_monsterinsights_sitenote_category":0,"footnotes":""},"class_list":["post-2885","page","type-page","status-publish","hentry"],"aioseo_notices":[],"_links":{"self":[{"href":"https:\/\/www.vmtc.net\/sv\/wp-json\/wp\/v2\/pages\/2885","targetHints":{"allow":["GET"]}}],"collection":[{"href":"https:\/\/www.vmtc.net\/sv\/wp-json\/wp\/v2\/pages"}],"about":[{"href":"https:\/\/www.vmtc.net\/sv\/wp-json\/wp\/v2\/types\/page"}],"author":[{"embeddable":true,"href":"https:\/\/www.vmtc.net\/sv\/wp-json\/wp\/v2\/users\/1"}],"replies":[{"embeddable":true,"href":"https:\/\/www.vmtc.net\/sv\/wp-json\/wp\/v2\/comments?post=2885"}],"version-history":[{"count":0,"href":"https:\/\/www.vmtc.net\/sv\/wp-json\/wp\/v2\/pages\/2885\/revisions"}],"wp:attachment":[{"href":"https:\/\/www.vmtc.net\/sv\/wp-json\/wp\/v2\/media?parent=2885"}],"curies":[{"name":"wp","href":"https:\/\/api.w.org\/{rel}","templated":true}]}}