{"id":2237,"date":"2025-01-31T03:47:27","date_gmt":"2025-01-31T03:47:27","guid":{"rendered":"http:\/\/lbw.8f3.mytemp.website\/?page_id=2237"},"modified":"2025-04-13T20:24:49","modified_gmt":"2025-04-13T20:24:49","slug":"vmtc-boneutropare","status":"publish","type":"page","link":"https:\/\/www.vmtc.net\/sv\/vmtc-prayer-minister\/","title":{"rendered":"B\u00f6neutroparens egenskaper"},"content":{"rendered":"<section class=\"l-section wpb_row height_custom color_primary with_img\"><div class=\"l-section-img\" role=\"img\" aria-label=\"vmtc prayer ministers\" data-img-width=\"2560\" data-img-height=\"1708\" style=\"background-image: url(https:\/\/www.vmtc.net\/wp-content\/uploads\/2025\/02\/curated-lifestyle-nSf9hpy35Yw-unsplash-scaled.jpg);\"><\/div><div class=\"l-section-overlay\" style=\"background:rgba(0,0,0,0.35)\"><\/div><div class=\"l-section-h i-cf\"><div class=\"g-cols vc_row via_grid cols_1 laptops-cols_inherit tablets-cols_inherit mobiles-cols_1 valign_top type_default stacking_default\"><div class=\"wpb_column vc_column_container us_custom_10c6fbac\"><div class=\"vc_column-inner\"><div class=\"w-separator size_medium\"><\/div><h2 class=\"w-text us_custom_83e089d9\"><span class=\"w-text-h\"><span class=\"w-text-value\">F\u00f6rb\u00f6nsmottagare<\/span><\/span><\/h2><div class=\"w-separator size_large\"><\/div><\/div><\/div><\/div><\/div><\/section><section class=\"l-section wpb_row height_auto\"><div class=\"l-section-h i-cf\"><div class=\"g-cols vc_row via_grid cols_1 laptops-cols_inherit tablets-cols_inherit mobiles-cols_1 valign_top type_default stacking_default\"><div class=\"wpb_column vc_column_container us_custom_97f97f54 has_bg_color\"><div class=\"vc_column-inner\"><div class=\"wpb_text_column us_custom_316b0327\"><div class=\"wpb_wrapper\"><h3 class=\"CjVfdc\"><span class=\"C9DxTc\">Kvaliteter hos en b\u00f6neutropare<\/span><span class=\"C9DxTc\"><\/span><\/h3>\n<\/div><\/div><\/div><\/div><\/div><\/div><\/section><section class=\"l-section wpb_row height_large\"><div class=\"l-section-h i-cf\"><div class=\"g-cols vc_row via_grid cols_1 laptops-cols_inherit tablets-cols_inherit mobiles-cols_1 valign_top type_default stacking_default\"><div class=\"wpb_column vc_column_container\"><div class=\"vc_column-inner\"><div class=\"g-cols wpb_row via_grid cols_2 laptops-cols_inherit tablets-cols_inherit mobiles-cols_1 valign_middle type_default reversed stacking_default\" style=\"--columns-gap:4vw;\"><div class=\"wpb_column vc_column_container\"><div class=\"vc_column-inner\"><div class=\"w-image has_ratio align_none\"><div class=\"w-image-h\"><div style=\"padding-bottom:100%\"><\/div><img decoding=\"async\" width=\"1024\" height=\"683\" src=\"https:\/\/www.vmtc.net\/wp-content\/uploads\/2025\/04\/group-of-people-sitting-in-circle-on-therapy-meeti-2025-03-11-04-21-51-utc-1024x683.jpg\" class=\"attachment-large size-large\" alt=\"befrielseministerium, andlig krigf\u00f6ring, b\u00f6neministerium\" loading=\"lazy\" \/><\/div><\/div><\/div><\/div><div class=\"wpb_column vc_column_container\"><div class=\"vc_column-inner\"><div class=\"wpb_text_column us_custom_d98eb4eb\"><div class=\"wpb_wrapper\"><h3 class=\"CjVfdc\"><span class=\"C9DxTc\">B\u00f6neministeriet<\/span><\/h3>\n<p class=\"zfr3Q CDt4Ke\" dir=\"ltr\"><span class=\"C9DxTc\">K\u00e4nner du en \u00f6nskan att hj\u00e4lpa andra att uppleva helande och frihet i Kristus?  Kanske har du en kallelse att bli b\u00f6nepastor!\u00a0<\/span><\/p>\n<p class=\"zfr3Q CDt4Ke\" dir=\"ltr\"><span class=\"C9DxTc\">Living Fully Schools of Prayer Ministry erbjuder en unik m\u00f6jlighet att dyka in i hj\u00e4rtat av denna tj\u00e4nst.  Du f\u00e5r utforska det kraftfulla b\u00f6nem\u00f6nstret \"Circle of God's Love\". Detta omfattande tillv\u00e4gag\u00e5ngss\u00e4tt inneh\u00e5ller viktiga element f\u00f6r transformation, inklusive:<\/span><\/p>\n<ul class=\"n8H08c UVNKR\">\n<li class=\"zfr3Q TYR86d eD0Rn\" dir=\"ltr\">\n<p class=\"zfr3Q CDt4Ke\" dir=\"ltr\" role=\"presentation\"><span class=\"C9DxTc\">F\u00f6rl\u00e5telse:<\/span><span class=\"C9DxTc\"><span>\u00a0<\/span>Frig\u00f6rande av tidigare skador och f\u00f6rbittringar f\u00f6r att bana v\u00e4g f\u00f6r l\u00e4kning.<\/span><\/p>\n<\/li>\n<li class=\"zfr3Q TYR86d eD0Rn\" dir=\"ltr\">\n<p class=\"zfr3Q CDt4Ke\" dir=\"ltr\" role=\"presentation\"><span class=\"C9DxTc\">Sk\u00e4rande band<\/span><span class=\"C9DxTc\">: Identifiera och frig\u00f6ra dig fr\u00e5n andliga hinder som begr\u00e4nsar din utveckling.<\/span><\/p>\n<\/li>\n<li class=\"zfr3Q TYR86d eD0Rn\" dir=\"ltr\">\n<p class=\"zfr3Q CDt4Ke\" dir=\"ltr\" role=\"presentation\"><span class=\"C9DxTc\">Befrielse<\/span><span class=\"C9DxTc\">: Att finna frihet fr\u00e5n yttre andliga influenser.<\/span><\/p>\n<\/li>\n<li class=\"zfr3Q TYR86d eD0Rn\" dir=\"ltr\">\n<p class=\"zfr3Q CDt4Ke\" dir=\"ltr\" role=\"presentation\"><span class=\"C9DxTc\">L\u00e4kning:<\/span><span class=\"C9DxTc\"><span>\u00a0<\/span>Upplevelse av helhet i sinne, vilja och k\u00e4nslor<\/span><\/p>\n<\/li>\n<\/ul>\n<p class=\"zfr3Q CDt4Ke\" dir=\"ltr\"><span class=\"C9DxTc\">\u00c4r du redo att svara p\u00e5 kallelsen?  Living Fully Schools of Prayer Ministry utrustar dig f\u00f6r att vara ett k\u00e4rl f\u00f6r Guds k\u00e4rlek och ge kraftfullt helande till andra.<\/span><\/p>\n<\/div><\/div><\/div><\/div><\/div><div class=\"w-separator size_small\"><\/div><div class=\"g-cols wpb_row via_grid cols_2 laptops-cols_inherit tablets-cols_inherit mobiles-cols_1 valign_middle type_default stacking_default\" style=\"--columns-gap:4vw;\"><div class=\"wpb_column vc_column_container\"><div class=\"vc_column-inner\"><div class=\"wpb_text_column us_custom_b818dcba\"><div class=\"wpb_wrapper\"><h3 class=\"CjVfdc\"><span class=\"jgG6ef C9DxTc\">\u00c4r b\u00f6neutdelning r\u00e4tt f\u00f6r dig?<\/span><\/h3>\n<div class=\"CjVfdc\"><strong><span class=\"C9DxTc\">F\u00f6rankrad i tro<\/span><\/strong><\/div>\n<ul class=\"n8H08c UVNKR\">\n<li class=\"zfr3Q TYR86d eD0Rn\" dir=\"ltr\">\n<p class=\"zfr3Q CDt4Ke\" dir=\"ltr\" role=\"presentation\"><span class=\"C9DxTc\">Kristuscentrerat fokus:<\/span><span class=\"C9DxTc\">\u00a0 En djup och best\u00e5ende k\u00e4rlek till Jesus Kristus styr dina handlingar och din motivation.<\/span><\/p>\n<\/li>\n<li class=\"zfr3Q TYR86d eD0Rn\" dir=\"ltr\">\n<p class=\"zfr3Q CDt4Ke\" dir=\"ltr\" role=\"presentation\"><span class=\"C9DxTc\">Urskiljningsf\u00f6rm\u00e5ga och k\u00e4nslighet:<span>\u00a0<\/span><\/span><span class=\"C9DxTc\"> Du har f\u00f6rm\u00e5gan att k\u00e4nna igen den Helige Andes v\u00e4gledning och agera d\u00e4refter. <\/span><\/p>\n<\/li>\n<\/ul>\n<div class=\"CjVfdc\"><strong><span class=\"C9DxTc\">Villig att l\u00e4ra sig<\/span><\/strong><\/div>\n<ul class=\"n8H08c UVNKR\">\n<li class=\"zfr3Q TYR86d eD0Rn\" dir=\"ltr\">\n<p class=\"zfr3Q CDt4Ke\" dir=\"ltr\" role=\"presentation\"><span class=\"C9DxTc\">Dedikerad b\u00f6neutdelare:<\/span><span class=\"C9DxTc\"><span>\u00a0<\/span>Du \u00e4r engagerad i kontinuerlig personlig b\u00f6n och s\u00f6ker aktivt efter m\u00f6jligheter att v\u00e4xa inom detta omr\u00e5de.\u00a0<\/span><\/p>\n<\/li>\n<li class=\"zfr3Q TYR86d eD0Rn\" dir=\"ltr\">\n<p class=\"zfr3Q CDt4Ke\" dir=\"ltr\" role=\"presentation\"><span class=\"C9DxTc\">Livsl\u00e5ng inl\u00e4rare:<\/span><span class=\"C9DxTc\"><span>\u00a0<\/span><\/span><span class=\"C9DxTc\">Du gillar kontinuerligt l\u00e4rande och \u00e4r angel\u00e4gen om att ut\u00f6ka dina kunskaper och f\u00e4rdigheter.<\/span><\/p>\n<\/li>\n<\/ul>\n<div class=\"CjVfdc\"><strong><span class=\"C9DxTc\">Tj\u00e4nare i sj\u00e4l och hj\u00e4rta<\/span><\/strong><\/div>\n<ul class=\"n8H08c UVNKR\">\n<li class=\"zfr3Q TYR86d eD0Rn\" dir=\"ltr\">\n<p class=\"zfr3Q CDt4Ke\" dir=\"ltr\" role=\"presentation\"><span class=\"C9DxTc\">Dela med dig av visionen:<\/span><span class=\"C9DxTc\"><span>\u00a0<\/span>Du delar<span>\u00a0<\/span><\/span><span class=\"C9DxTc\">VMTC:s vision<\/span><span class=\"C9DxTc\">, i linje med de principer som beskrivs i Lukas 4:18-19 (att komma med goda nyheter till de fattiga, att f\u00f6rkunna befrielse f\u00f6r de f\u00e5ngna<\/span><span class=\"C9DxTc\">,<\/span><span class=\"C9DxTc\"><span>\u00a0<\/span>\u00e5terge synen \u00e5t de blinda och befria de f\u00f6rtryckta).<\/span><\/p>\n<\/li>\n<li class=\"zfr3Q TYR86d eD0Rn\" dir=\"ltr\">\n<p class=\"zfr3Q CDt4Ke\" dir=\"ltr\" role=\"presentation\"><span class=\"C9DxTc\">Attityd som tj\u00e4nare:<\/span><span class=\"C9DxTc\"><span>\u00a0<\/span>Du n\u00e4rmar dig arbetet med \u00f6dmjukhet och en genuin \u00f6nskan att tj\u00e4na andra. <\/span><\/p>\n<\/li>\n<\/ul>\n<div class=\"CjVfdc\"><strong><span class=\"C9DxTc\">Samarbete<\/span><span class=\"C9DxTc\">\u00a0<\/span><\/strong><\/div>\n<ul class=\"n8H08c UVNKR\">\n<li class=\"zfr3Q TYR86d eD0Rn\" dir=\"ltr\">\n<p class=\"zfr3Q CDt4Ke\" dir=\"ltr\" role=\"presentation\"><span class=\"C9DxTc\">Stark social kompetens:\u00a0<span>\u00a0<\/span><\/span><span class=\"C9DxTc\">Du har god kommunikations- och samarbetsf\u00f6rm\u00e5ga och skapar positiva kontakter med dem du arbetar med.<\/span><\/p>\n<\/li>\n<li class=\"zfr3Q TYR86d eD0Rn\" dir=\"ltr\">\n<p class=\"zfr3Q CDt4Ke\" dir=\"ltr\" role=\"presentation\"><span class=\"C9DxTc\">Underkastelse till ledarskap:\u00a0<span>\u00a0<\/span><\/span><span class=\"C9DxTc\">Du v\u00e4rdes\u00e4tter och respekterar<\/span><span class=\"C9DxTc\"><span>\u00a0<\/span><\/span><span class=\"C9DxTc\">ledarskap och \u00e4r engagerade i att arbeta tillsammans inom ministeriets struktur.<\/span><\/p>\n<\/li>\n<\/ul>\n<div class=\"CjVfdc\"><span class=\"C9DxTc\"><strong>\u00c5tagande<\/strong>\u00a0<\/span><\/div>\n<ul class=\"n8H08c UVNKR\">\n<li class=\"zfr3Q TYR86d eD0Rn\" dir=\"ltr\">\n<p class=\"zfr3Q CDt4Ke\" dir=\"ltr\" role=\"presentation\"><span class=\"C9DxTc\">Utveckling tar tid:<\/span><span class=\"C9DxTc\"><span>\u00a0<\/span><\/span><span class=\"C9DxTc\">F\u00f6r att bli en ledande b\u00f6neutropare kr\u00e4vs vanligtvis<span>\u00a0<\/span><\/span><span class=\"C9DxTc\">deltagande<\/span><span class=\"C9DxTc\"><span>\u00a0<\/span>flera Living Fully<span>\u00a0<\/span><\/span><span class=\"C9DxTc\">S<\/span><span class=\"C9DxTc\">skolor i<span>\u00a0<\/span><\/span><span class=\"C9DxTc\">P<\/span><span class=\"C9DxTc\">rayer<span>\u00a0<\/span><\/span><span class=\"C9DxTc\">M<\/span><span class=\"C9DxTc\">inistry. <\/span><span class=\"C9DxTc\">VMTC<\/span><span class=\"C9DxTc\"><span>\u00a0<\/span>\u00e4r fast beslutna att investera i din utveckling och utrusta dig f\u00f6r denna viktiga roll i ministeriet.<\/span><\/p>\n<\/li>\n<\/ul>\n<\/div><\/div><\/div><\/div><div class=\"wpb_column vc_column_container\"><div class=\"vc_column-inner\"><div class=\"w-image has_ratio align_none\"><div class=\"w-image-h\"><div style=\"padding-bottom:100%\"><\/div><img decoding=\"async\" width=\"1024\" height=\"683\" src=\"https:\/\/www.vmtc.net\/wp-content\/uploads\/2025\/04\/diverse-people-in-a-support-group-session-2025-02-10-10-06-47-utc-1024x683.jpg\" class=\"attachment-large size-large\" alt=\"vmtc enhet helig ande bly\" loading=\"lazy\" \/><\/div><\/div><\/div><\/div><\/div><div class=\"w-separator size_small\"><\/div><\/div><\/div><\/div><\/div><\/section><section class=\"l-section wpb_row us_custom_10ed3c95 height_auto\"><div class=\"l-section-h i-cf\"><div class=\"g-cols vc_row via_grid cols_custom laptops-cols_inherit tablets-cols_inherit mobiles-cols_1 valign_middle type_default reversed stacking_default\"><\/div><\/div><\/section><div class=\"wpb_column vc_column_container\"><div class=\"vc_column-inner\"><div class=\"g-cols wpb_row via_grid cols_2 laptops-cols_inherit tablets-cols_inherit mobiles-cols_1 valign_middle type_default reversed stacking_default\" style=\"--columns-gap:0rem;\"><div class=\"wpb_column vc_column_container us_custom_b4843623 has_bg_color\"><div class=\"vc_column-inner\"><h4 class=\"w-text us_custom_6745946f has_text_color\"><span class=\"w-text-h\"><span class=\"w-text-value\">H\u00c4R F\u00d6R ATT HJ\u00c4LPA<\/span><\/span><\/h4><h2 class=\"w-text\"><span class=\"w-text-h\"><span class=\"w-text-value\">Har du n\u00e5gra fr\u00e5gor?<\/span><\/span><\/h2><div class=\"wpb_text_column us_custom_59aee68e\"><div class=\"wpb_wrapper\"><p>L\u00e4r dig f\u00e4rdigheter i b\u00f6nearbete som \u00e4r skriftbaserade, disciplinerade, ledda av den Helige Ande och till\u00e4mpar Jesu l\u00f6ften till skadade m\u00e4nniskor. Personlig utbildning tillhandah\u00e5lls s\u00e5 att du kan se andra bli befriade.<\/p>\n<\/div><\/div><div class=\"w-separator size_custom\" style=\"height:40px\"><\/div><div class=\"w-btn-wrapper align_none\"><a class=\"w-btn us-btn-style_2\" href=\"\/sv\/contact\/\"><span class=\"w-btn-label\">Kontakta oss<\/span><\/a><\/div><\/div><\/div><div class=\"wpb_column vc_column_container us_custom_02cf6073 has_bg_color\"><div class=\"vc_column-inner\"><\/div><\/div><\/div><\/div><\/div>","protected":false},"excerpt":{"rendered":"","protected":false},"author":1,"featured_media":0,"parent":0,"menu_order":0,"comment_status":"closed","ping_status":"closed","template":"","meta":{"om_disable_all_campaigns":false,"_monsterinsights_skip_tracking":false,"_monsterinsights_sitenote_active":false,"_monsterinsights_sitenote_note":"","_monsterinsights_sitenote_category":0,"footnotes":""},"class_list":["post-2237","page","type-page","status-publish","hentry"],"aioseo_notices":[],"_links":{"self":[{"href":"https:\/\/www.vmtc.net\/sv\/wp-json\/wp\/v2\/pages\/2237","targetHints":{"allow":["GET"]}}],"collection":[{"href":"https:\/\/www.vmtc.net\/sv\/wp-json\/wp\/v2\/pages"}],"about":[{"href":"https:\/\/www.vmtc.net\/sv\/wp-json\/wp\/v2\/types\/page"}],"author":[{"embeddable":true,"href":"https:\/\/www.vmtc.net\/sv\/wp-json\/wp\/v2\/users\/1"}],"replies":[{"embeddable":true,"href":"https:\/\/www.vmtc.net\/sv\/wp-json\/wp\/v2\/comments?post=2237"}],"version-history":[{"count":0,"href":"https:\/\/www.vmtc.net\/sv\/wp-json\/wp\/v2\/pages\/2237\/revisions"}],"wp:attachment":[{"href":"https:\/\/www.vmtc.net\/sv\/wp-json\/wp\/v2\/media?parent=2237"}],"curies":[{"name":"wp","href":"https:\/\/api.w.org\/{rel}","templated":true}]}}