{"id":1859,"date":"2025-03-21T03:57:19","date_gmt":"2025-03-21T03:57:19","guid":{"rendered":"https:\/\/vmtc.us\/?page_id=1859"},"modified":"2025-03-21T03:59:04","modified_gmt":"2025-03-21T03:59:04","slug":"vmtc_stiftelse","status":"publish","type":"page","link":"https:\/\/www.vmtc.net\/sv\/vmtc_foundation\/","title":{"rendered":"Den tidiga grunden"},"content":{"rendered":"<section class=\"l-section wpb_row us_custom_cf3d7369 height_auto\"><div class=\"l-section-h i-cf\"><div class=\"g-cols vc_row via_grid cols_2-3 laptops-cols_2 tablets-cols_1 mobiles-cols_1 valign_top type_default stacking_default\"><div class=\"wpb_column vc_column_container type_sticky\"><div class=\"vc_column-inner\"><div class=\"w-separator size_large\"><\/div><h2 class=\"w-text\"><span class=\"w-text-h\"><span class=\"w-text-value\">Fru Anne S. White <\/span><\/span><\/h2><h2 class=\"w-text\"><span class=\"w-text-h\"><span class=\"w-text-value\"> Den tidiga visionen<\/span><\/span><\/h2><div class=\"w-separator us_custom_9127616d size_large\"><\/div><\/div><\/div><div class=\"wpb_column vc_column_container us_custom_8c172a66 has_bg_color stretched\"><div class=\"vc_column-inner\"><div class=\"wpb_text_column us_custom_c646a5e5\"><div class=\"wpb_wrapper\"><h3 data-start=\"149\" data-end=\"209\">Ursprunget till Victorious Ministry Through Christ (VMTC)<\/h3>\n<p data-start=\"149\" data-end=\"209\">Victorious Ministry Through Christ (VMTC) grundades av Anne S. White fr\u00e5n Florida, en av pionj\u00e4rerna inom den karismatiska r\u00f6relsen under efterkrigstiden. N\u00e4r hon var ensam i en fartygshytt upplevde hon den Helige Andes dop - ett kraftfullt m\u00f6te som kom vid en tidpunkt d\u00e5 det fanns f\u00e5 eller inga moderna l\u00e4ror i \u00e4mnet.<\/p>\n<p data-start=\"149\" data-end=\"209\">Denna livsf\u00f6r\u00e4ndrande upplevelse blev startskottet f\u00f6r en global verksamhet. Under 1950-, 60- och 70-talen framtr\u00e4dde fru White som en framst\u00e5ende internationell evangelist och f\u00f6rkunnade ett budskap om andlig f\u00f6rnyelse, befrielse och ett segerrikt liv genom Kristus.<\/p>\n<p data-start=\"149\" data-end=\"209\">Hennes gudagivna vision blev grunden f\u00f6r VMTC, en verksamhet som forts\u00e4tter att utbilda, utrusta och st\u00e4rka troende runt om i v\u00e4rlden genom den heliga Andens f\u00f6rvandlande kraft.<\/p>\n<\/div><\/div><\/div><\/div><\/div><\/div><\/section><section class=\"l-section wpb_row us_custom_cf3d7369 height_auto\"><div class=\"l-section-h i-cf\"><div class=\"g-cols vc_row via_grid cols_2-3 laptops-cols_2 tablets-cols_1 mobiles-cols_1 valign_top type_default stacking_default\"><div class=\"wpb_column vc_column_container type_sticky\"><div class=\"vc_column-inner\"><div class=\"w-separator size_large\"><\/div><h2 class=\"w-text\"><span class=\"w-text-h\"><span class=\"w-text-value\">Grunden f\u00f6r VMTC <\/span><\/span><\/h2><h2 class=\"w-text\"><span class=\"w-text-h\"><span class=\"w-text-value\"> Anne S. Whites l\u00e4kningsresa<\/span><\/span><\/h2><div class=\"w-separator us_custom_9127616d size_large\"><\/div><\/div><\/div><div class=\"wpb_column vc_column_container us_custom_8c172a66 has_bg_color stretched\"><div class=\"vc_column-inner\"><div class=\"wpb_text_column us_custom_c646a5e5\"><div class=\"wpb_wrapper\"><h3>Str\u00e4van efter varaktig seger<\/h3>\n<p>L\u00e5ngt innan Victorious Ministry Through Christ (VMTC) bildades observerade Anne S. White en \u00e5terkommande lucka i det kristna arbetet. Trots att m\u00e5nga troende fick b\u00f6n och r\u00e5dgivning fortsatte de att k\u00e4mpa med samma problem och kunde inte vandra i varaktig frihet och seger genom Kristus.<\/p>\n<p>\u00c5r 1948 intr\u00e4ffade ett avg\u00f6rande \u00f6gonblick som f\u00f6r\u00e4ndrade allt. Som ung mor med begr\u00e4nsad tid f\u00f6r andliga syssels\u00e4ttningar hade fru White ett djupt m\u00f6te med Gud som f\u00f6r alltid skulle f\u00f6r\u00e4ndra hennes liv. Denna omv\u00e4lvande upplevelse blev h\u00f6rnstenen i det som s\u00e5 sm\u00e5ningom skulle utvecklas till VMTC:s b\u00f6neverksamhet.<\/p>\n<\/div><\/div><\/div><\/div><\/div><\/div><\/section><section class=\"l-section wpb_row us_custom_24941e40 height_auto\"><div class=\"l-section-h i-cf\"><div class=\"g-cols vc_row via_grid cols_2-3 laptops-cols_2 tablets-cols_1 mobiles-cols_1 valign_top type_default stacking_default\"><div class=\"wpb_column vc_column_container type_sticky\"><div class=\"vc_column-inner\"><div class=\"w-separator size_large\"><\/div><h2 class=\"w-text\"><span class=\"w-text-h\"><span class=\"w-text-value\">Ett avg\u00f6rande \u00f6gonblick<\/span><\/span><\/h2><h2 class=\"w-text\"><span class=\"w-text-h\"><span class=\"w-text-value\">L\u00e4kning genom f\u00f6rl\u00e5telse<\/span><\/span><\/h2><div class=\"w-separator us_custom_9127616d size_large\"><\/div><\/div><\/div><div class=\"wpb_column vc_column_container us_custom_8c172a66 has_bg_color stretched\"><div class=\"vc_column-inner\"><div class=\"wpb_text_column us_custom_c646a5e5\"><div class=\"wpb_wrapper\"><h3 data-start=\"843\" data-end=\"918\">Mrs White \u00e5terber\u00e4ttade detta \u00f6gonblick i sin bok fr\u00e5n 1969, Healing Adventure:<\/h3>\n<blockquote data-start=\"920\" data-end=\"2133\">\n<p data-start=\"922\" data-end=\"1137\"><em data-start=\"922\" data-end=\"1135\">\"Under tre l\u00e5nga \u00e5r hade v\u00e5r fem\u00e5rige son lidit av fruktansv\u00e4rda astmaanfall... inte ens en klimatf\u00f6r\u00e4ndring gav n\u00e5gon lindring. Under de v\u00e4rsta perioderna var han tvungen att f\u00e5 adrenalinsprutor f\u00f6r att f\u00e5 hj\u00e4lp att andas.<\/em><\/p>\n<p data-start=\"1144\" data-end=\"1485\"><em data-start=\"1144\" data-end=\"1483\">En natt, efter att ha l\u00e4st en tidning om nyligen genomf\u00f6rda helanden, k\u00e4nde jag hur min f\u00f6rlorade barndomstro \u00e5terv\u00e4nde. Klockan 2 p\u00e5 natten gick jag f\u00f6r att titta till min son, men det var f\u00f6r tidigt f\u00f6r mer medicin. I min desperation t\u00e4nkte jag: \"Det finns inget jag kan g\u00f6ra. I det \u00f6gonblicket h\u00f6rde jag en stilla liten r\u00f6st s\u00e4ga: \"Jo, det finns det. Du kan g\u00e5 ner p\u00e5 kn\u00e4 och be.<\/em><\/p>\n<p data-start=\"1492\" data-end=\"1745\"><em data-start=\"1492\" data-end=\"1743\">Sedan fortsatte r\u00f6sten: \"Det \u00e4r inte min vilja att ett oskyldigt barn skall lida. Det \u00e4r din bittra f\u00f6rbittring - du m\u00e5ste f\u00f6rl\u00e5ta den h\u00e4r personen. I det \u00f6gonblicket uppenbarade Gud att min bitterhet mot min sv\u00e4rmor hade blivit en andlig barri\u00e4r.<\/em><\/p>\n<p data-start=\"1752\" data-end=\"1955\"><em data-start=\"1752\" data-end=\"1953\">Genom Guds n\u00e5d sa jag: \"Jag f\u00f6rl\u00e5ter henne, Herre\" - och till min stora f\u00f6rv\u00e5ning menade jag det verkligen! Sedan talade r\u00f6sten igen: \"Om du verkligen har tro, kommer du att tacka mig innan du ser resultatet.<\/em><\/p>\n<p data-start=\"1962\" data-end=\"2133\"><em data-start=\"1962\" data-end=\"2131\">I ett \u00f6gonblick av fantastisk n\u00e5d viskade jag: 'Tack, Herre.' I det \u00f6gonblicket tog min son ett djupt, lugnt andetag - han fick aldrig mer n\u00e5got astmaanfall.\"<\/em><\/p>\n<\/blockquote>\n<p data-start=\"2135\" data-end=\"2408\">Detta mirakul\u00f6sa helande f\u00f6r\u00e4ndrade radikalt fru Whites f\u00f6rh\u00e5llande till Gud, hennes familj och andra. Det ledde henne in p\u00e5 en livsl\u00e5ng resa av gudomligt helande, d\u00e4r hon befriade m\u00e4nniskor fr\u00e5n andlig tr\u00e4ldom genom b\u00f6n, f\u00f6rl\u00e5telse och den Helige Andes kraft.<\/p>\n<\/div><\/div><\/div><\/div><\/div><\/div><\/section><section class=\"l-section wpb_row us_custom_cf3d7369 height_auto\"><div class=\"l-section-h i-cf\"><div class=\"g-cols vc_row via_grid cols_2-3 laptops-cols_2 tablets-cols_1 mobiles-cols_1 valign_top type_default stacking_default\"><div class=\"wpb_column vc_column_container us_custom_24941e40 has_bg_color type_sticky\"><div class=\"vc_column-inner\"><div class=\"w-separator size_large\"><\/div><h2 class=\"w-text\"><span class=\"w-text-h\"><span class=\"w-text-value\">F\u00f6delsen av en livsl\u00e5ng tj\u00e4nst<\/span><\/span><\/h2><h2 class=\"w-text\"><span class=\"w-text-h\"><span class=\"w-text-value\"> <\/span><\/span><\/h2><div class=\"w-separator us_custom_3da2c7db size_large\"><\/div><\/div><\/div><div class=\"wpb_column vc_column_container us_custom_8c172a66 has_bg_color stretched\"><div class=\"vc_column-inner\"><div class=\"wpb_text_column us_custom_c646a5e5\"><div class=\"wpb_wrapper\"><h3 data-start=\"2457\" data-end=\"2771\">Fr\u00e5n den dagen och fram\u00e5t<\/h3>\n<p data-start=\"2457\" data-end=\"2771\">Anne S. White \u00e4gnade sitt liv \u00e5t att dela med sig av Jesu f\u00f6rsonande k\u00e4rlek till dem som var skadade av synd, fyllda av hat eller f\u00e5ngade i r\u00e4dsla och sj\u00e4lv\u00f6mkan. Hennes kallelse blev en livsl\u00e5ng f\u00f6rdjupning i gudomligt helande - en tj\u00e4nst som fortsatte fram till hennes bortg\u00e5ng i januari 2000.<\/p>\n<p data-start=\"2773\" data-end=\"3116\">Mrs White l\u00e4mnade efter sig ett v\u00e4rdefullt andligt arv genom sina \u00e5tta b\u00f6cker, som publicerades mellan 1969 och 1998, varav den sista, Winning Victory, \u00e4r det n\u00e4rmaste man kan komma en sj\u00e4lvbiografi. Dessa b\u00f6cker, fyllda med l\u00e4ror, vittnesb\u00f6rd, andakter och profetior, finns fortfarande i tryck idag och forts\u00e4tter att p\u00e5verka liv \u00f6ver hela v\u00e4rlden.<\/p>\n<\/div><\/div><\/div><\/div><\/div><\/div><\/section><section class=\"l-section wpb_row us_custom_c70c97eb height_custom\"><div class=\"l-section-h i-cf\"><div class=\"g-cols vc_row via_grid cols_1 laptops-cols_inherit tablets-cols_inherit mobiles-cols_1 valign_top type_default stacking_default\"><div class=\"wpb_column vc_column_container us_custom_f45df7e2 has_bg_color\"><div class=\"vc_column-inner\"><div class=\"g-cols wpb_row via_grid cols_3-2 laptops-cols_2 tablets-cols_inherit mobiles-cols_1 valign_top type_default stacking_default\" style=\"--columns-gap:4vw;\"><div class=\"wpb_column vc_column_container\"><div class=\"vc_column-inner\"><h2 class=\"w-text\"><span class=\"w-text-h\"><span class=\"w-text-value\">Anm\u00e4l dig till skolan den 6 september<\/span><\/span><\/h2><\/div><\/div><div class=\"wpb_column vc_column_container\"><div class=\"vc_column-inner\"><div class=\"wpb_text_column\"><div class=\"wpb_wrapper\"><p><span>Utbildningen b\u00f6rjar den 6 september 2025 och slutar den 9 oktober 2024. Utbildningen kommer att h\u00e5llas i Lighthouse Church 1090 California Street, Redding CA 96003 kl. 18.00.\u00a0<\/span><\/p>\n<\/div><\/div><div class=\"w-separator size_medium\"><\/div><div class=\"w-btn-wrapper align_justify\"><a class=\"w-btn us-btn-style_1\" href=\"\/sv\/boot-camp-registration\/\"><span class=\"w-btn-label\">Registrera dig idag<\/span><\/a><\/div><\/div><\/div><\/div><\/div><\/div><\/div><\/div><\/section>","protected":false},"excerpt":{"rendered":"","protected":false},"author":1,"featured_media":0,"parent":0,"menu_order":0,"comment_status":"closed","ping_status":"closed","template":"","meta":{"om_disable_all_campaigns":false,"_monsterinsights_skip_tracking":false,"_monsterinsights_sitenote_active":false,"_monsterinsights_sitenote_note":"","_monsterinsights_sitenote_category":0,"footnotes":""},"class_list":["post-1859","page","type-page","status-publish","hentry"],"aioseo_notices":[],"_links":{"self":[{"href":"https:\/\/www.vmtc.net\/sv\/wp-json\/wp\/v2\/pages\/1859","targetHints":{"allow":["GET"]}}],"collection":[{"href":"https:\/\/www.vmtc.net\/sv\/wp-json\/wp\/v2\/pages"}],"about":[{"href":"https:\/\/www.vmtc.net\/sv\/wp-json\/wp\/v2\/types\/page"}],"author":[{"embeddable":true,"href":"https:\/\/www.vmtc.net\/sv\/wp-json\/wp\/v2\/users\/1"}],"replies":[{"embeddable":true,"href":"https:\/\/www.vmtc.net\/sv\/wp-json\/wp\/v2\/comments?post=1859"}],"version-history":[{"count":0,"href":"https:\/\/www.vmtc.net\/sv\/wp-json\/wp\/v2\/pages\/1859\/revisions"}],"wp:attachment":[{"href":"https:\/\/www.vmtc.net\/sv\/wp-json\/wp\/v2\/media?parent=1859"}],"curies":[{"name":"wp","href":"https:\/\/api.w.org\/{rel}","templated":true}]}}