{"id":1672,"date":"2024-08-17T21:50:19","date_gmt":"2024-08-17T21:50:19","guid":{"rendered":"https:\/\/vmtc.us\/?page_id=1672"},"modified":"2025-04-13T20:40:59","modified_gmt":"2025-04-13T20:40:59","slug":"bon_och_frihet","status":"publish","type":"page","link":"https:\/\/www.vmtc.net\/sv\/prayer_and_freedom\/","title":{"rendered":"B\u00f6n"},"content":{"rendered":"<section class=\"l-section wpb_row height_custom color_primary with_img\"><div class=\"l-section-img\" role=\"img\" aria-label=\"VMTC Segerrikt ministerium genom Kristus\" data-img-width=\"2560\" data-img-height=\"1707\" style=\"background-image: url(https:\/\/www.vmtc.net\/wp-content\/uploads\/2025\/04\/friends-huddling-in-art-class-2025-04-05-02-54-48-utc-1-1-scaled.jpg);background-position: top center;\"><\/div><div class=\"l-section-overlay\" style=\"background:rgba(26,26,26,0.25)\"><\/div><div class=\"l-section-h i-cf\"><div class=\"g-cols vc_row via_grid cols_1 laptops-cols_inherit tablets-cols_inherit mobiles-cols_1 valign_top type_default stacking_default\"><div class=\"wpb_column vc_column_container us_custom_a2aeb65f\"><div class=\"vc_column-inner\"><div class=\"w-separator size_medium\"><\/div><h2 class=\"w-text us_custom_eb849559\"><span class=\"w-text-h\"><span class=\"w-text-value\">Resurser f\u00f6r b\u00f6n<\/span><\/span><\/h2><\/div><\/div><\/div><\/div><\/section><section class=\"l-section wpb_row height_custom\"><div class=\"l-section-h i-cf\"><div class=\"g-cols vc_row via_grid cols_2 laptops-cols_inherit tablets-cols_1 mobiles-cols_1 valign_middle type_default reversed stacking_default\" style=\"--columns-gap:0rem;\"><div class=\"wpb_column vc_column_container us_custom_8a2a463d\"><div class=\"vc_column-inner\"><div class=\"wpb_text_column us_custom_3fdaf282\"><div class=\"wpb_wrapper\"><h3 style=\"text-align: center;\"><strong>B\u00f6nens kraft p\u00e5 Victorious Ministry Through Christ<\/strong><\/h3>\n<p>B\u00f6nen \u00e4r v\u00e5r direkta f\u00f6rbindelse med Gud - en tid d\u00e5 vi kan lyssna, tala, s\u00f6ka visdom och f\u00e5 helande. Det \u00e4r genom b\u00f6nen som vi ropar ut \u00e5 andras v\u00e4gnar och upplever tryggheten i att veta att Gud h\u00f6r och svarar.<\/p>\n<p>P\u00e5 VMTC tror vi p\u00e5 b\u00f6nens kraft och erbjuder flera m\u00f6jligheter f\u00f6r dig att f\u00e5 personlig hj\u00e4lp eller f\u00f6rb\u00f6n f\u00f6r andra:<\/p>\n<ul>\n<li>B\u00f6n efter gudstj\u00e4nsten - Efter varje helggudstj\u00e4nst p\u00e5 Lighthouse Redding finns v\u00e5rt b\u00f6neteam tillg\u00e4ngligt p\u00e5 trappan f\u00f6r att be med dig.<\/li>\n<li>Veckovisa b\u00f6nem\u00f6ten - Boka en s\u00e4rskild b\u00f6nestund med utbildade pastorer f\u00f6r personlig uppmuntran, genombrott och helande.<\/li>\n<li>Gemensamma b\u00f6nesamlingar - Delta i l\u00e4ngre gemensamma b\u00f6nesamlingar med f\u00f6rb\u00f6n och andlig krigf\u00f6ring under hela \u00e5ret.<\/li>\n<li>F\u00f6rb\u00f6nstj\u00e4nst vid evenemang - Efter varje schemalagt Lighthouse Redding-evenemang \u00e4r v\u00e5rt team tillg\u00e4ngligt l\u00e4ngst fram i rummet f\u00f6r alla som beh\u00f6ver b\u00f6n.<\/li>\n<li>\"Prayer Session\"-m\u00f6ten - Upplev en djupg\u00e5ende, personlig b\u00f6nesession p\u00e5 en timme som leds av ett litet team av utbildade pr\u00e4ster med fokus p\u00e5 djupt helande och andlig f\u00f6rnyelse.<\/li>\n<\/ul>\n<p>\"En r\u00e4ttf\u00e4rdig m\u00e4nniskas b\u00f6n \u00e4r kraftfull och effektiv.\" - Jakob 5:16<\/p>\n<p>Oavsett om du beh\u00f6ver genombrott, helande eller uppmuntran inbjuder vi dig att ta steget in i b\u00f6nens kraft och uppleva Guds n\u00e4rvaro p\u00e5 ett nytt s\u00e4tt.<\/p>\n<\/div><\/div><\/div><\/div><div class=\"wpb_column vc_column_container\"><div class=\"vc_column-inner\"><div class=\"w-image us_custom_447bff20 align_none\"><div class=\"w-image-h\"><img decoding=\"async\" width=\"1707\" height=\"2560\" src=\"https:\/\/www.vmtc.net\/wp-content\/uploads\/2025\/02\/daiga-ellaby-xZhdKYZkO3w-unsplash-scaled.jpg\" class=\"attachment-full size-full\" alt=\"b\u00f6neteam online beg\u00e4ran om b\u00f6n\" loading=\"lazy\" srcset=\"https:\/\/www.vmtc.net\/wp-content\/uploads\/2025\/02\/daiga-ellaby-xZhdKYZkO3w-unsplash-scaled.jpg 1707w, https:\/\/www.vmtc.net\/wp-content\/uploads\/2025\/02\/daiga-ellaby-xZhdKYZkO3w-unsplash-200x300.jpg 200w, https:\/\/www.vmtc.net\/wp-content\/uploads\/2025\/02\/daiga-ellaby-xZhdKYZkO3w-unsplash-683x1024.jpg 683w, https:\/\/www.vmtc.net\/wp-content\/uploads\/2025\/02\/daiga-ellaby-xZhdKYZkO3w-unsplash-600x900.jpg 600w\" sizes=\"auto, (max-width: 1707px) 100vw, 1707px\" \/><\/div><\/div><\/div><\/div><\/div><\/div><\/section><section class=\"l-section wpb_row height_custom\"><div class=\"l-section-h i-cf\"><div class=\"g-cols vc_row via_grid cols_1 laptops-cols_inherit tablets-cols_2 mobiles-cols_1 valign_top type_default stacking_default\" style=\"--columns-gap:30px;\"><div class=\"wpb_column vc_column_container\"><div class=\"vc_column-inner\"><div class=\"wpb_text_column\"><div class=\"wpb_wrapper\"><h2 class=\"fl-heading\" style=\"text-align: center;\"><span class=\"fl-heading-text\">\u00a0M\u00f6jligheter till b\u00f6neverksamhet<\/span><\/h2>\n<\/div><\/div><div class=\"w-separator size_large\"><\/div><div class=\"g-cols wpb_row via_grid cols_3 laptops-cols_inherit tablets-cols_inherit mobiles-cols_1 valign_top type_default stacking_default\" style=\"--columns-gap:2rem;\"><div class=\"wpb_column vc_column_container us_custom_cd895498\"><div class=\"vc_column-inner\"><div class=\"w-text us_custom_f81a1754 has_text_color\"><span class=\"w-text-h\"><span class=\"w-text-value\">F\u00e5 b\u00f6n<\/span><\/span><\/div><div class=\"wpb_text_column\"><div class=\"wpb_wrapper\"><h3>B\u00f6nerum<\/h3>\n<p><span>Enskilda personer och team finns tillg\u00e4ngliga f\u00f6r att be f\u00f6r dig och de behov som finns i ditt liv.<\/span><\/p>\n<\/div><\/div><div class=\"w-separator size_small\"><\/div><div class=\"w-btn-wrapper align_none\"><a class=\"w-btn us-btn-style_1\" href=\"\/sv\/formular-for-begaran-om-bonesession-datum\/\"><span class=\"w-btn-label\">Be om b\u00f6n<\/span><\/a><\/div><\/div><\/div><div class=\"wpb_column vc_column_container us_custom_cd895498\"><div class=\"vc_column-inner\"><div class=\"w-text us_custom_f81a1754 has_text_color\"><span class=\"w-text-h\"><span class=\"w-text-value\"> F\u00f6rb\u00f6n<\/span><\/span><\/div><div class=\"wpb_text_column\"><div class=\"wpb_wrapper\"><h3>B\u00f6negrupper<\/h3>\n<p><span>Dela med dig av dina behov till oss, s\u00e5 kommer b\u00f6neteamet att hj\u00e4lpa dig under hela veckan.<\/span><\/p>\n<\/div><\/div><div class=\"w-separator size_small\"><\/div><div class=\"w-btn-wrapper align_none\"><a class=\"w-btn us-btn-style_1\" href=\"\/sv\/prayer-request-form\/\"><span class=\"w-btn-label\">Be om b\u00f6n<\/span><\/a><\/div><\/div><\/div><div class=\"wpb_column vc_column_container us_custom_cd895498\"><div class=\"vc_column-inner\"><div class=\"w-text us_custom_f81a1754 has_text_color\"><span class=\"w-text-h\"><span class=\"w-text-value\">G\u00f6r dig fri<\/span><\/span><\/div><div class=\"wpb_text_column\"><div class=\"wpb_wrapper\"><h3 class=\"fl-heading\">B\u00f6nesession<\/h3>\n<p><span>Hitta frihet fr\u00e5n ih\u00e5llande andligt f\u00f6rtryck i ditt liv.<\/span><\/p>\n<\/div><\/div><div class=\"w-separator size_small\"><\/div><div class=\"w-btn-wrapper align_none\"><a class=\"w-btn us-btn-style_1\" href=\"\/sv\/deliverance_intake_form\/\"><span class=\"w-btn-label\">Beg\u00e4r en session<\/span><\/a><\/div><\/div><\/div><\/div><\/div><\/div><\/div><\/div><\/section><section class=\"l-section wpb_row us_custom_1a4ccfc7 height_auto\"><div class=\"l-section-h i-cf\"><div class=\"g-cols vc_row via_grid cols_1 laptops-cols_inherit tablets-cols_inherit mobiles-cols_1 valign_middle type_default reversed stacking_default\"><div class=\"wpb_column vc_column_container\"><div class=\"vc_column-inner\"><div class=\"g-cols wpb_row us_custom_f8d90600 via_grid cols_2 laptops-cols_inherit tablets-cols_inherit mobiles-cols_1 valign_middle type_default reversed stacking_default\" style=\"--columns-gap:0rem;\"><div class=\"wpb_column vc_column_container us_custom_0e1fc3dd has_bg_color\"><div class=\"vc_column-inner\"><h4 class=\"w-text us_custom_6745946f has_text_color\"><span class=\"w-text-h\"><span class=\"w-text-value\">Bli en segerrik minister f\u00f6r b\u00f6ner genom Kristus<\/span><\/span><\/h4><h2 class=\"w-text\"><span class=\"w-text-h\"><span class=\"w-text-value\">b\u00f6n Skola<\/span><\/span><\/h2><div class=\"wpb_text_column us_custom_59aee68e\"><div class=\"wpb_wrapper\"><p><span>L\u00e4r dig\u00a0<\/span><strong>f\u00e4rdigheter i att arbeta med b\u00f6n<\/strong><span>\u00a0som \u00e4r\u00a0<\/span><strong>skriftbaserad, disciplinerad och ledd av den Helige Ande<\/strong><span>, ans\u00f6kan\u00a0<\/span><strong>Jesu l\u00f6ften om helande och frihet<\/strong><span>\u00a0till dem som lider. Genom\u00a0<\/span><strong>praktisk utbildning, person-till-person<\/strong><span>kommer du att bevittna\u00a0<\/span><strong>Kristi f\u00f6rvandlande kraft<\/strong><span>, utrusta dig f\u00f6r att hj\u00e4lpa andra\u00a0<\/span><strong>bryta sig loss och g\u00e5 i seger<\/strong><span>.<\/span><\/p>\n<\/div><\/div><div class=\"w-separator size_custom\" style=\"height:40px\"><\/div><div class=\"w-btn-wrapper align_none\"><a class=\"w-btn us-btn-style_2\" href=\"\/sv\/kontaktformular-allmant\/\"><span class=\"w-btn-label\">Kontakta oss<\/span><\/a><\/div><\/div><\/div><div class=\"wpb_column vc_column_container us_custom_a13b5385 has_bg_color\"><div class=\"vc_column-inner\"><\/div><\/div><\/div><\/div><\/div><\/div><\/div><\/section>","protected":false},"excerpt":{"rendered":"","protected":false},"author":1,"featured_media":0,"parent":0,"menu_order":0,"comment_status":"closed","ping_status":"closed","template":"","meta":{"om_disable_all_campaigns":false,"_monsterinsights_skip_tracking":false,"_monsterinsights_sitenote_active":false,"_monsterinsights_sitenote_note":"","_monsterinsights_sitenote_category":0,"footnotes":""},"class_list":["post-1672","page","type-page","status-publish","hentry"],"aioseo_notices":[],"_links":{"self":[{"href":"https:\/\/www.vmtc.net\/sv\/wp-json\/wp\/v2\/pages\/1672","targetHints":{"allow":["GET"]}}],"collection":[{"href":"https:\/\/www.vmtc.net\/sv\/wp-json\/wp\/v2\/pages"}],"about":[{"href":"https:\/\/www.vmtc.net\/sv\/wp-json\/wp\/v2\/types\/page"}],"author":[{"embeddable":true,"href":"https:\/\/www.vmtc.net\/sv\/wp-json\/wp\/v2\/users\/1"}],"replies":[{"embeddable":true,"href":"https:\/\/www.vmtc.net\/sv\/wp-json\/wp\/v2\/comments?post=1672"}],"version-history":[{"count":0,"href":"https:\/\/www.vmtc.net\/sv\/wp-json\/wp\/v2\/pages\/1672\/revisions"}],"wp:attachment":[{"href":"https:\/\/www.vmtc.net\/sv\/wp-json\/wp\/v2\/media?parent=1672"}],"curies":[{"name":"wp","href":"https:\/\/api.w.org\/{rel}","templated":true}]}}