{"id":1330,"date":"2024-08-07T21:24:55","date_gmt":"2024-08-07T21:24:55","guid":{"rendered":"https:\/\/vmtc.us\/?page_id=1330"},"modified":"2026-02-22T00:14:19","modified_gmt":"2026-02-22T00:14:19","slug":"cirka-2","status":"publish","type":"page","link":"https:\/\/www.vmtc.net\/sv\/about-2\/","title":{"rendered":"Om"},"content":{"rendered":"<section class=\"l-section wpb_row height_huge color_secondary with_img parallax_ver\"><div class=\"l-section-img\" role=\"img\" aria-label=\"VMTC, VMTC Victorious Ministry Through Christ, Victorious Ministry Through Christ, VMTC USA, VMTC International, VMTC deliverance ministry,\" data-img-width=\"2560\" data-img-height=\"1707\" style=\"background-image: url(https:\/\/www.vmtc.net\/wp-content\/uploads\/2025\/02\/VMTC2024-24-scaled.jpg);\"><\/div><div class=\"l-section-h i-cf\"><div class=\"g-cols vc_row via_grid cols_1 laptops-cols_inherit tablets-cols_1 mobiles-cols_1 valign_top type_default reversed stacking_default\" style=\"--columns-gap:0rem;\"><div class=\"wpb_column vc_column_container us_custom_fd43344c\"><div class=\"vc_column-inner\"><div class=\"w-text us_custom_c2f880d3 has_text_color\"><span class=\"w-text-h\"><span class=\"w-text-value\">Omgiven av Guds k\u00e4rlek<\/span><\/span><\/div><div class=\"w-separator size_small\"><\/div><h1 class=\"w-text us_custom_842faaf7\"><span class=\"w-text-h\"><span class=\"w-text-value\">VMTC<br \/><\/span><\/span><\/h1><div class=\"w-hwrapper valign_middle wrap align_none\" style=\"--hwrapper-gap:3rem\"><div class=\"w-btn-wrapper align_none\"><a class=\"w-btn us-btn-style_1 us_custom_0207f80c\" href=\"\/sv\/bon_och_frihet\/\"><span class=\"w-btn-label\">Be om b\u00f6n<\/span><\/a><\/div><div class=\"wpb_text_column us_custom_29eda462\"><div class=\"wpb_wrapper\"><p>V\u00e5ra b\u00f6neutdelare arbetar frivilligt och det kostar ingenting att ta emot b\u00f6neutdelning.<\/p>\n<\/div><\/div><\/div><\/div><\/div><\/div><\/div><\/section><section class=\"l-section wpb_row height_custom\"><div class=\"l-section-h i-cf\"><div class=\"g-cols vc_row via_grid cols_2 laptops-cols_inherit tablets-cols_1 mobiles-cols_1 valign_middle type_default reversed stacking_default\" style=\"--columns-gap:0rem;\"><div class=\"wpb_column vc_column_container us_custom_8a2a463d\"><div class=\"vc_column-inner\"><div class=\"wpb_text_column us_custom_c7fc0d2b\"><div class=\"wpb_wrapper\"><h3 style=\"text-align: center;\"><strong>Segerrik tj\u00e4nst genom Kristus \u00ae<\/strong><\/h3>\n<p>\u00c4r en internationell, Helig Ande-ledd tj\u00e4nst som expanderar i USA, Mexiko och Kanada. V\u00e5r avsikt \u00e4r att samarbeta med likasinnade ministerier som expanderar \u00f6ver hela v\u00e4rlden. Styrs av en styrelse som best\u00e5r av pastorer, pr\u00e4ster och lekm\u00e4n fr\u00e5n olika kristna samfund. Dessa ledare har personligen upplevt Jesu Kristi kraft att \"befria f\u00e5ngarna\" och \"f\u00f6rbinda dem som har brustna hj\u00e4rtan\" (Jesaja 61:1, Lukas 4:18-21) och har utbildats och frigjorts f\u00f6r att tj\u00e4na och utrusta andra.<\/p>\n<h3 style=\"text-align: center;\">V\u00e5r vision och v\u00e5rt uppdrag<\/h3>\n<p>Visionen f\u00f6r Victorious Ministry Through Christ \u00e4r att fullf\u00f6lja Jesu tj\u00e4nst enligt Lukas 4:18-21 - att ge helande och frihet till alla m\u00e4nniskor genom den Helige Andes kraft. V\u00e5rt uppdrag \u00e4r att utrusta och uppmuntra Guds folk att forts\u00e4tta Kristi helande tj\u00e4nst och ge dem m\u00f6jlighet att vandra i djupare frihet och seger.<\/p>\n<h3 style=\"text-align: center;\">B\u00f6nesessioner<\/h3>\n<p>Victorious Ministry Through Christ ministry sessioner \u00e4r utformade f\u00f6r kristna som s\u00f6ker helhet, k\u00e4nslom\u00e4ssig l\u00e4kning, andlig befrielse och ett djupare engagemang f\u00f6r Kristus. Det \u00e4r inte ett krisarbete, utan en bibliskt grundad, andestyrd process som st\u00f6ds av \u00f6ver 150 bibelreferenser om helande och befrielse. Denna tj\u00e4nst \u00e4r f\u00f6r dem som \u00e4r villiga att konfrontera tidigare s\u00e5r, bryta sig loss fr\u00e5n andliga band och omfamna st\u00f6rre frihet i Kristus.<\/p>\n<\/div><\/div><div class=\"w-separator size_medium\"><\/div><div class=\"w-btn-wrapper align_none\"><a class=\"w-btn us-btn-style_1\" href=\"\/sv\/om_2\/\"><span class=\"w-btn-label\">Klicka p\u00e5 mig<\/span><\/a><\/div><\/div><\/div><div class=\"wpb_column vc_column_container\"><div class=\"vc_column-inner\"><div class=\"w-image us_custom_447bff20 has_ratio align_none\"><div class=\"w-image-h\"><div style=\"padding-bottom:100%\"><\/div><img decoding=\"async\" width=\"1152\" height=\"1880\" src=\"https:\/\/www.vmtc.net\/wp-content\/uploads\/2025\/02\/carlos_rick.jpg\" class=\"attachment-full size-full\" alt=\"\" loading=\"lazy\" \/><\/div><\/div><\/div><\/div><\/div><\/div><\/section><section class=\"l-section wpb_row height_auto\"><div class=\"l-section-h i-cf\"><div class=\"g-cols vc_row via_grid cols_2 laptops-cols_inherit tablets-cols_inherit mobiles-cols_1 valign_middle type_default stacking_default\" style=\"--columns-gap:0rem;\"><div class=\"wpb_column vc_column_container us_custom_a6a0e5f5 has_bg_color\"><div class=\"vc_column-inner\"><\/div><\/div><div class=\"wpb_column vc_column_container us_custom_b2562add has_bg_color\"><div class=\"vc_column-inner\"><h2 class=\"w-text us_custom_4792172e has_text_color\"><span class=\"w-text-h\"><span class=\"w-text-value\">Ministeriets skolor<\/span><\/span><\/h2><div class=\"wpb_text_column us_custom_6918363f has_text_color\"><div class=\"wpb_wrapper\"><p>Det h\u00e4r \u00e4r en helig tid av andlig f\u00f6rnyelse f\u00f6r pr\u00e4ster och lekm\u00e4n som \u00e4r kallade av Gud att ta hand om dem som beh\u00f6ver helas fr\u00e5n trasighet och befrias fr\u00e5n bundenhet som orsakats av sm\u00e4rtsamma relationer eller tidigare s\u00e5r.<\/p>\n<p>Under tre dagar kommer vi att s\u00f6ka Herren och l\u00e4ra oss att h\u00e4vda Jesu Kristi seger \u00f6ver synd och Satan genom k\u00e4rleksfull, lyssnande och trosfylld b\u00f6n.<\/p>\n<p>M\u00e5nga som kommer till Victorious Ministry Through Christ Prayer Ministry \u00e4r tyngda av:<br \/>1\ufe0f\u20e3 Andras synder, b\u00e5de i det f\u00f6rflutna och i nuet.<br \/>2\ufe0f\u20e3 tyngden av deras egna synder, som uppenbaras av den Helige Ande.<br \/>3\ufe0f\u20e3 Fiendens attacker, s\u00e4rskilt genom tidigare eller nuvarande ockulta engagemang.<\/p>\n<p>Genom utbildad Victorious Ministry Genom Kristi b\u00f6nministrar r\u00f6r sig den Helige Ande i kraft och frig\u00f6r sina \u00f6vernaturliga g\u00e5vor av visdom, kunskap, urskiljning, tro och helande. Varje session genomf\u00f6rs i enighet mellan tv\u00e5 ministrar som ber i samf\u00f6rst\u00e5nd och st\u00e5r p\u00e5 Kristi auktoritet f\u00f6r den som tar emot ministry.<\/p>\n<p>Victorious Ministry Through Christ Prayer Ministrar kommer att studera Guds ord och l\u00e4ra sig hur man blir trogna k\u00e4rl f\u00f6r Kristi helande kraft och f\u00f6r med sig hans k\u00e4rlek, frihet och \u00e5teruppr\u00e4ttelse till en v\u00e4rld som \u00e4r bunden av synd och trasighet.<\/p>\n<p>Kom, bli uppfriskad i Guds n\u00e4rvaro, ta emot hans helande ber\u00f6ring och bli utrustad f\u00f6r att ge hans frihet till andra!<\/p>\n<p>\u00a0<\/p>\n<\/div><\/div><div class=\"w-btn-wrapper align_left\"><a class=\"w-btn us-btn-style_1\" href=\"\/sv\/deliverance_boot_camp\/\"><span class=\"w-btn-label\">Registrera<\/span><\/a><\/div><\/div><\/div><\/div><\/div><\/section><section class=\"l-section wpb_row height_custom\"><div class=\"l-section-h i-cf\"><div class=\"g-cols vc_row via_grid cols_1 laptops-cols_inherit tablets-cols_inherit mobiles-cols_1 valign_top type_default stacking_default\"><div class=\"wpb_column vc_column_container\"><div class=\"vc_column-inner\"><div class=\"wpb_text_column\"><div class=\"wpb_wrapper\"><h2 style=\"text-align: center;\">Vad \u00e4r Victorious Ministry Through Christ?<\/h2>\n<\/div><\/div><div class=\"w-separator size_medium\"><\/div><div class=\"wpb_text_column us_custom_05f02725\"><div class=\"wpb_wrapper\"><p style=\"text-align: left;\">VMTC:s b\u00f6nemottagning \u00e4r ett av Gud ordinerat k\u00e4rl genom vilket den Helige Ande r\u00f6r sig med kraft och utgjuter sin k\u00e4rlek, sitt helande och sin uppr\u00e4ttelse. De som kommer med ett hj\u00e4rta som \u00e4r \u00f6ppet f\u00f6r Jesus upplever ett djupt och livsf\u00f6r\u00e4ndrande m\u00f6te med Honom, n\u00e4r Hans andliga g\u00e5vor ger helande, frihet och f\u00f6rnyelse. Genom denna verksamhet v\u00e5rdas och st\u00e4rks Andens frukt, och de troende utrustas f\u00f6r att vandra i seger, tro och Guds n\u00e5ds fullhet. Till Gud vare \u00e4ran!<\/p>\n<\/div><\/div><div class=\"w-separator size_large\"><\/div><div class=\"g-cols wpb_row via_grid cols_2 laptops-cols_inherit tablets-cols_inherit mobiles-cols_1 valign_top type_default\" style=\"--columns-gap:6vh;\"><div class=\"wpb_column vc_column_container\"><div class=\"vc_column-inner\"><div class=\"w-iconbox iconpos_left style_default color_primary align_none\"><div class=\"w-iconbox-icon\" style=\"font-size:3rem;\"><\/div><div class=\"w-iconbox-meta\"><h3 class=\"w-iconbox-title\">Skriftbaserat f\u00f6rh\u00e5llningss\u00e4tt<\/h3><div class=\"w-iconbox-text\"><p>VMTC Prayer Ministry till\u00e4mpar k\u00e4rleksfullt Guds ord genom andefylld, smord b\u00f6n, vilket ger helande och frihet i Jesu namn.<\/p>\n<p><a href=\"\/sv\/skripturalt_baserat_tillvagagangssatt\/\" data-wplink-edit=\"true\"><strong>MER<\/strong><\/a><\/p>\n<\/div><\/div><\/div><\/div><\/div><div class=\"wpb_column vc_column_container\"><div class=\"vc_column-inner\"><div class=\"w-iconbox iconpos_left style_default color_primary align_none\"><div class=\"w-iconbox-icon\" style=\"font-size:3rem;\"><\/div><div class=\"w-iconbox-meta\"><h3 class=\"w-iconbox-title\">Ministeriet \"Tv\u00e5-i-\u00f6verenskommelse\"<\/h3><div class=\"w-iconbox-text\"><p>Varje VMTC Prayer Ministry-team best\u00e5r av en man och en kvinna som arbetar tillsammans i den Helige Andes enhet f\u00f6r att fullf\u00f6lja Jesu uppdrag att \"befria de f\u00e5ngna\" (Luk 4:18).\u00a0<\/p>\n<p><a href=\"\/sv\/tva_i_overenskommelse_ministeriet\/\"><strong>MER<\/strong><\/a><\/p>\n<\/div><\/div><\/div><\/div><\/div><div class=\"wpb_column vc_column_container\"><div class=\"vc_column-inner\"><div class=\"w-iconbox iconpos_left style_default color_primary align_none\"><div class=\"w-iconbox-icon\" style=\"font-size:3rem;\"><\/div><div class=\"w-iconbox-meta\"><h3 class=\"w-iconbox-title\">F\u00f6rdjupning Hantering av hinder<\/h3><div class=\"w-iconbox-text\"><p>VMTC:s \"husst\u00e4dning\" \u00e4r en andlig rening som f\u00f6rbereder individer f\u00f6r att engagera sig i h\u00e4lsosamma, Kristus-centrerade relationer genom att avl\u00e4gsna det dolda bagaget - de k\u00e4nslom\u00e4ssiga och andliga b\u00f6rdorna - som orsakar f\u00f6rvirring och hindrar andlig tillv\u00e4xt.<\/p>\n<p><a href=\"\/sv\/pa_djupet_hantera_barriarer\/\"><strong>MER<\/strong><\/a><\/p>\n<\/div><\/div><\/div><\/div><\/div><div class=\"wpb_column vc_column_container\"><div class=\"vc_column-inner\"><div class=\"w-iconbox iconpos_left style_default color_primary align_none\"><div class=\"w-iconbox-icon\" style=\"font-size:3rem;\"><\/div><div class=\"w-iconbox-meta\"><h3 class=\"w-iconbox-title\">Tillr\u00e4cklig tid<\/h3><div class=\"w-iconbox-text\"><p>P\u00e5 VMTC Prayer Ministry fokuserar vi inte p\u00e5 snabbhet, utan p\u00e5 att ge eftert\u00e4nksam och omsorgsfull uppm\u00e4rksamhet f\u00f6r att ta itu med l\u00e5ngvariga problem och brutna relationer.\u00a0<\/p>\n<p><a href=\"\/sv\/tillracklig_tid\/\" data-wplink-edit=\"true\"><strong>MER<\/strong><\/a><\/p>\n<\/div><\/div><\/div><\/div><\/div><\/div><div class=\"w-separator size_medium\"><\/div><div class=\"g-cols wpb_row via_grid cols_2 laptops-cols_inherit tablets-cols_inherit mobiles-cols_1 valign_top type_default\" style=\"--columns-gap:6vh;\"><div class=\"wpb_column vc_column_container\"><div class=\"vc_column-inner\"><div class=\"w-iconbox iconpos_left style_default color_primary align_none\"><div class=\"w-iconbox-icon\" style=\"font-size:3rem;\"><\/div><div class=\"w-iconbox-meta\"><h3 class=\"w-iconbox-title\">Ett uppdrag mot ett segerrikt liv<\/h3><div class=\"w-iconbox-text\"><p>P\u00e5 VMTC Prayer Ministry \u00e4r v\u00e5rt m\u00e5l inte bara att l\u00f6sa problem, utan att ta itu med de grundl\u00e4ggande orsakerna till dessa problem.<\/p>\n<p><a href=\"\/sv\/ett-uppdrag-mot-ett-segerrikt-liv\/\"><strong>MER<\/strong><\/a><\/p>\n<\/div><\/div><\/div><\/div><\/div><div class=\"wpb_column vc_column_container\"><div class=\"vc_column-inner\"><div class=\"w-iconbox iconpos_left style_default color_primary align_none\"><div class=\"w-iconbox-icon\" style=\"font-size:3rem;\"><\/div><div class=\"w-iconbox-meta\"><h3 class=\"w-iconbox-title\">Ministeriet \"Tv\u00e5-i-\u00f6verenskommelse\"<\/h3><div class=\"w-iconbox-text\"><p>P\u00e5 VMTC Prayer Ministry praktiserar vi det vi predikar. Varje Prayer Minister har personligen f\u00e5tt Prayer Ministry minst 3 till 4 g\u00e5nger, vilket s\u00e4kerst\u00e4ller att de f\u00f6rst\u00e5r processen och djupet av l\u00e4kning som den ger.<\/p>\n<p><a href=\"\/sv\/tva_i_overenskommelse_ministeriet\/\"><strong>MER<\/strong><\/a><\/p>\n<\/div><\/div><\/div><\/div><\/div><div class=\"wpb_column vc_column_container\"><div class=\"vc_column-inner\"><div class=\"w-iconbox iconpos_left style_default color_primary align_none\"><div class=\"w-iconbox-icon\" style=\"font-size:3rem;\"><\/div><div class=\"w-iconbox-meta\"><h3 class=\"w-iconbox-title\">VMTC:s relationer mellan olika kyrkosamfund<\/h3><div class=\"w-iconbox-text\"><p>Sedan 1971 har VMTC Prayer Ministry erbjudit Schools of Prayer Ministry, som leds av en ekumenisk styrelse best\u00e5ende av pastorer, pr\u00e4ster, lekm\u00e4n och lekmannakvinnor fr\u00e5n olika samfund inom Kristi kropp.<\/p>\n<p><a href=\"\/sv\/vmtc_konfessionella_relationer\/\"><strong>MER<\/strong><\/a><\/p>\n<\/div><\/div><\/div><\/div><\/div><div class=\"wpb_column vc_column_container\"><div class=\"vc_column-inner\"><\/div><\/div><\/div><\/div><\/div><\/div><\/div><\/section><section class=\"l-section wpb_row height_custom\"><div class=\"l-section-h i-cf\"><div class=\"g-cols vc_row via_grid cols_1 laptops-cols_inherit tablets-cols_inherit mobiles-cols_1 valign_top type_default stacking_default\"><div class=\"wpb_column vc_column_container us_custom_41879682\"><div class=\"vc_column-inner\"><div class=\"g-cols wpb_row via_grid cols_2-3 laptops-cols_inherit tablets-cols_1 mobiles-cols_1 valign_top type_default stacking_default\" style=\"--columns-gap:3rem;\"><div class=\"wpb_column vc_column_container\"><div class=\"vc_column-inner\"><h2 class=\"w-text\"><span class=\"w-text-h\"><span class=\"w-text-value\">Skriftbaserat f\u00f6rh\u00e5llningss\u00e4tt<\/span><\/span><\/h2><\/div><\/div><div class=\"wpb_column vc_column_container\"><div class=\"vc_column-inner\"><div class=\"wpb_text_column\"><div class=\"wpb_wrapper\"><p>V\u00e5rt tillv\u00e4gag\u00e5ngss\u00e4tt \u00e4r f\u00f6rankrat i bibliska principer, d\u00e4r vi undervisar och f\u00f6rbereder den bedjande f\u00f6r befrielse genom Jesu Kristi kraft. Vi tj\u00e4nar tyst och f\u00f6rsiktigt - utan fanfarer - och l\u00e5ter den Helige Ande verka och befria dem.<\/p>\n<p>Vi tror att uppf\u00f6ljning \u00e4r viktigt. Efter en befrielsesession ger vi undervisning i Bibeln om hur man f\u00f6rblir fri, vandrar i Kristi auktoritet och deltar i andlig krigf\u00f6ring n\u00e4r fienden f\u00f6rs\u00f6ker \u00e5terv\u00e4nda. Genom b\u00f6n, l\u00e4rjungaskap och tillit till Guds ord utrustar vi de troende att leva i varaktig frihet och seger i Kristus.<\/p>\n<\/div><\/div><\/div><\/div><\/div><\/div><\/div><\/div><\/div><\/section><section class=\"l-section wpb_row height_custom\"><div class=\"l-section-h i-cf\"><div class=\"g-cols vc_row via_grid cols_3 laptops-cols_inherit tablets-cols_2 mobiles-cols_1 valign_top type_default\" style=\"--columns-gap:4vw;\"><div class=\"wpb_column vc_column_container\"><div class=\"vc_column-inner\"><div class=\"w-image has_ratio align_none\"><div class=\"w-image-h\"><div style=\"padding-bottom:100%\"><\/div><img decoding=\"async\" width=\"620\" height=\"311\" src=\"https:\/\/www.vmtc.net\/wp-content\/uploads\/2025\/02\/vmtc_blessing_ceremony_2-1.jpg\" class=\"attachment-large size-large\" alt=\"VMTC pre ministry interview, VMTC Victorious Ministry Through Christ, vmtc, vmtc-international,\" loading=\"lazy\" \/><\/div><\/div><div class=\"w-separator size_small\"><\/div><div class=\"wpb_text_column\"><div class=\"wpb_wrapper\"><h3 style=\"text-align: center;\">Intervju i presessionen<\/h3>\n<p>The first step in preparing for a VMTC prayer session is completing a confidential questionnaire designed to help us understand your background, your current needs, and how we can best pray with you. This process is not about judgment, but about creating a safe and prayerful foundation for the session. Your responses help our trained prayer ministers discern areas where healing, freedom, or restoration may be needed, and allow us to seek the guidance of the Holy Spirit as we prepare. As you complete the questionnaire, we also encourage you to prayerfully prepare your heart\u2014asking the Lord to reveal any areas of sin, hurt, or bondage, and being willing to surrender those areas to Jesus. All information shared is treated with care and confidentiality and is used only to serve you more effectively during your time of ministry. This preparation helps ensure that your session is focused, Spirit-led, and centered on the healing work of Jesus Christ.<\/p>\n<div class=\"wpb_column vc_column_container usb_custom_vc_column_inner9\" data-=\"\">\n<div class=\"vc_column-inner\">\n<div class=\"wpb_text_column usb_custom_vc_column_text6\" data-=\"\">\n<div class=\"wpb_wrapper\">\n<div class=\"wpb_text_column usb_custom_vc_column_text6\">\n<div class=\"wpb_wrapper\"><\/div>\n<\/div>\n<\/div>\n<\/div>\n<\/div>\n<\/div>\n<div class=\"wpb_column vc_column_container usb_custom_vc_column_inner10\" data-=\"\"><\/div>\n<\/div><\/div><\/div><\/div><div class=\"wpb_column vc_column_container\"><div class=\"vc_column-inner\"><div class=\"w-image has_ratio align_none\"><div class=\"w-image-h\"><div style=\"padding-bottom:100%\"><\/div><img decoding=\"async\" width=\"563\" height=\"1024\" src=\"https:\/\/www.vmtc.net\/wp-content\/uploads\/2025\/04\/IMG_7460-563x1024.jpg\" class=\"attachment-large size-large\" alt=\"VMTC Victorious Ministry Through Christ usa\" loading=\"lazy\" \/><\/div><\/div><div class=\"w-separator size_small\"><\/div><div class=\"wpb_text_column\"><div class=\"wpb_wrapper\"><h3 class=\"w-text usb_custom_us_text6\" style=\"text-align: center;\" data-=\"\"><span class=\"w-text-h\"><span class=\"w-text-value\">B\u00f6nesession<\/span><\/span><\/h3>\n<p data-start=\"211\" data-end=\"553\">A VMTC Prayer Session is a thorough spiritual \u201chouse cleaning,\u201d where the Holy Spirit is invited to bring healing, freedom, and restoration to every area of your life. In a safe, confidential, and Spirit-led environment, trained prayer ministers walk with you step by step, allowing Jesus to reveal and address the deeper places of the heart.<\/p>\n<p data-start=\"555\" data-end=\"1062\">During the session, you will be led through prayer to receive God\u2019s forgiveness, extend forgiveness to others, and surrender areas of sin, hurt, and brokenness to the Lord. As the Holy Spirit leads, strongholds are brought into the light, lies are replaced with truth, and spiritual bondages are broken. In the authority of Jesus\u2019 name, oppressive spirits are bound and cast out, and past images, memories, and triggers lose their power as they are renounced and placed under the finished work of the cross.<\/p>\n<p data-start=\"1064\" data-end=\"1373\">Many describe this time as a deep spiritual reset\u2014where the weight of the past is lifted, clarity is restored, and a renewed sense of peace and intimacy with Christ is established. It is not about striving, but about allowing Jesus to do what only He can do\u2014set captives free and restore what has been broken.<\/p>\n<\/div><\/div><\/div><\/div><div class=\"wpb_column vc_column_container\"><div class=\"vc_column-inner\"><div class=\"w-image has_ratio align_none\"><div class=\"w-image-h\"><div style=\"padding-bottom:100%\"><\/div><img decoding=\"async\" width=\"683\" height=\"1024\" src=\"https:\/\/www.vmtc.net\/wp-content\/uploads\/2025\/01\/VMTC2024-41-683x1024.jpg\" class=\"attachment-large size-large\" alt=\"vmtc victorious ministry through christ\" loading=\"lazy\" \/><\/div><\/div><div class=\"w-separator size_small\"><\/div><div class=\"wpb_text_column\"><div class=\"wpb_wrapper\"><h3 class=\"w-text us_custom_eb849559\" style=\"text-align: center;\"><span class=\"w-text-h\"><span class=\"w-text-value\">Mentoring for<br \/>\nLasting Freedom<\/span><\/span><\/h3>\n<p data-start=\"174\" data-end=\"603\">Mentoring is an essential part of helping believers walk in the lasting freedom Christ provides. Following a prayer session, each individual is paired with a trained mentor who offers prayer, encouragement, accountability, and spiritual guidance as they continue their journey. This ongoing relationship provides a place to process, grow, and remain anchored in the truth of God\u2019s Word as new patterns of freedom are established.<\/p>\n<p data-start=\"605\" data-end=\"995\">Because true freedom flourishes in healthy community, we strongly encourage connection to a local church. Mentors help each person connect\u2014or reconnect\u2014with a church family, or deepen their involvement in their current one, so their walk with Christ is supported and strengthened within the body of believers. This creates a foundation for continued growth, discipleship, and encouragement.<\/p>\n<p data-start=\"997\" data-end=\"1379\">Through mentoring, we walk alongside you as you develop spiritual habits that sustain freedom, grow in your identity in Christ, and learn to stand firm in the victory Jesus has already won. Our desire is not only that you experience freedom, but that you continue to walk in it\u2014strengthened by both personal relationship with the Lord and the support of a Christ-centered community.<\/p>\n<\/div><\/div><\/div><\/div><\/div><\/div><\/section><section class=\"l-section wpb_row height_auto\"><div class=\"l-section-h i-cf\"><div class=\"g-cols vc_row via_grid cols_1 laptops-cols_inherit tablets-cols_inherit mobiles-cols_1 valign_top type_default stacking_default\"><div class=\"wpb_column vc_column_container\"><div class=\"vc_column-inner\"><\/div><\/div><\/div><\/div><\/section><section class=\"l-section wpb_row us_custom_1a4ccfc7 height_auto\"><div class=\"l-section-h i-cf\"><div class=\"g-cols vc_row via_grid cols_1 laptops-cols_inherit tablets-cols_inherit mobiles-cols_1 valign_middle type_default reversed stacking_default\"><div class=\"wpb_column vc_column_container\"><div class=\"vc_column-inner\"><div class=\"g-cols wpb_row us_custom_f8d90600 via_grid cols_2 laptops-cols_inherit tablets-cols_inherit mobiles-cols_1 valign_middle type_default reversed stacking_default\" style=\"--columns-gap:0rem;\"><div class=\"wpb_column vc_column_container us_custom_0e1fc3dd has_bg_color\"><div class=\"vc_column-inner\"><h4 class=\"w-text us_custom_6745946f has_text_color\"><span class=\"w-text-h\"><span class=\"w-text-value\">H\u00c4R F\u00d6R ATT HJ\u00c4LPA<\/span><\/span><\/h4><h2 class=\"w-text\"><span class=\"w-text-h\"><span class=\"w-text-value\">Har du n\u00e5gra fr\u00e5gor?<\/span><\/span><\/h2><div class=\"wpb_text_column us_custom_59aee68e\"><div class=\"wpb_wrapper\"><p>L\u00e4r dig f\u00e4rdigheter i b\u00f6nearbete som \u00e4r skriftbaserade, disciplinerade och ledda av den Helige Ande, och till\u00e4mpa Jesu l\u00f6ften om helande och frihet till dem som \u00e4r skadade. Genom praktisk, personlig utbildning kommer du att bevittna Kristi f\u00f6rvandlande kraft, vilket ger dig utrustning f\u00f6r att hj\u00e4lpa andra att bryta sig loss och vandra i seger.<\/p>\n<\/div><\/div><div class=\"w-separator size_custom\" style=\"height:40px\"><\/div><div class=\"w-btn-wrapper align_none\"><a class=\"w-btn us-btn-style_2\" href=\"\/sv\/kontaktformular-allmant\/\"><span class=\"w-btn-label\">Kontakta oss<\/span><\/a><\/div><\/div><\/div><div class=\"wpb_column vc_column_container us_custom_dd03bc40 has_bg_color\"><div class=\"vc_column-inner\"><\/div><\/div><\/div><\/div><\/div><\/div><\/div><\/section>","protected":false},"excerpt":{"rendered":"","protected":false},"author":1,"featured_media":0,"parent":0,"menu_order":0,"comment_status":"closed","ping_status":"closed","template":"","meta":{"om_disable_all_campaigns":false,"_monsterinsights_skip_tracking":false,"_monsterinsights_sitenote_active":false,"_monsterinsights_sitenote_note":"","_monsterinsights_sitenote_category":0,"footnotes":""},"class_list":["post-1330","page","type-page","status-publish","hentry"],"aioseo_notices":[],"_links":{"self":[{"href":"https:\/\/www.vmtc.net\/sv\/wp-json\/wp\/v2\/pages\/1330","targetHints":{"allow":["GET"]}}],"collection":[{"href":"https:\/\/www.vmtc.net\/sv\/wp-json\/wp\/v2\/pages"}],"about":[{"href":"https:\/\/www.vmtc.net\/sv\/wp-json\/wp\/v2\/types\/page"}],"author":[{"embeddable":true,"href":"https:\/\/www.vmtc.net\/sv\/wp-json\/wp\/v2\/users\/1"}],"replies":[{"embeddable":true,"href":"https:\/\/www.vmtc.net\/sv\/wp-json\/wp\/v2\/comments?post=1330"}],"version-history":[{"count":8,"href":"https:\/\/www.vmtc.net\/sv\/wp-json\/wp\/v2\/pages\/1330\/revisions"}],"predecessor-version":[{"id":3165,"href":"https:\/\/www.vmtc.net\/sv\/wp-json\/wp\/v2\/pages\/1330\/revisions\/3165"}],"wp:attachment":[{"href":"https:\/\/www.vmtc.net\/sv\/wp-json\/wp\/v2\/media?parent=1330"}],"curies":[{"name":"wp","href":"https:\/\/api.w.org\/{rel}","templated":true}]}}