{"id":2919,"date":"2025-04-03T21:58:47","date_gmt":"2025-04-03T21:58:47","guid":{"rendered":"https:\/\/www.vmtc.net\/?page_id=2919"},"modified":"2025-04-03T22:02:16","modified_gmt":"2025-04-03T22:02:16","slug":"grundig_handtering_av_barrierer","status":"publish","type":"page","link":"https:\/\/www.vmtc.net\/nb\/in_depth_dealing_with_barriers\/","title":{"rendered":"grundig_h\u00e5ndtering_av_barrierer"},"content":{"rendered":"<section class=\"l-section wpb_row height_custom\"><div class=\"l-section-h i-cf\"><div class=\"g-cols vc_row via_grid cols_2-3 laptops-cols_2 tablets-cols_inherit mobiles-cols_1 valign_middle type_default stacking_default\" style=\"--columns-gap:5%;\"><div class=\"wpb_column vc_column_container\"><div class=\"vc_column-inner\"><div class=\"wpb_text_column\"><div class=\"wpb_wrapper\"><h2 class=\"w-iconbox-title\">Dybdeg\u00e5ende h\u00e5ndtering av barrierer<\/h2>\n<p>VMTC-\u00f8kten er en \u00e5ndelig renselse som forbereder den enkelte p\u00e5 \u00e5 engasjere seg i sunne, Kristus-sentrerte relasjoner ved \u00e5 fjerne den skjulte bagasjen - de f\u00f8lelsesmessige og \u00e5ndelige byrdene - som skaper forvirring og hindrer \u00e5ndelig vekst. Gjennom b\u00f8nn og Den hellige \u00e5nds kraft bidrar denne \u00f8kten til \u00e5 fjerne distraksjoner og festninger som kan hindre deg i \u00e5 fokusere fullt ut p\u00e5 Guds kall for ditt liv. Den gjenoppretter klarhet i form\u00e5let ditt og styrker din forpliktelse til Kristus, slik at du kan leve med st\u00f8rre frihet og fokus p\u00e5 alle livets omr\u00e5der. Ved Hans n\u00e5de blir vi gjort hele og frie til \u00e5 f\u00f8lge Ham av hele v\u00e5rt hjerte!<\/p>\n<\/div><\/div><\/div><\/div><div class=\"wpb_column vc_column_container\"><div class=\"vc_column-inner\"><div class=\"w-image align_none\"><div class=\"w-image-h\"><img decoding=\"async\" width=\"1024\" height=\"683\" src=\"https:\/\/www.vmtc.net\/wp-content\/uploads\/2025\/01\/getty-images-YaBJ3w88Mgw-unsplash-1-1024x683.jpg\" class=\"attachment-large size-large\" alt=\"\" loading=\"lazy\" srcset=\"https:\/\/www.vmtc.net\/wp-content\/uploads\/2025\/01\/getty-images-YaBJ3w88Mgw-unsplash-1-1024x683.jpg 1024w, https:\/\/www.vmtc.net\/wp-content\/uploads\/2025\/01\/getty-images-YaBJ3w88Mgw-unsplash-1-300x200.jpg 300w, https:\/\/www.vmtc.net\/wp-content\/uploads\/2025\/01\/getty-images-YaBJ3w88Mgw-unsplash-1-600x400.jpg 600w\" sizes=\"auto, (max-width: 1024px) 100vw, 1024px\" \/><\/div><\/div><\/div><\/div><\/div><\/div><\/section>","protected":false},"excerpt":{"rendered":"","protected":false},"author":1,"featured_media":0,"parent":0,"menu_order":0,"comment_status":"closed","ping_status":"closed","template":"","meta":{"om_disable_all_campaigns":false,"_monsterinsights_skip_tracking":false,"_monsterinsights_sitenote_active":false,"_monsterinsights_sitenote_note":"","_monsterinsights_sitenote_category":0,"footnotes":""},"class_list":["post-2919","page","type-page","status-publish","hentry"],"aioseo_notices":[],"_links":{"self":[{"href":"https:\/\/www.vmtc.net\/nb\/wp-json\/wp\/v2\/pages\/2919","targetHints":{"allow":["GET"]}}],"collection":[{"href":"https:\/\/www.vmtc.net\/nb\/wp-json\/wp\/v2\/pages"}],"about":[{"href":"https:\/\/www.vmtc.net\/nb\/wp-json\/wp\/v2\/types\/page"}],"author":[{"embeddable":true,"href":"https:\/\/www.vmtc.net\/nb\/wp-json\/wp\/v2\/users\/1"}],"replies":[{"embeddable":true,"href":"https:\/\/www.vmtc.net\/nb\/wp-json\/wp\/v2\/comments?post=2919"}],"version-history":[{"count":0,"href":"https:\/\/www.vmtc.net\/nb\/wp-json\/wp\/v2\/pages\/2919\/revisions"}],"wp:attachment":[{"href":"https:\/\/www.vmtc.net\/nb\/wp-json\/wp\/v2\/media?parent=2919"}],"curies":[{"name":"wp","href":"https:\/\/api.w.org\/{rel}","templated":true}]}}