{"id":2915,"date":"2025-04-03T21:50:25","date_gmt":"2025-04-03T21:50:25","guid":{"rendered":"https:\/\/www.vmtc.net\/?page_id=2915"},"modified":"2025-04-03T21:56:51","modified_gmt":"2025-04-03T21:56:51","slug":"to_i_avtale_departementet","status":"publish","type":"page","link":"https:\/\/www.vmtc.net\/nb\/two_in_agreement_ministry\/","title":{"rendered":"to_i_avtale_departementet"},"content":{"rendered":"<section class=\"l-section wpb_row height_custom\"><div class=\"l-section-h i-cf\"><div class=\"g-cols vc_row via_grid cols_3-2 laptops-cols_2 tablets-cols_inherit mobiles-cols_1 valign_middle type_default reversed stacking_default\" style=\"--columns-gap:5%;\"><div class=\"wpb_column vc_column_container\"><div class=\"vc_column-inner\"><div class=\"w-image us_custom_a6ae5e18 align_none has_bg_color\"><div class=\"w-image-h\"><img decoding=\"async\" width=\"1024\" height=\"683\" src=\"https:\/\/www.vmtc.net\/wp-content\/uploads\/2025\/01\/getty-images-lvc1Rxd-JAg-unsplash-1024x683.jpg\" class=\"attachment-large size-large\" alt=\"VMTCs b\u00f8nnearbeidere\" loading=\"lazy\" srcset=\"https:\/\/www.vmtc.net\/wp-content\/uploads\/2025\/01\/getty-images-lvc1Rxd-JAg-unsplash-1024x683.jpg 1024w, https:\/\/www.vmtc.net\/wp-content\/uploads\/2025\/01\/getty-images-lvc1Rxd-JAg-unsplash-300x200.jpg 300w, https:\/\/www.vmtc.net\/wp-content\/uploads\/2025\/01\/getty-images-lvc1Rxd-JAg-unsplash-600x400.jpg 600w\" sizes=\"auto, (max-width: 1024px) 100vw, 1024px\" \/><\/div><\/div><\/div><\/div><div class=\"wpb_column vc_column_container\"><div class=\"vc_column-inner\"><div class=\"wpb_text_column\"><div class=\"wpb_wrapper\"><h2 class=\"w-iconbox-title\">\"To-i-en-avtale\"-departementet<\/h2>\n<p>Hvert VMTCs b\u00f8nneteam best\u00e5r av \u00e9n mann og \u00e9n kvinne, som arbeider sammen i Den hellige \u00e5nds enhet for \u00e5 oppfylle Jesu oppdrag om \u00e5 \"sette fangene fri\" (Luk 4,18). Gjennom b\u00f8nn, bibelsk sannhet og Den hellige \u00e5nds kraft st\u00e5r de sammen og stoler p\u00e5 at Gud vil bringe helbredelse, utfrielse og gjenopprettelse til dem som s\u00f8ker frihet i Kristus. Ham v\u00e6re all \u00e6re!<\/p>\n<p><b>\u00a0<\/b><\/p>\n<\/div><\/div><\/div><\/div><\/div><\/div><\/section>","protected":false},"excerpt":{"rendered":"","protected":false},"author":1,"featured_media":0,"parent":0,"menu_order":0,"comment_status":"closed","ping_status":"closed","template":"","meta":{"om_disable_all_campaigns":false,"_monsterinsights_skip_tracking":false,"_monsterinsights_sitenote_active":false,"_monsterinsights_sitenote_note":"","_monsterinsights_sitenote_category":0,"footnotes":""},"class_list":["post-2915","page","type-page","status-publish","hentry"],"aioseo_notices":[],"_links":{"self":[{"href":"https:\/\/www.vmtc.net\/nb\/wp-json\/wp\/v2\/pages\/2915","targetHints":{"allow":["GET"]}}],"collection":[{"href":"https:\/\/www.vmtc.net\/nb\/wp-json\/wp\/v2\/pages"}],"about":[{"href":"https:\/\/www.vmtc.net\/nb\/wp-json\/wp\/v2\/types\/page"}],"author":[{"embeddable":true,"href":"https:\/\/www.vmtc.net\/nb\/wp-json\/wp\/v2\/users\/1"}],"replies":[{"embeddable":true,"href":"https:\/\/www.vmtc.net\/nb\/wp-json\/wp\/v2\/comments?post=2915"}],"version-history":[{"count":0,"href":"https:\/\/www.vmtc.net\/nb\/wp-json\/wp\/v2\/pages\/2915\/revisions"}],"wp:attachment":[{"href":"https:\/\/www.vmtc.net\/nb\/wp-json\/wp\/v2\/media?parent=2915"}],"curies":[{"name":"wp","href":"https:\/\/api.w.org\/{rel}","templated":true}]}}