{"id":2912,"date":"2025-04-03T21:45:20","date_gmt":"2025-04-03T21:45:20","guid":{"rendered":"https:\/\/www.vmtc.net\/?page_id=2912"},"modified":"2025-04-03T21:48:48","modified_gmt":"2025-04-03T21:48:48","slug":"skriftbasert_tilnaerming","status":"publish","type":"page","link":"https:\/\/www.vmtc.net\/nb\/scripturally_based_approach\/","title":{"rendered":"skriftbasert_tiln\u00e6rming"},"content":{"rendered":"<section class=\"l-section wpb_row height_auto\"><div class=\"l-section-h i-cf\"><div class=\"g-cols vc_row via_grid cols_2 laptops-cols_inherit tablets-cols_1 mobiles-cols_1 valign_middle type_default reversed stacking_default\" style=\"--columns-gap:0px;\"><div class=\"wpb_column vc_column_container us_custom_e1b33f70 has_bg_color stretched\"><div class=\"vc_column-inner\"><\/div><\/div><div class=\"wpb_column vc_column_container\"><div class=\"vc_column-inner\"><div class=\"w-separator size_huge\"><\/div><div class=\"wpb_text_column us_custom_525019aa\"><div class=\"wpb_wrapper\"><h2 class=\"w-iconbox-title\" style=\"text-align: center;\">Skriftbasert tiln\u00e6rming<\/h2>\n<p>VMTC Prayer Ministry anvender kj\u00e6rlig Guds ord gjennom \u00e5ndsfylt, salvet b\u00f8nn, og bringer helbredelse og frihet i Jesu navn. Hver \u00f8kt er solid forankret i Skriften, og bygger p\u00e5 et fundament av 150 bibelvers som \u00e5penbarer Kristi tjeneste for helbredelse, utfrielse og gjenopprettelse. N\u00e5r vi ber i tro, virker Den hellige \u00e5nd kraftfullt og oppfyller Guds l\u00f8fter om \u00e5 sette fangene fri og bringe helhet til sitt folk. All \u00e6re til Jesus!<\/p>\n<\/div><\/div><div class=\"w-separator size_huge\"><\/div><\/div><\/div><\/div><\/div><\/section>","protected":false},"excerpt":{"rendered":"","protected":false},"author":1,"featured_media":0,"parent":0,"menu_order":0,"comment_status":"closed","ping_status":"closed","template":"","meta":{"om_disable_all_campaigns":false,"_monsterinsights_skip_tracking":false,"_monsterinsights_sitenote_active":false,"_monsterinsights_sitenote_note":"","_monsterinsights_sitenote_category":0,"footnotes":""},"class_list":["post-2912","page","type-page","status-publish","hentry"],"aioseo_notices":[],"_links":{"self":[{"href":"https:\/\/www.vmtc.net\/nb\/wp-json\/wp\/v2\/pages\/2912","targetHints":{"allow":["GET"]}}],"collection":[{"href":"https:\/\/www.vmtc.net\/nb\/wp-json\/wp\/v2\/pages"}],"about":[{"href":"https:\/\/www.vmtc.net\/nb\/wp-json\/wp\/v2\/types\/page"}],"author":[{"embeddable":true,"href":"https:\/\/www.vmtc.net\/nb\/wp-json\/wp\/v2\/users\/1"}],"replies":[{"embeddable":true,"href":"https:\/\/www.vmtc.net\/nb\/wp-json\/wp\/v2\/comments?post=2912"}],"version-history":[{"count":0,"href":"https:\/\/www.vmtc.net\/nb\/wp-json\/wp\/v2\/pages\/2912\/revisions"}],"wp:attachment":[{"href":"https:\/\/www.vmtc.net\/nb\/wp-json\/wp\/v2\/media?parent=2912"}],"curies":[{"name":"wp","href":"https:\/\/api.w.org\/{rel}","templated":true}]}}