{"id":2330,"date":"2025-02-02T03:50:32","date_gmt":"2025-02-02T03:50:32","guid":{"rendered":"https:\/\/www.vmtc.net\/?page_id=2330"},"modified":"2025-02-05T04:24:32","modified_gmt":"2025-02-05T04:24:32","slug":"vmtc-bonnetjenestens-historie","status":"publish","type":"page","link":"https:\/\/www.vmtc.net\/nb\/vmtc-prayer-ministry-history\/","title":{"rendered":"VMTCs historie"},"content":{"rendered":"<section class=\"l-section wpb_row height_custom color_primary with_img\"><div class=\"l-section-img\" role=\"img\" aria-label=\"VMTC Seirende tjeneste gjennom Kristus\" data-img-width=\"2560\" data-img-height=\"1656\" style=\"background-image: url(https:\/\/www.vmtc.net\/wp-content\/uploads\/2025\/01\/getty-images-fh5LcndTtLk-unsplash-scaled.jpg);\"><\/div><div class=\"l-section-overlay\" style=\"background:rgba(26,26,26,0.25)\"><\/div><div class=\"l-section-h i-cf\"><div class=\"g-cols vc_row via_grid cols_1 laptops-cols_inherit tablets-cols_inherit mobiles-cols_1 valign_top type_default stacking_default\"><div class=\"wpb_column vc_column_container us_custom_a2aeb65f\"><div class=\"vc_column-inner\"><h1 class=\"w-text us_custom_eb849559\"><span class=\"w-text-h\"><span class=\"w-text-value\">VMTCs begynnelse<\/span><\/span><\/h1><\/div><\/div><\/div><\/div><\/section><section class=\"l-section wpb_row height_custom\"><div class=\"l-section-h i-cf\"><div class=\"g-cols vc_row via_grid cols_2 laptops-cols_inherit tablets-cols_1 mobiles-cols_1 valign_middle type_default reversed stacking_default\" style=\"--columns-gap:0rem;\"><div class=\"wpb_column vc_column_container us_custom_8a2a463d\"><div class=\"vc_column-inner\"><div class=\"wpb_text_column us_custom_3fdaf282\"><div class=\"wpb_wrapper\"><div class=\"flex-shrink-0 flex flex-col relative items-end\">\n<div class=\"pt-0\">\n<div class=\"gizmo-bot-avatar flex h-8 w-8 items-center justify-center overflow-hidden rounded-full\">\n<h4 class=\"relative p-1 rounded-sm flex items-center justify-center bg-token-main-surface-primary text-token-text-primary h-8 w-8\"><strong>Anne S. Whites visjon<\/strong><\/h4>\n<p class=\"relative p-1 rounded-sm flex items-center justify-center bg-token-main-surface-primary text-token-text-primary h-8 w-8\">Seierrik tjeneste gjennom Kristus (VMTC)<span> begynte med et guddommelig m\u00f8te som forandret en kvinnes liv og utl\u00f8ste en bevegelse av <\/span>helbredelse, utfrielse og forvandling<span>. <\/span>VMTC har sine r\u00f8tter tilbake til Ann S. White, en karismatisk evangelist med en dyp lidenskap for \u00e5ndelig oppv\u00e5kning. Selv om hun var vitne til at mange kom til Kristus, f\u00f8lte hun at det var noe som manglet - folk s\u00f8kte helbredelse, men de hadde fortsatt problemer. Dette \u00f8nsket om dypere frihet og forvandling ble drivkraften bak hennes tjeneste.<\/p>\n<p class=\"relative p-1 rounded-sm flex items-center justify-center bg-token-main-surface-primary text-token-text-primary h-8 w-8\"><strong>En guddommelig \u00e5penbaring gjennom b\u00f8nn<\/strong><\/p>\n<\/div>\n<\/div>\n<\/div>\n<div class=\"group\/conversation-turn relative flex w-full min-w-0 flex-col agent-turn\">\n<div class=\"flex-col gap-1 md:gap-3\">\n<div class=\"flex max-w-full flex-col flex-grow\">\n<div class=\"min-h-8 text-message flex w-full flex-col items-end gap-2 whitespace-normal break-words text-start &#091;.text-message+&amp;&#093;:mt-5\" dir=\"auto\" data-message-author-role=\"assistant\" data-message-id=\"aa48efa0-e260-4cd1-a0f6-4167de13f66f\" data-message-model-slug=\"gpt-4o\">\n<div class=\"flex w-full flex-col gap-1 empty:hidden first:pt-&#091;3px&#093;\">\n<div class=\"markdown prose w-full break-words dark:prose-invert light\">\n<p>Annes personlige gjennombrudd kom p\u00e5 en uventet m\u00e5te. Hennes unge s\u00f8nn led av alvorlig astma, som ikke lot seg behandle. I stillheten en fortvilet natt vendte Anne seg til b\u00f8nn. I l\u00f8pet av denne tiden \u00e5penbarte Gud en skjult \u00e5ndelig barriere - utilgivelse. Hun ble overbevist og bekjente et gammelt nag mot et familiemedlem. Umiddelbart opplevde hun en kraftig forandring, og mirakul\u00f8st nok bedret s\u00f8nnens tilstand seg \u00f8yeblikkelig. Denne guddommelige \u00e5penbaringen ble grunnlaget for hennes livslange tjeneste - helbredelse og frihet gjennom bekjennelse, tilgivelse og Den hellige \u00e5nds kraft.<\/p>\n<h4><strong>VMTCs f\u00f8dsel<\/strong><\/h4>\n<p>P\u00e5 slutten av 1970-tallet grunnla Anne Victorious Ministry Through Christ (VMTC) for \u00e5 utruste troende med en bibelsk, \u00c5ndsstyrt modell for b\u00f8nnetjeneste. Det som begynte som oppl\u00e6ring for presteskapets b\u00f8nneteam, ble snart utvidet til ogs\u00e5 \u00e5 omfatte lekfolk, slik at de fikk mulighet til \u00e5 gi helbredelse og frihet gjennom strukturert, \u00c5ndsstyrt b\u00f8nn.<\/p>\n<h4><strong>En varig arv<\/strong><\/h4>\n<p>Annes innflytelse fortsetter i dag gjennom hennes skrifter og undervisning, som legger grunnlaget for VMTCs kjerneprinsipper for b\u00f8nnetjeneste. VMTC er n\u00e5 en global tjeneste som opererer i flere land, og bringer tusenvis av mennesker inn i helhet, frihet og dypere n\u00e6rhet med Kristus.<\/p>\n<p>\"S\u00e5 hvis S\u00f8nnen setter dere fri, da er dere virkelig frie.\" - Johannes 8:36<\/p>\n<\/div>\n<\/div>\n<\/div>\n<\/div>\n<\/div>\n<\/div>\n<\/div><\/div><\/div><\/div><div class=\"wpb_column vc_column_container\"><div class=\"vc_column-inner\"><div class=\"w-image us_custom_447bff20 align_none\"><div class=\"w-image-h\"><img decoding=\"async\" width=\"1707\" height=\"2560\" src=\"https:\/\/www.vmtc.net\/wp-content\/uploads\/2025\/01\/VMTC2024-54-scaled.jpg\" class=\"attachment-full size-full\" alt=\"VMTC Victorious Ministry Through Christ, b\u00f8nneskole, ordinerte prester, bibelsk grunnlag, Den hellige \u00e5nd, Jesu Kristi helbredende kraft\" loading=\"lazy\" srcset=\"https:\/\/www.vmtc.net\/wp-content\/uploads\/2025\/01\/VMTC2024-54-scaled.jpg 1707w, https:\/\/www.vmtc.net\/wp-content\/uploads\/2025\/01\/VMTC2024-54-200x300.jpg 200w, https:\/\/www.vmtc.net\/wp-content\/uploads\/2025\/01\/VMTC2024-54-683x1024.jpg 683w, https:\/\/www.vmtc.net\/wp-content\/uploads\/2025\/01\/VMTC2024-54-600x900.jpg 600w\" sizes=\"auto, (max-width: 1707px) 100vw, 1707px\" \/><\/div><\/div><\/div><\/div><\/div><\/div><\/section><section class=\"l-section wpb_row height_custom\"><div class=\"l-section-h i-cf\"><div class=\"g-cols vc_row via_grid cols_2 laptops-cols_inherit tablets-cols_1 mobiles-cols_1 valign_middle type_default reversed stacking_default\" style=\"--columns-gap:0rem;\"><div class=\"wpb_column vc_column_container us_custom_8a2a463d\"><div class=\"vc_column-inner\"><div class=\"w-image has_ratio align_none\"><div class=\"w-image-h\"><div style=\"padding-bottom:100%\"><\/div><img decoding=\"async\" width=\"1024\" height=\"683\" src=\"https:\/\/www.vmtc.net\/wp-content\/uploads\/2025\/02\/getty-images-mDmMlu8DL9E-unsplash-1024x683.jpg\" class=\"attachment-large size-large\" alt=\"\" loading=\"lazy\" \/><\/div><\/div><\/div><\/div><div class=\"wpb_column vc_column_container\"><div class=\"vc_column-inner\"><div class=\"wpb_text_column us_custom_3fdaf282\"><div class=\"wpb_wrapper\"><div class=\"flex-shrink-0 flex flex-col relative items-end\">\n<div class=\"pt-0\">\n<div class=\"gizmo-bot-avatar flex h-8 w-8 items-center justify-center overflow-hidden rounded-full\">\n<h3>VMTCs internasjonale ekspansjon<\/h3>\n<p>Anne S. White inns\u00e5 at det fantes et kritisk tomrom i prestetjenesten - prestene manglet ofte konfidensiell b\u00f8nnest\u00f8tte. Denne erkjennelsen f\u00f8rte til grunnleggelsen av Victorious Ministry Through Christ (VMTC), som til \u00e5 begynne med fokuserte p\u00e5 \u00e5 utruste prester og deres ektefeller som b\u00f8nnetjenere. Men etter hvert som behovet for helbredende b\u00f8nn vokste, begynte ogs\u00e5 lekfolk \u00e5 ta en aktiv rolle, og ble en integrert del av tjenesten. Tradisjonelt har prestene hatt lederstillinger, men dette er i ferd med \u00e5 endre seg, og flere lekfolk g\u00e5r inn i n\u00f8kkelroller.<\/p>\n<h4><strong>Den f\u00f8rste VMTC-skolen og tidlig vekst<\/strong><\/h4>\n<p>Den f\u00f8rste VMTC-skolen ble holdt i Florida i slutten av 1970. \u00c5ret etter ble VMTC Florida formelt etablert som en tverrkirkelig veldedighetsorganisasjon, med Anne S. White som president sammen med et styre som representerte ulike lokale kirker.<\/p>\n<p>Fra denne spede begynnelsen har VMTCs b\u00f8nnetjeneste blomstret opp internasjonalt. I dag betjener VMTC mennesker i:<\/p>\n<ul>\n<li>Sverige, Finland, Norge, Australia, New Zealand, Canada og USA, hver med sitt eget nasjonale styre som f\u00f8rer tilsyn med b\u00f8nnetjenesten.<\/li>\n<li>I Norge er tjenesten kjent som \"Helhet gjennom Kristus\".<\/li>\n<li>VMTC Pakistan, som en gang var aktivt, opplever for tiden en periode med fornyelse og vekkelse.<\/li>\n<\/ul>\n<\/div>\n<\/div>\n<\/div>\n<\/div><\/div><\/div><\/div><\/div><\/div><\/section><section class=\"l-section wpb_row height_auto\"><div class=\"l-section-h i-cf\"><div class=\"g-cols vc_row via_grid cols_2 laptops-cols_inherit tablets-cols_inherit mobiles-cols_1 valign_middle type_default stacking_default\" style=\"--columns-gap:0rem;\"><div class=\"wpb_column vc_column_container us_custom_35b89359 has_bg_color\"><div class=\"vc_column-inner\"><\/div><\/div><div class=\"wpb_column vc_column_container us_custom_72119110 has_bg_color\"><div class=\"vc_column-inner\"><h2 class=\"w-text us_custom_9ad16fb4 has_text_color\"><span class=\"w-text-h\"><span class=\"w-text-value\">V\u00e5re kjerneverdier<\/span><\/span><\/h2><div class=\"wpb_text_column us_custom_f2f613e8 has_text_color\"><div class=\"wpb_wrapper\"><ul class=\"n8H08c UVNKR\">\n<li class=\"zfr3Q TYR86d eD0Rn\" dir=\"ltr\">\n<p>Som menighet er vi dedikert til \u00e5 tjene i Jesu Kristi kj\u00e6rlighet og sannhet, ledet av Den hellige \u00e5nd. V\u00e5re grunnleggende verdier gjenspeiler Hans kall til oss:<\/p>\n<ul>\n<li><strong>Vandre i Den hellige \u00e5nds kj\u00e6rlighet, kraft og veiledning<\/strong> - \u00c5 tjene under \u00c5ndens ledelse, i tillit til Hans visdom og helbredende kraft.<\/li>\n<li><strong>Tjener med medf\u00f8lelse, integritet og ydmykhet p\u00e5 kristelig vis<\/strong> - Vi gjenspeiler Jesu hjerte ved \u00e5 behandle hvert enkelt menneske med kj\u00e6rlighet, verdighet og n\u00e5de.<\/li>\n<li><strong>Konfidensialitet og bibelsk etikk i b\u00f8nnetjenesten<\/strong> - Skape et hellig rom av tillit der Guds verk kan utfolde seg fritt.<\/li>\n<li><strong>Oppmuntring til \u00e5ndelig vekst og disippelgj\u00f8ring for b\u00f8nnepastorer<\/strong> - \u00c5 forplikte seg til livslang l\u00e6ring, dypere tro og et voksende forhold til Kristus.<\/li>\n<\/ul>\n<p><strong>\"Hva dere enn gj\u00f8r, gj\u00f8r det av hjertet, som for Herren og ikke for mennesker.\"<\/strong> - Kolosserbrevet 3:23<\/p>\n<p>\u00d8nsker du noen forbedringer eller tilf\u00f8yelser for \u00e5 tilpasse dette bedre til din tjenestes visjon?<\/p>\n<\/li>\n<\/ul>\n<\/div><\/div><\/div><\/div><\/div><\/div><\/section><section class=\"l-section wpb_row us_custom_3e1eb913 height_auto\"><div class=\"l-section-h i-cf\"><div class=\"g-cols vc_row via_grid cols_1 laptops-cols_inherit tablets-cols_inherit mobiles-cols_1 valign_middle type_default reversed stacking_default\"><div class=\"wpb_column vc_column_container\"><div class=\"vc_column-inner\"><div class=\"g-cols wpb_row us_custom_f8d90600 via_grid cols_2 laptops-cols_inherit tablets-cols_inherit mobiles-cols_1 valign_middle type_default reversed stacking_default\" style=\"--columns-gap:0rem;\"><div class=\"wpb_column vc_column_container us_custom_0e1fc3dd has_bg_color\"><div class=\"vc_column-inner\"><h4 class=\"w-text us_custom_6745946f has_text_color\"><span class=\"w-text-h\"><span class=\"w-text-value\">VMTCs b\u00f8nnetjeneste<\/span><\/span><\/h4><h2 class=\"w-text\"><span class=\"w-text-h\"><span class=\"w-text-value\">Har du noen sp\u00f8rsm\u00e5l?<\/span><\/span><\/h2><div class=\"wpb_text_column us_custom_59aee68e\"><div class=\"wpb_wrapper\"><p class=\"zfr3Q CDt4Ke\" dir=\"ltr\"><span class=\"gBYvFf C9DxTc\"><span>L\u00e6r\u00a0<\/span><strong>ferdigheter i b\u00f8nnetjeneste<\/strong><span>\u00a0som er\u00a0<\/span><strong>bibeltro, disiplinert og ledet av Den hellige \u00e5nd<\/strong><span>, s\u00f8ker\u00a0<\/span><strong>Jesu l\u00f8fter om helbredelse og frihet<\/strong><span>\u00a0til dem som har det vondt. Gjennom\u00a0<\/span><strong>praktisk, personlig oppl\u00e6ring<\/strong><span>vil du v\u00e6re vitne til\u00a0<\/span><strong>Kristi forvandlende kraft<\/strong><span>, og utruster deg til \u00e5 hjelpe andre\u00a0<\/span><strong>Bryt fri og g\u00e5 i seier<\/strong><span>.<\/span><\/span><\/p>\n<p class=\"zfr3Q CDt4Ke\" dir=\"ltr\"><span class=\"gBYvFf C9DxTc\">\u00a0<\/span><\/p>\n<\/div><\/div><div class=\"w-separator size_custom\" style=\"height:40px\"><\/div><div class=\"w-btn-wrapper align_none\"><a class=\"w-btn us-btn-style_2\" href=\"\/nb\/about\/\"><span class=\"w-btn-label\">L\u00e6r mer om oss<\/span><\/a><\/div><\/div><\/div><div class=\"wpb_column vc_column_container us_custom_a156e83a has_bg_color\"><div class=\"vc_column-inner\"><\/div><\/div><\/div><\/div><\/div><\/div><\/div><\/section>","protected":false},"excerpt":{"rendered":"","protected":false},"author":1,"featured_media":0,"parent":0,"menu_order":0,"comment_status":"closed","ping_status":"closed","template":"","meta":{"om_disable_all_campaigns":false,"_monsterinsights_skip_tracking":false,"_monsterinsights_sitenote_active":false,"_monsterinsights_sitenote_note":"","_monsterinsights_sitenote_category":0,"footnotes":""},"class_list":["post-2330","page","type-page","status-publish","hentry"],"aioseo_notices":[],"_links":{"self":[{"href":"https:\/\/www.vmtc.net\/nb\/wp-json\/wp\/v2\/pages\/2330","targetHints":{"allow":["GET"]}}],"collection":[{"href":"https:\/\/www.vmtc.net\/nb\/wp-json\/wp\/v2\/pages"}],"about":[{"href":"https:\/\/www.vmtc.net\/nb\/wp-json\/wp\/v2\/types\/page"}],"author":[{"embeddable":true,"href":"https:\/\/www.vmtc.net\/nb\/wp-json\/wp\/v2\/users\/1"}],"replies":[{"embeddable":true,"href":"https:\/\/www.vmtc.net\/nb\/wp-json\/wp\/v2\/comments?post=2330"}],"version-history":[{"count":0,"href":"https:\/\/www.vmtc.net\/nb\/wp-json\/wp\/v2\/pages\/2330\/revisions"}],"wp:attachment":[{"href":"https:\/\/www.vmtc.net\/nb\/wp-json\/wp\/v2\/media?parent=2330"}],"curies":[{"name":"wp","href":"https:\/\/api.w.org\/{rel}","templated":true}]}}