{"id":2237,"date":"2025-01-31T03:47:27","date_gmt":"2025-01-31T03:47:27","guid":{"rendered":"http:\/\/lbw.8f3.mytemp.website\/?page_id=2237"},"modified":"2025-04-13T20:24:49","modified_gmt":"2025-04-13T20:24:49","slug":"vmtc-bonneprest","status":"publish","type":"page","link":"https:\/\/www.vmtc.net\/nb\/vmtc-prayer-minister\/","title":{"rendered":"B\u00f8nneprestens egenskaper"},"content":{"rendered":"<section class=\"l-section wpb_row height_custom color_primary with_img\"><div class=\"l-section-img\" role=\"img\" aria-label=\"vmtc prayer ministers\" data-img-width=\"2560\" data-img-height=\"1708\" style=\"background-image: url(https:\/\/www.vmtc.net\/wp-content\/uploads\/2025\/02\/curated-lifestyle-nSf9hpy35Yw-unsplash-scaled.jpg);\"><\/div><div class=\"l-section-overlay\" style=\"background:rgba(0,0,0,0.35)\"><\/div><div class=\"l-section-h i-cf\"><div class=\"g-cols vc_row via_grid cols_1 laptops-cols_inherit tablets-cols_inherit mobiles-cols_1 valign_top type_default stacking_default\"><div class=\"wpb_column vc_column_container us_custom_10c6fbac\"><div class=\"vc_column-inner\"><div class=\"w-separator size_medium\"><\/div><h2 class=\"w-text us_custom_83e089d9\"><span class=\"w-text-h\"><span class=\"w-text-value\">B\u00f8nneprestene<\/span><\/span><\/h2><div class=\"w-separator size_large\"><\/div><\/div><\/div><\/div><\/div><\/section><section class=\"l-section wpb_row height_auto\"><div class=\"l-section-h i-cf\"><div class=\"g-cols vc_row via_grid cols_1 laptops-cols_inherit tablets-cols_inherit mobiles-cols_1 valign_top type_default stacking_default\"><div class=\"wpb_column vc_column_container us_custom_97f97f54 has_bg_color\"><div class=\"vc_column-inner\"><div class=\"wpb_text_column us_custom_316b0327\"><div class=\"wpb_wrapper\"><h3 class=\"CjVfdc\"><span class=\"C9DxTc\">En b\u00f8nneprests egenskaper<\/span><span class=\"C9DxTc\"><\/span><\/h3>\n<\/div><\/div><\/div><\/div><\/div><\/div><\/section><section class=\"l-section wpb_row height_large\"><div class=\"l-section-h i-cf\"><div class=\"g-cols vc_row via_grid cols_1 laptops-cols_inherit tablets-cols_inherit mobiles-cols_1 valign_top type_default stacking_default\"><div class=\"wpb_column vc_column_container\"><div class=\"vc_column-inner\"><div class=\"g-cols wpb_row via_grid cols_2 laptops-cols_inherit tablets-cols_inherit mobiles-cols_1 valign_middle type_default reversed stacking_default\" style=\"--columns-gap:4vw;\"><div class=\"wpb_column vc_column_container\"><div class=\"vc_column-inner\"><div class=\"w-image has_ratio align_none\"><div class=\"w-image-h\"><div style=\"padding-bottom:100%\"><\/div><img decoding=\"async\" width=\"1024\" height=\"683\" src=\"https:\/\/www.vmtc.net\/wp-content\/uploads\/2025\/04\/group-of-people-sitting-in-circle-on-therapy-meeti-2025-03-11-04-21-51-utc-1024x683.jpg\" class=\"attachment-large size-large\" alt=\"deliverance ministry, spiritual warfare, prayer ministry\" loading=\"lazy\" \/><\/div><\/div><\/div><\/div><div class=\"wpb_column vc_column_container\"><div class=\"vc_column-inner\"><div class=\"wpb_text_column us_custom_d98eb4eb\"><div class=\"wpb_wrapper\"><h3 class=\"CjVfdc\"><span class=\"C9DxTc\">B\u00f8nnens tjeneste<\/span><\/h3>\n<p class=\"zfr3Q CDt4Ke\" dir=\"ltr\"><span class=\"C9DxTc\">F\u00f8ler du et \u00f8nske om \u00e5 hjelpe andre til \u00e5 oppleve helbredelse og frihet i Kristus?  Kanskje du har et kall til \u00e5 bli b\u00f8nnetjener!\u00a0<\/span><\/p>\n<p class=\"zfr3Q CDt4Ke\" dir=\"ltr\"><span class=\"C9DxTc\">Living Fully Schools of Prayer Ministry gir deg en unik mulighet til \u00e5 fordype deg i hjertet av denne tjenesten.  Du f\u00e5r utforske det kraftfulle b\u00f8nnem\u00f8nsteret \"Sirkelen av Guds kj\u00e6rlighet\". Denne omfattende tiln\u00e6rmingen inneholder n\u00f8kkelelementer for forvandling, blant annet<\/span><\/p>\n<ul class=\"n8H08c UVNKR\">\n<li class=\"zfr3Q TYR86d eD0Rn\" dir=\"ltr\">\n<p class=\"zfr3Q CDt4Ke\" dir=\"ltr\" role=\"presentation\"><span class=\"C9DxTc\">Tilgivelse:<\/span><span class=\"C9DxTc\"><span>\u00a0<\/span>Slipp tidligere s\u00e5r og bitterhet for \u00e5 bane vei for helbredelse.<\/span><\/p>\n<\/li>\n<li class=\"zfr3Q TYR86d eD0Rn\" dir=\"ltr\">\n<p class=\"zfr3Q CDt4Ke\" dir=\"ltr\" role=\"presentation\"><span class=\"C9DxTc\">\u00c5 kutte b\u00e5nd<\/span><span class=\"C9DxTc\">: Identifisere og frigj\u00f8re deg fra \u00e5ndelige hindringer som begrenser din vekst.<\/span><\/p>\n<\/li>\n<li class=\"zfr3Q TYR86d eD0Rn\" dir=\"ltr\">\n<p class=\"zfr3Q CDt4Ke\" dir=\"ltr\" role=\"presentation\"><span class=\"C9DxTc\">Befrielse<\/span><span class=\"C9DxTc\">: \u00c5 finne frihet fra ytre \u00e5ndelig p\u00e5virkning.<\/span><\/p>\n<\/li>\n<li class=\"zfr3Q TYR86d eD0Rn\" dir=\"ltr\">\n<p class=\"zfr3Q CDt4Ke\" dir=\"ltr\" role=\"presentation\"><span class=\"C9DxTc\">Helbredelse:<\/span><span class=\"C9DxTc\"><span>\u00a0<\/span>Opplevelse av helhet i sinn, vilje og f\u00f8lelser<\/span><\/p>\n<\/li>\n<\/ul>\n<p class=\"zfr3Q CDt4Ke\" dir=\"ltr\"><span class=\"C9DxTc\">Er du klar til \u00e5 svare p\u00e5 kallet?  Living Fully Schools of Prayer Ministry utruster deg til \u00e5 v\u00e6re et redskap for Guds kj\u00e6rlighet og bringe kraftfull helbredelse til andre.<\/span><\/p>\n<\/div><\/div><\/div><\/div><\/div><div class=\"w-separator size_small\"><\/div><div class=\"g-cols wpb_row via_grid cols_2 laptops-cols_inherit tablets-cols_inherit mobiles-cols_1 valign_middle type_default stacking_default\" style=\"--columns-gap:4vw;\"><div class=\"wpb_column vc_column_container\"><div class=\"vc_column-inner\"><div class=\"wpb_text_column us_custom_b818dcba\"><div class=\"wpb_wrapper\"><h3 class=\"CjVfdc\"><span class=\"jgG6ef C9DxTc\">Er b\u00f8nnetjeneste noe for deg?<\/span><\/h3>\n<div class=\"CjVfdc\"><strong><span class=\"C9DxTc\">Forankret i troen<\/span><\/strong><\/div>\n<ul class=\"n8H08c UVNKR\">\n<li class=\"zfr3Q TYR86d eD0Rn\" dir=\"ltr\">\n<p class=\"zfr3Q CDt4Ke\" dir=\"ltr\" role=\"presentation\"><span class=\"C9DxTc\">Kristus-sentrert fokus:<\/span><span class=\"C9DxTc\">\u00a0 En dyp og vedvarende kj\u00e6rlighet til Jesus Kristus styrer dine handlinger og motivasjoner.<\/span><\/p>\n<\/li>\n<li class=\"zfr3Q TYR86d eD0Rn\" dir=\"ltr\">\n<p class=\"zfr3Q CDt4Ke\" dir=\"ltr\" role=\"presentation\"><span class=\"C9DxTc\">D\u00f8mmekraft og sensitivitet:<span>\u00a0<\/span><\/span><span class=\"C9DxTc\"> Du har evnen til \u00e5 gjenkjenne Den hellige \u00e5nds ledelse og handle deretter. <\/span><\/p>\n<\/li>\n<\/ul>\n<div class=\"CjVfdc\"><strong><span class=\"C9DxTc\">Villig til \u00e5 l\u00e6re<\/span><\/strong><\/div>\n<ul class=\"n8H08c UVNKR\">\n<li class=\"zfr3Q TYR86d eD0Rn\" dir=\"ltr\">\n<p class=\"zfr3Q CDt4Ke\" dir=\"ltr\" role=\"presentation\"><span class=\"C9DxTc\">Dedikert b\u00f8nneprest:<\/span><span class=\"C9DxTc\"><span>\u00a0<\/span>Du er forpliktet til kontinuerlig personlig b\u00f8nnetjeneste og s\u00f8ker aktivt etter muligheter til \u00e5 vokse p\u00e5 dette omr\u00e5det.\u00a0<\/span><\/p>\n<\/li>\n<li class=\"zfr3Q TYR86d eD0Rn\" dir=\"ltr\">\n<p class=\"zfr3Q CDt4Ke\" dir=\"ltr\" role=\"presentation\"><span class=\"C9DxTc\">Livslang l\u00e6ring:<\/span><span class=\"C9DxTc\"><span>\u00a0<\/span><\/span><span class=\"C9DxTc\">Du er opptatt av kontinuerlig l\u00e6ring og er ivrig etter \u00e5 utvide kunnskapen og ferdighetene dine.<\/span><\/p>\n<\/li>\n<\/ul>\n<div class=\"CjVfdc\"><strong><span class=\"C9DxTc\">Tjener i hjertet<\/span><\/strong><\/div>\n<ul class=\"n8H08c UVNKR\">\n<li class=\"zfr3Q TYR86d eD0Rn\" dir=\"ltr\">\n<p class=\"zfr3Q CDt4Ke\" dir=\"ltr\" role=\"presentation\"><span class=\"C9DxTc\">Del visjonen:<\/span><span class=\"C9DxTc\"><span>\u00a0<\/span>Du deler<span>\u00a0<\/span><\/span><span class=\"C9DxTc\">VMTCs visjon<\/span><span class=\"C9DxTc\">og er i tr\u00e5d med prinsippene i Lukas 4,18-19 (bringe godt budskap til de fattige, forkynne frigj\u00f8ring for de fangne<\/span><span class=\"C9DxTc\">,<\/span><span class=\"C9DxTc\"><span>\u00a0<\/span>og gi de blinde synet tilbake og sette de undertrykte fri).<\/span><\/p>\n<\/li>\n<li class=\"zfr3Q TYR86d eD0Rn\" dir=\"ltr\">\n<p class=\"zfr3Q CDt4Ke\" dir=\"ltr\" role=\"presentation\"><span class=\"C9DxTc\">Tjenerholdning:<\/span><span class=\"C9DxTc\"><span>\u00a0<\/span>Du g\u00e5r til tjeneste med ydmykhet og et genuint \u00f8nske om \u00e5 tjene andre. <\/span><\/p>\n<\/li>\n<\/ul>\n<div class=\"CjVfdc\"><strong><span class=\"C9DxTc\">Teamarbeid<\/span><span class=\"C9DxTc\">\u00a0<\/span><\/strong><\/div>\n<ul class=\"n8H08c UVNKR\">\n<li class=\"zfr3Q TYR86d eD0Rn\" dir=\"ltr\">\n<p class=\"zfr3Q CDt4Ke\" dir=\"ltr\" role=\"presentation\"><span class=\"C9DxTc\">Sterke mellommenneskelige ferdigheter:\u00a0<span>\u00a0<\/span><\/span><span class=\"C9DxTc\">Du har gode kommunikasjons- og mellommenneskelige ferdigheter, og du skaper positive relasjoner med dem du betjener.<\/span><\/p>\n<\/li>\n<li class=\"zfr3Q TYR86d eD0Rn\" dir=\"ltr\">\n<p class=\"zfr3Q CDt4Ke\" dir=\"ltr\" role=\"presentation\"><span class=\"C9DxTc\">Underkastelse til lederskap:\u00a0<span>\u00a0<\/span><\/span><span class=\"C9DxTc\">Du verdsetter og respekterer<\/span><span class=\"C9DxTc\"><span>\u00a0<\/span><\/span><span class=\"C9DxTc\">lederskap og er forpliktet til \u00e5 samarbeide innenfor departementets struktur.<\/span><\/p>\n<\/li>\n<\/ul>\n<div class=\"CjVfdc\"><span class=\"C9DxTc\"><strong>Engasjement<\/strong>\u00a0<\/span><\/div>\n<ul class=\"n8H08c UVNKR\">\n<li class=\"zfr3Q TYR86d eD0Rn\" dir=\"ltr\">\n<p class=\"zfr3Q CDt4Ke\" dir=\"ltr\" role=\"presentation\"><span class=\"C9DxTc\">Utvikling tar tid:<\/span><span class=\"C9DxTc\"><span>\u00a0<\/span><\/span><span class=\"C9DxTc\">For \u00e5 bli en ledende b\u00f8nneprest kreves det vanligvis<span>\u00a0<\/span><\/span><span class=\"C9DxTc\">delta<\/span><span class=\"C9DxTc\"><span>\u00a0<\/span>flere Living Fully<span>\u00a0<\/span><\/span><span class=\"C9DxTc\">S<\/span><span class=\"C9DxTc\">skoler i<span>\u00a0<\/span><\/span><span class=\"C9DxTc\">P<\/span><span class=\"C9DxTc\">rayer<span>\u00a0<\/span><\/span><span class=\"C9DxTc\">M<\/span><span class=\"C9DxTc\">inistry. <\/span><span class=\"C9DxTc\">VMTC<\/span><span class=\"C9DxTc\"><span>\u00a0<\/span>er opptatt av \u00e5 investere i din vekst og utruste deg for denne viktige tjenesten.<\/span><\/p>\n<\/li>\n<\/ul>\n<\/div><\/div><\/div><\/div><div class=\"wpb_column vc_column_container\"><div class=\"vc_column-inner\"><div class=\"w-image has_ratio align_none\"><div class=\"w-image-h\"><div style=\"padding-bottom:100%\"><\/div><img decoding=\"async\" width=\"1024\" height=\"683\" src=\"https:\/\/www.vmtc.net\/wp-content\/uploads\/2025\/04\/diverse-people-in-a-support-group-session-2025-02-10-10-06-47-utc-1024x683.jpg\" class=\"attachment-large size-large\" alt=\"vmtc unity holy spirit lead\" loading=\"lazy\" \/><\/div><\/div><\/div><\/div><\/div><div class=\"w-separator size_small\"><\/div><\/div><\/div><\/div><\/div><\/section><section class=\"l-section wpb_row us_custom_10ed3c95 height_auto\"><div class=\"l-section-h i-cf\"><div class=\"g-cols vc_row via_grid cols_custom laptops-cols_inherit tablets-cols_inherit mobiles-cols_1 valign_middle type_default reversed stacking_default\"><\/div><\/div><\/section><div class=\"wpb_column vc_column_container\"><div class=\"vc_column-inner\"><div class=\"g-cols wpb_row via_grid cols_2 laptops-cols_inherit tablets-cols_inherit mobiles-cols_1 valign_middle type_default reversed stacking_default\" style=\"--columns-gap:0rem;\"><div class=\"wpb_column vc_column_container us_custom_b4843623 has_bg_color\"><div class=\"vc_column-inner\"><h4 class=\"w-text us_custom_6745946f has_text_color\"><span class=\"w-text-h\"><span class=\"w-text-value\">HER FOR \u00c5 HJELPE<\/span><\/span><\/h4><h2 class=\"w-text\"><span class=\"w-text-h\"><span class=\"w-text-value\">Har du noen sp\u00f8rsm\u00e5l?<\/span><\/span><\/h2><div class=\"wpb_text_column us_custom_59aee68e\"><div class=\"wpb_wrapper\"><p>L\u00e6r deg ferdigheter i b\u00f8nnetjeneste som er bibelsk, disiplinert og ledet av Den hellige \u00e5nd, og bruk Jesu l\u00f8fter p\u00e5 mennesker som lider. Vi tilbyr personlig oppl\u00e6ring slik at du kan se andre bli satt fri.<\/p>\n<\/div><\/div><div class=\"w-separator size_custom\" style=\"height:40px\"><\/div><div class=\"w-btn-wrapper align_none\"><a class=\"w-btn us-btn-style_2\" href=\"\/nb\/contact\/\"><span class=\"w-btn-label\">Kontakt oss<\/span><\/a><\/div><\/div><\/div><div class=\"wpb_column vc_column_container us_custom_02cf6073 has_bg_color\"><div class=\"vc_column-inner\"><\/div><\/div><\/div><\/div><\/div>","protected":false},"excerpt":{"rendered":"","protected":false},"author":1,"featured_media":0,"parent":0,"menu_order":0,"comment_status":"closed","ping_status":"closed","template":"","meta":{"om_disable_all_campaigns":false,"_monsterinsights_skip_tracking":false,"_monsterinsights_sitenote_active":false,"_monsterinsights_sitenote_note":"","_monsterinsights_sitenote_category":0,"footnotes":""},"class_list":["post-2237","page","type-page","status-publish","hentry"],"aioseo_notices":[],"_links":{"self":[{"href":"https:\/\/www.vmtc.net\/nb\/wp-json\/wp\/v2\/pages\/2237","targetHints":{"allow":["GET"]}}],"collection":[{"href":"https:\/\/www.vmtc.net\/nb\/wp-json\/wp\/v2\/pages"}],"about":[{"href":"https:\/\/www.vmtc.net\/nb\/wp-json\/wp\/v2\/types\/page"}],"author":[{"embeddable":true,"href":"https:\/\/www.vmtc.net\/nb\/wp-json\/wp\/v2\/users\/1"}],"replies":[{"embeddable":true,"href":"https:\/\/www.vmtc.net\/nb\/wp-json\/wp\/v2\/comments?post=2237"}],"version-history":[{"count":0,"href":"https:\/\/www.vmtc.net\/nb\/wp-json\/wp\/v2\/pages\/2237\/revisions"}],"wp:attachment":[{"href":"https:\/\/www.vmtc.net\/nb\/wp-json\/wp\/v2\/media?parent=2237"}],"curies":[{"name":"wp","href":"https:\/\/api.w.org\/{rel}","templated":true}]}}