{"id":2221,"date":"2025-01-31T02:51:08","date_gmt":"2025-01-31T02:51:08","guid":{"rendered":"http:\/\/lbw.8f3.mytemp.website\/?page_id=2221"},"modified":"2025-04-14T00:43:34","modified_gmt":"2025-04-14T00:43:34","slug":"vmtc-bonnemote","status":"publish","type":"page","link":"https:\/\/www.vmtc.net\/nb\/vmtc-prayer-session\/","title":{"rendered":"B\u00f8nnesesjon"},"content":{"rendered":"<section class=\"l-section wpb_row height_custom color_primary with_img\"><div class=\"l-section-img\" role=\"img\" aria-label=\"deliverance ministry, spiritual warfare, prayer ministry\" data-img-width=\"2560\" data-img-height=\"1707\" style=\"background-image: url(https:\/\/www.vmtc.net\/wp-content\/uploads\/2025\/04\/group-of-people-sitting-in-circle-on-therapy-meeti-2025-03-11-04-21-51-utc-scaled.jpg);background-position: top center;\"><\/div><div class=\"l-section-overlay\" style=\"background:rgba(0,0,0,0.35)\"><\/div><div class=\"l-section-h i-cf\"><div class=\"g-cols vc_row via_grid cols_1 laptops-cols_inherit tablets-cols_inherit mobiles-cols_1 valign_top type_default stacking_default\"><div class=\"wpb_column vc_column_container us_custom_10c6fbac\"><div class=\"vc_column-inner\"><h2 class=\"w-text us_custom_83e089d9\"><span class=\"w-text-h\"><span class=\"w-text-value\">Personlig b\u00f8nnestund<\/span><\/span><\/h2><div class=\"w-separator size_large\"><\/div><\/div><\/div><\/div><\/div><\/section><section class=\"l-section wpb_row height_auto\"><div class=\"l-section-h i-cf\"><div class=\"g-cols vc_row via_grid cols_1 laptops-cols_inherit tablets-cols_inherit mobiles-cols_1 valign_top type_default stacking_default\"><div class=\"wpb_column vc_column_container us_custom_97f97f54 has_bg_color\"><div class=\"vc_column-inner\"><div class=\"wpb_text_column us_custom_316b0327\"><div class=\"wpb_wrapper\"><p><em>\"Men Gud v\u00e6re takk og lov! Han gir oss seieren gjennom v\u00e5r Herre Jesus Kristus.\"<\/em> 1. Korinterbrev 15:57<\/p>\n<\/div><\/div><\/div><\/div><\/div><\/div><\/section><section class=\"l-section wpb_row height_large\"><div class=\"l-section-h i-cf\"><div class=\"g-cols vc_row via_grid cols_1 laptops-cols_inherit tablets-cols_inherit mobiles-cols_1 valign_top type_default stacking_default\"><div class=\"wpb_column vc_column_container\"><div class=\"vc_column-inner\"><div class=\"wpb_text_column us_custom_2e9da019\"><div class=\"wpb_wrapper\"><h2 class=\"CjVfdc\" style=\"text-align: center;\"><span class=\"C9DxTc\"><strong>VMTC<\/strong> er basert p\u00e5 Jesu ord<\/span><\/h2>\n<h5 class=\"zfr3Q CDt4Ke\" dir=\"ltr\" style=\"text-align: center;\"><em><span class=\"gBYvFf C9DxTc\">\"Herrens \u00c5nd er over meg <\/span><span class=\"gBYvFf C9DxTc\">for han har salvet meg til \u00e5 forkynne de gode nyhetene for de fattige.\u00a0<\/span><span class=\"gBYvFf C9DxTc\">Han har sendt meg for \u00e5 forkynne frihet for fangene\u00a0<\/span><span class=\"gBYvFf C9DxTc\">og gjenvinning av synet for blinde,\u00a0<\/span><span class=\"gBYvFf C9DxTc\">for \u00e5 sette de undertrykte fri, for \u00e5 forkynne Herrens n\u00e5de\u00e5r.\"<\/span><\/em><span class=\"gBYvFf C9DxTc\">\u00a0 <\/span><span class=\"gBYvFf C9DxTc\">Lukas 4:18-19\u00a0<span>\u00a0<\/span><\/span><\/h5>\n<\/div><\/div><div class=\"w-separator size_large\"><\/div><div class=\"g-cols wpb_row via_grid cols_2 laptops-cols_inherit tablets-cols_inherit mobiles-cols_1 valign_middle type_default reversed stacking_default\" style=\"--columns-gap:4vw;\"><div class=\"wpb_column vc_column_container\"><div class=\"vc_column-inner\"><div class=\"w-image has_ratio align_none\"><div class=\"w-image-h\"><div style=\"padding-bottom:75%\"><\/div><img decoding=\"async\" width=\"1024\" height=\"683\" src=\"https:\/\/www.vmtc.net\/wp-content\/uploads\/2025\/01\/getty-images-GpftgLqbB2k-unsplash-1024x683.jpg\" class=\"attachment-large size-large\" alt=\"vmtc personlig b\u00f8nnetjeneste setter fanger fri\" loading=\"lazy\" \/><\/div><\/div><\/div><\/div><div class=\"wpb_column vc_column_container\"><div class=\"vc_column-inner\"><div class=\"wpb_text_column us_custom_d98eb4eb\"><div class=\"wpb_wrapper\"><h3 class=\"CjVfdc\"><span class=\"C9DxTc\">Personlig b\u00f8nnetjeneste<\/span><\/h3>\n<p>P\u00e5 <strong>Seirende tjeneste gjennom Kristus<\/strong>Vi tror p\u00e5 b\u00f8nnens forvandlende kraft til \u00e5 skape dyp helbredelse og sann frihet. Jesus beskrev sin tjeneste med ord som <strong>gode nyheter, frihet, bedring og gunst<\/strong>-og det er nettopp det vi \u00f8nsker \u00e5 dyrke frem i livene til dem vi tjener.<\/p>\n<p>V\u00e5re <strong>Personlig b\u00f8nnetjeneste<\/strong> f\u00f8lger et kraftfullt, \u00c5ndsledet m\u00f8nster som er utformet for \u00e5 lede de troende inn i st\u00f8rre helhet og frihet. Denne prosessen inkluderer:<\/p>\n<ul>\n<li><strong>Tilgivelse gjennom skriftem\u00e5l<\/strong> - Slipp tidligere s\u00e5r og ta imot Guds n\u00e5de.<\/li>\n<li><strong>Emosjonell helbredelse<\/strong> - \u00c5 tillate Jesus \u00e5 gjenopprette s\u00e5rede hjerter.<\/li>\n<li><strong>Frihet fra \u00e5ndelige festninger<\/strong> - Bryte fri fra negative p\u00e5virkninger og vaner.<\/li>\n<li><strong>Styrking i Den hellige \u00e5nd<\/strong> - \u00c5 leve daglig i Hans n\u00e6rv\u00e6r og kraft.<\/li>\n<\/ul>\n<p>Gjennom denne b\u00f8nnens reise opplever den enkelte <strong>dyp fornyelse, varig fred og en st\u00f8rre n\u00e6rhet til Gud<\/strong>. Vi inviterer deg til \u00e5 g\u00e5 inn i denne prosessen og oppdage det rike livet Jesus har lovet deg!<\/p>\n<\/div><\/div><\/div><\/div><\/div><div class=\"w-separator size_large\"><\/div><div class=\"g-cols wpb_row via_grid cols_2 laptops-cols_inherit tablets-cols_inherit mobiles-cols_1 valign_middle type_default stacking_default\" style=\"--columns-gap:4vw;\"><div class=\"wpb_column vc_column_container\"><div class=\"vc_column-inner\"><div class=\"wpb_text_column us_custom_b818dcba\"><div class=\"wpb_wrapper\"><h3><strong>Er b\u00f8nnetjeneste noe for deg?<\/strong><\/h3>\n<p>F\u00f8ler du deg fastl\u00e5st, overveldet eller tynget av livets utfordringer? Vi st\u00e5r alle overfor utfordringer som kan tynge oss ned, men du trenger ikke \u00e5 b\u00e6re dem alene.<\/p>\n<ul>\n<li><strong>F\u00f8lelsesmessige byrder<\/strong> - Uforl\u00f8st smerte kan f\u00f8les overveldende.<\/li>\n<li><strong>Relasjonelle utfordringer<\/strong> - Tidligere s\u00e5r kan p\u00e5virke hvordan vi knytter oss til andre.<\/li>\n<li><strong>Overbelastning av stress<\/strong> - Presset i hverdagen kan gj\u00f8re oss utslitt.<\/li>\n<li><strong>Tidligere traumer<\/strong> - Smertefulle opplevelser kan fortsette \u00e5 p\u00e5virke ditt n\u00e5v\u00e6rende velv\u00e6re.<\/li>\n<li><strong>Skadelige vaner<\/strong> - Usunne m\u00f8nstre kan f\u00f8re til at du f\u00f8ler deg fanget.<\/li>\n<\/ul>\n<p>Hvis noen av disse gir gjenklang hos deg, kan en <strong>Personlig b\u00f8nnetjeneste<\/strong> kan hjelpe deg. Gjennom b\u00f8nn ledet av \u00c5nden kan du finne helbredelse, frihet og fornyelse i Guds n\u00e6rv\u00e6r.<\/p>\n<p>Er du klar til \u00e5 ta det neste skrittet mot helhet?<\/p>\n<\/div><\/div><\/div><\/div><div class=\"wpb_column vc_column_container\"><div class=\"vc_column-inner\"><div class=\"w-image has_ratio align_none\"><div class=\"w-image-h\"><div style=\"padding-bottom:100%\"><\/div><img decoding=\"async\" width=\"1024\" height=\"683\" src=\"https:\/\/www.vmtc.net\/wp-content\/uploads\/2025\/04\/people-supporting-depressed-woman-at-psychotherapy-2025-03-10-00-52-11-utc-1024x683.jpg\" class=\"attachment-large size-large\" alt=\"vmtc\" loading=\"lazy\" \/><\/div><\/div><\/div><\/div><\/div><div class=\"w-separator size_large\"><\/div><div class=\"g-cols wpb_row via_grid cols_2 laptops-cols_inherit tablets-cols_inherit mobiles-cols_1 valign_middle type_default reversed stacking_default\" style=\"--columns-gap:4vw;\"><div class=\"wpb_column vc_column_container\"><div class=\"vc_column-inner\"><div class=\"w-image has_ratio align_none\"><div class=\"w-image-h\"><div style=\"padding-bottom:100%\"><\/div><img decoding=\"async\" width=\"683\" height=\"1024\" src=\"https:\/\/www.vmtc.net\/wp-content\/uploads\/2025\/01\/ave-calvar-6wfR3aKYyhU-unsplash-683x1024.jpg\" class=\"attachment-large size-large\" alt=\"vmtc depresjon angst\" loading=\"lazy\" \/><\/div><\/div><\/div><\/div><div class=\"wpb_column vc_column_container\"><div class=\"vc_column-inner\"><div class=\"wpb_text_column us_custom_d98eb4eb\"><div class=\"wpb_wrapper\"><div class=\"flex-shrink-0 flex flex-col relative items-end\">\n<div>\n<div class=\"pt-0\">\n<div class=\"gizmo-bot-avatar flex h-8 w-8 items-center justify-center overflow-hidden rounded-full\">\n<div class=\"relative p-1 rounded-sm flex items-center justify-center bg-token-main-surface-primary text-token-text-primary h-8 w-8\">\u00a0<\/div>\n<\/div>\n<\/div>\n<\/div>\n<\/div>\n<div class=\"group\/conversation-turn relative flex w-full min-w-0 flex-col agent-turn\">\n<div class=\"flex-col gap-1 md:gap-3\">\n<div class=\"flex max-w-full flex-col flex-grow\">\n<div class=\"min-h-8 text-message flex w-full flex-col items-end gap-2 whitespace-normal break-words text-start &#091;.text-message+&amp;&#093;:mt-5\" dir=\"auto\" data-message-author-role=\"assistant\" data-message-id=\"ee411f7d-4d24-44e9-b36e-4a6df5395964\" data-message-model-slug=\"gpt-4o\">\n<div class=\"flex w-full flex-col gap-1 empty:hidden first:pt-&#091;3px&#093;\">\n<div class=\"markdown prose w-full break-words dark:prose-invert light\">\n<p><strong>Hva b\u00f8nnetjeneste IKKE er<\/strong><\/p>\n<p>Selv om b\u00f8nnetjenesten er et kraftfullt verkt\u00f8y for helbredelse og frihet, er det viktig \u00e5 forst\u00e5 hva det er <em>ikke<\/em>:<\/p>\n<ul>\n<li><strong>Kriseintervensjon<\/strong> - Vi fokuserer p\u00e5 \u00e5 lege tidligere s\u00e5r etter traumer og kj\u00e6rlighetssorg, snarere enn \u00e5 h\u00e5ndtere umiddelbare kriser.<\/li>\n<li><strong>R\u00e5dgivning<\/strong> - Vi kommer ikke med r\u00e5d eller personlige meninger. I stedet skaper vi rom for at Den hellige \u00e5nd kan lede og gi \u00e5penbaring.<\/li>\n<li><strong>P\u00e5g\u00e5ende \u00f8kter<\/strong> - B\u00f8nnetjenesten er en <em>engangs<\/em> og stoler p\u00e5 at Den Hellige \u00c5nd vil fortsette sitt arbeid utover dette \u00f8yeblikket. Vi oppfordrer imidlertid enkeltpersoner til \u00e5 motta forb\u00f8nn <strong>\u00e5rlig<\/strong> for kontinuerlig \u00e5ndelig fornyelse.<\/li>\n<\/ul>\n<p>V\u00e5rt m\u00e5l er \u00e5 hjelpe deg med \u00e5 g\u00e5 inn <strong>helbredelse, frihet og helhet<\/strong>, i tillit til Guds p\u00e5g\u00e5ende arbeid i livet ditt.<\/p>\n<\/div>\n<\/div>\n<\/div>\n<\/div>\n<\/div>\n<\/div>\n<\/div><\/div><\/div><\/div><\/div><\/div><\/div><\/div><\/div><\/section><section class=\"l-section wpb_row height_custom\"><div class=\"l-section-h i-cf\"><div class=\"g-cols vc_row via_grid cols_2 laptops-cols_inherit tablets-cols_inherit mobiles-cols_1 valign_top type_default stacking_default\"><div class=\"wpb_column vc_column_container\"><div class=\"vc_column-inner\"><div class=\"w-separator size_huge\"><\/div><div class=\"w-separator size_huge\"><\/div><div class=\"w-separator size_medium\"><\/div><div class=\"w-image align_none\"><div class=\"w-image-h\"><img decoding=\"async\" width=\"563\" height=\"1024\" src=\"https:\/\/www.vmtc.net\/wp-content\/uploads\/2025\/04\/IMG_7460-563x1024.jpg\" class=\"attachment-large size-large\" alt=\"VMTC Victorious Ministry Through Christ usa\" loading=\"lazy\" srcset=\"https:\/\/www.vmtc.net\/wp-content\/uploads\/2025\/04\/IMG_7460-563x1024.jpg 563w, https:\/\/www.vmtc.net\/wp-content\/uploads\/2025\/04\/IMG_7460-165x300.jpg 165w, https:\/\/www.vmtc.net\/wp-content\/uploads\/2025\/04\/IMG_7460-7x12.jpg 7w, https:\/\/www.vmtc.net\/wp-content\/uploads\/2025\/04\/IMG_7460-600x1092.jpg 600w, https:\/\/www.vmtc.net\/wp-content\/uploads\/2025\/04\/IMG_7460.jpg 754w\" sizes=\"auto, (max-width: 563px) 100vw, 563px\" \/><\/div><\/div><\/div><\/div><div class=\"wpb_column vc_column_container us_custom_21c3ffa6 has_bg_color\"><div class=\"vc_column-inner\"><div class=\"wpb_text_column\"><div class=\"wpb_wrapper\"><h3 class=\"CjVfdc\"><span class=\"C9DxTc\">Hva du kan forvente deg av en b\u00f8nnesamtale<\/span><\/h3>\n<\/div><\/div><div class=\"w-separator size_small\"><\/div><div class=\"wpb_text_column\"><div class=\"wpb_wrapper\"><h5><strong>Utdannet team<\/strong><\/h5>\n<p>Hver samling ledes av to utdannede b\u00f8nneforkynnere - en hovedforkynner og en st\u00f8tteforkynner. Noen ganger kan en tredje person, en s\u00e5kalt forbeder, ogs\u00e5 v\u00e6re til stede. Alle teammedlemmene har gjennomg\u00e5tt omfattende oppl\u00e6ring gjennom Victorious Ministry Through Christ, inkludert flere skoler i b\u00f8nnetjeneste og mentormuligheter, noe som sikrer en \u00c5ndsledet og effektiv opplevelse.<\/p>\n<p><strong>Langsiktig transformasjon<\/strong><\/p>\n<p>B\u00f8nnetjenesten er ikke en rask l\u00f8sning p\u00e5 umiddelbare kriser. I stedet s\u00f8ker den \u00e5 skape dyp, varig forandring ved \u00e5 hjelpe enkeltpersoner til \u00e5 overgi byrder til Guds helbredende n\u00e5de, noe som f\u00f8rer til dyp frihet i Kristus.<\/p>\n<p><strong>Gratis og frivillig tjeneste<\/strong><\/p>\n<p>B\u00f8nnetjenerne v\u00e5re arbeider frivillig, og det koster ingenting \u00e5 motta b\u00f8nnetjeneste. Vi tar gjerne imot donasjoner til VMTC for \u00e5 st\u00f8tte tjenesten, og hvis b\u00f8nnetjenerne har reist for \u00e5 delta p\u00e5 m\u00f8tet ditt, setter vi pris p\u00e5 et bidrag til transportkostnadene deres.<\/p>\n<p><strong>Oppdage bakenforliggende \u00e5rsaker<\/strong><\/p>\n<p>B\u00f8nnetjenesten g\u00e5r utover overfladiske problemer og tar tak i de underliggende \u00e5ndelige, emosjonelle og relasjonelle problemene som kan hindre deg i \u00e5 bli fri og hel.<\/p>\n<p><strong>\u00c5penhet og tilgivelse<\/strong><\/p>\n<p>Helbredelse begynner med et ydmykt og \u00e6rlig hjerte. Du vil f\u00e5 muligheten til \u00e5:<\/p>\n<ul>\n<li>Ta imot Guds tilgivelse for tidligere synder.<\/li>\n<li>Tilgi andre som har s\u00e5ret deg.<\/li>\n<li>La Den hellige \u00e5nd bringe helbredelse og frihet p\u00e5 omr\u00e5der der det er behov for det.<\/li>\n<\/ul>\n<h5><strong>Trofast forpliktelse<\/strong><\/h5>\n<p>\u00c5 oppleve helbredelse er bare begynnelsen. For \u00e5 vandre i varig frihet er det viktig \u00e5 samarbeide aktivt med Den Hellige \u00c5nd ogs\u00e5 etter timen, og forplikte seg til et liv i overgivelse og vekst i Kristus.<\/p>\n<h5><strong>Fullstendig konfidensialitet<\/strong><\/h5>\n<p>Timen din er helt privat. Ingen notater blir tatt, og ingen detaljer blir delt med noen p\u00e5 noe tidspunkt. Dette sikrer et trygt og hellig rom for din helbredende reise.<\/p>\n<h5><strong>Logistikk<\/strong><\/h5>\n<ul>\n<li>Sted - Samtalene finner sted i et behagelig og privat milj\u00f8, ofte i en lokal kirke.<\/li>\n<li>Varighet - Sett av tre timer til b\u00f8nnesamtalen for \u00e5 sikre en grundig og rolig b\u00f8nnestund.<\/li>\n<\/ul>\n<\/div><\/div><div class=\"w-separator size_medium\"><\/div><div class=\"w-btn-wrapper align_none\"><a class=\"w-btn us-btn-style_1\" href=\"\/nb\/okt_inntak_skjema\/\"><span class=\"w-btn-label\">Skjema f\u00f8r \u00f8kten<\/span><\/a><\/div><\/div><\/div><\/div><\/div><\/section><section class=\"l-section wpb_row us_custom_10ed3c95 height_auto\"><div class=\"l-section-h i-cf\"><div class=\"g-cols vc_row via_grid cols_custom laptops-cols_inherit tablets-cols_inherit mobiles-cols_1 valign_middle type_default reversed stacking_default\"><\/div><\/div><\/section><div class=\"wpb_column vc_column_container\"><div class=\"vc_column-inner\"><div class=\"g-cols wpb_row via_grid cols_2 laptops-cols_inherit tablets-cols_inherit mobiles-cols_1 valign_middle type_default reversed stacking_default\" style=\"--columns-gap:0rem;\"><div class=\"wpb_column vc_column_container us_custom_b4843623 has_bg_color\"><div class=\"vc_column-inner\"><h4 class=\"w-text us_custom_6745946f has_text_color\"><span class=\"w-text-h\"><span class=\"w-text-value\">HER FOR \u00c5 HJELPE<\/span><\/span><\/h4><h2 class=\"w-text\"><span class=\"w-text-h\"><span class=\"w-text-value\">Har du noen sp\u00f8rsm\u00e5l?<\/span><\/span><\/h2><div class=\"wpb_text_column us_custom_59aee68e\"><div class=\"wpb_wrapper\"><h3><strong>L\u00e6r \u00e5 tjene i b\u00f8nn<\/strong><\/h3>\n<p>Utvikle <strong>bibeltro, disiplinert og ledet av Den hellige \u00e5nd<\/strong> ferdigheter i b\u00f8nnetjeneste som gjelder <strong>Jesu l\u00f8fter<\/strong> til dem som har det vondt. Gjennom <strong>oppl\u00e6ring fra person til person<\/strong>f\u00e5r du praktisk erfaring og \u00e5ndelig innsikt som gj\u00f8r deg i stand til \u00e5 hjelpe andre til \u00e5 finne helbredelse og frihet i Kristus.<\/p>\n<p>Bli med oss i denne <strong>transformativ reise<\/strong> og v\u00e6r med p\u00e5 \u00e5 se liv forandres gjennom b\u00f8nnens kraft!<\/p>\n<\/div><\/div><div class=\"w-separator size_custom\" style=\"height:40px\"><\/div><div class=\"w-btn-wrapper align_none\"><a class=\"w-btn us-btn-style_2\" href=\"\/nb\/kontaktskjema-generelt\/\"><span class=\"w-btn-label\">Kontakt oss<\/span><\/a><\/div><\/div><\/div><div class=\"wpb_column vc_column_container us_custom_a541fb6c has_bg_color\"><div class=\"vc_column-inner\"><\/div><\/div><\/div><\/div><\/div>","protected":false},"excerpt":{"rendered":"","protected":false},"author":1,"featured_media":0,"parent":0,"menu_order":0,"comment_status":"closed","ping_status":"closed","template":"","meta":{"om_disable_all_campaigns":false,"_monsterinsights_skip_tracking":false,"_monsterinsights_sitenote_active":false,"_monsterinsights_sitenote_note":"","_monsterinsights_sitenote_category":0,"footnotes":""},"class_list":["post-2221","page","type-page","status-publish","hentry"],"aioseo_notices":[],"_links":{"self":[{"href":"https:\/\/www.vmtc.net\/nb\/wp-json\/wp\/v2\/pages\/2221","targetHints":{"allow":["GET"]}}],"collection":[{"href":"https:\/\/www.vmtc.net\/nb\/wp-json\/wp\/v2\/pages"}],"about":[{"href":"https:\/\/www.vmtc.net\/nb\/wp-json\/wp\/v2\/types\/page"}],"author":[{"embeddable":true,"href":"https:\/\/www.vmtc.net\/nb\/wp-json\/wp\/v2\/users\/1"}],"replies":[{"embeddable":true,"href":"https:\/\/www.vmtc.net\/nb\/wp-json\/wp\/v2\/comments?post=2221"}],"version-history":[{"count":0,"href":"https:\/\/www.vmtc.net\/nb\/wp-json\/wp\/v2\/pages\/2221\/revisions"}],"wp:attachment":[{"href":"https:\/\/www.vmtc.net\/nb\/wp-json\/wp\/v2\/media?parent=2221"}],"curies":[{"name":"wp","href":"https:\/\/api.w.org\/{rel}","templated":true}]}}