{"id":1859,"date":"2025-03-21T03:57:19","date_gmt":"2025-03-21T03:57:19","guid":{"rendered":"https:\/\/vmtc.us\/?page_id=1859"},"modified":"2025-03-21T03:59:04","modified_gmt":"2025-03-21T03:59:04","slug":"vmtc_foundation","status":"publish","type":"page","link":"https:\/\/www.vmtc.net\/nb\/vmtc_foundation\/","title":{"rendered":"Det tidlige grunnlaget"},"content":{"rendered":"<section class=\"l-section wpb_row us_custom_cf3d7369 height_auto\"><div class=\"l-section-h i-cf\"><div class=\"g-cols vc_row via_grid cols_2-3 laptops-cols_2 tablets-cols_1 mobiles-cols_1 valign_top type_default stacking_default\"><div class=\"wpb_column vc_column_container type_sticky\"><div class=\"vc_column-inner\"><div class=\"w-separator size_large\"><\/div><h2 class=\"w-text\"><span class=\"w-text-h\"><span class=\"w-text-value\">Fru Anne S. White <\/span><\/span><\/h2><h2 class=\"w-text\"><span class=\"w-text-h\"><span class=\"w-text-value\"> Den tidlige visjonen<\/span><\/span><\/h2><div class=\"w-separator us_custom_9127616d size_large\"><\/div><\/div><\/div><div class=\"wpb_column vc_column_container us_custom_8c172a66 has_bg_color stretched\"><div class=\"vc_column-inner\"><div class=\"wpb_text_column us_custom_c646a5e5\"><div class=\"wpb_wrapper\"><h3 data-start=\"149\" data-end=\"209\">Opprinnelsen til Victorious Ministry Through Christ (VMTC)<\/h3>\n<p data-start=\"149\" data-end=\"209\">Victorious Ministry Through Christ (VMTC) ble grunnlagt av fru Anne S. White fra Florida, en av pionerene i etterkrigstidens karismatiske bevegelse. Mens hun var alene i en skipslugar, opplevde hun d\u00e5pen i Den hellige \u00e5nd - et mektig m\u00f8te som kom p\u00e5 et tidspunkt da det fantes lite eller ingen moderne undervisning om emnet.<\/p>\n<p data-start=\"149\" data-end=\"209\">Denne livsforvandlende opplevelsen ble starten p\u00e5 en global tjeneste. Gjennom 1950-, 60- og 70-tallet ble fru White en fremtredende internasjonal evangelist som forkynte et budskap om \u00e5ndelig fornyelse, utfrielse og et seirende liv gjennom Kristus.<\/p>\n<p data-start=\"149\" data-end=\"209\">Hennes gudgitte visjon ble grunnlaget for VMTC, en tjeneste som fortsetter \u00e5 trene, utruste og styrke troende over hele verden gjennom Den hellige \u00e5nds forvandlende kraft.<\/p>\n<\/div><\/div><\/div><\/div><\/div><\/div><\/section><section class=\"l-section wpb_row us_custom_cf3d7369 height_auto\"><div class=\"l-section-h i-cf\"><div class=\"g-cols vc_row via_grid cols_2-3 laptops-cols_2 tablets-cols_1 mobiles-cols_1 valign_top type_default stacking_default\"><div class=\"wpb_column vc_column_container type_sticky\"><div class=\"vc_column-inner\"><div class=\"w-separator size_large\"><\/div><h2 class=\"w-text\"><span class=\"w-text-h\"><span class=\"w-text-value\">Grunnlaget for VMTC <\/span><\/span><\/h2><h2 class=\"w-text\"><span class=\"w-text-h\"><span class=\"w-text-value\"> Anne S. Whites helbredende reise<\/span><\/span><\/h2><div class=\"w-separator us_custom_9127616d size_large\"><\/div><\/div><\/div><div class=\"wpb_column vc_column_container us_custom_8c172a66 has_bg_color stretched\"><div class=\"vc_column-inner\"><div class=\"wpb_text_column us_custom_c646a5e5\"><div class=\"wpb_wrapper\"><h3>Jakten p\u00e5 varig seier<\/h3>\n<p>Lenge f\u00f8r Victorious Ministry Through Christ (VMTC) ble grunnlagt, observerte Anne S. White et gjentagende tomrom i kristen tjeneste. Til tross for b\u00f8nn og sjelesorg fortsatte mange troende \u00e5 slite med de samme problemene, uten \u00e5 v\u00e6re i stand til \u00e5 vandre i varig frihet og seier gjennom Kristus.<\/p>\n<p>I 1948 inntraff et avgj\u00f8rende \u00f8yeblikk som forandret alt. Som ung mor med begrenset tid til \u00e5ndelige sysler hadde fru White et dyptgripende m\u00f8te med Gud som skulle forandre livet hennes for alltid. Denne forvandlende opplevelsen ble hj\u00f8rnesteinen i det som etter hvert skulle utvikle seg til VMTCs b\u00f8nnetjeneste.<\/p>\n<\/div><\/div><\/div><\/div><\/div><\/div><\/section><section class=\"l-section wpb_row us_custom_24941e40 height_auto\"><div class=\"l-section-h i-cf\"><div class=\"g-cols vc_row via_grid cols_2-3 laptops-cols_2 tablets-cols_1 mobiles-cols_1 valign_top type_default stacking_default\"><div class=\"wpb_column vc_column_container type_sticky\"><div class=\"vc_column-inner\"><div class=\"w-separator size_large\"><\/div><h2 class=\"w-text\"><span class=\"w-text-h\"><span class=\"w-text-value\">Et avgj\u00f8rende \u00f8yeblikk<\/span><\/span><\/h2><h2 class=\"w-text\"><span class=\"w-text-h\"><span class=\"w-text-value\">Helbredelse gjennom tilgivelse<\/span><\/span><\/h2><div class=\"w-separator us_custom_9127616d size_large\"><\/div><\/div><\/div><div class=\"wpb_column vc_column_container us_custom_8c172a66 has_bg_color stretched\"><div class=\"vc_column-inner\"><div class=\"wpb_text_column us_custom_c646a5e5\"><div class=\"wpb_wrapper\"><h3 data-start=\"843\" data-end=\"918\">Fru White fortalte om dette \u00f8yeblikket i sin bok Healing Adventure fra 1969:<\/h3>\n<blockquote data-start=\"920\" data-end=\"2133\">\n<p data-start=\"922\" data-end=\"1137\"><em data-start=\"922\" data-end=\"1135\">\"I tre lange \u00e5r hadde v\u00e5r fem \u00e5r gamle s\u00f8nn lidd av forferdelige astmaanfall ... selv et klimaforandring ga ingen lindring. I de verste periodene m\u00e5tte han f\u00e5 adrenalinspr\u00f8yter for \u00e5 f\u00e5 hjelp til \u00e5 puste.<\/em><\/p>\n<p data-start=\"1144\" data-end=\"1485\"><em data-start=\"1144\" data-end=\"1483\">En natt, etter \u00e5 ha lest et magasin om nylige helbredelser, kjente jeg at min tapte barnetro kom tilbake. Klokken to om natten gikk jeg for \u00e5 se til s\u00f8nnen min, men det var for tidlig for mer medisin. I desperasjon tenkte jeg: \"Det er ingenting jeg kan gj\u00f8re. I det \u00f8yeblikket h\u00f8rte jeg en stille, liten stemme si: \"Jo, det er det. Du kan knele ned og be.<\/em><\/p>\n<p data-start=\"1492\" data-end=\"1745\"><em data-start=\"1492\" data-end=\"1743\">S\u00e5 fortsatte stemmen: \"Det er ikke Min vilje at et uskyldig barn skal lide. Det er din bitre vrede - du m\u00e5 tilgi denne personen. I det \u00f8yeblikket \u00e5penbarte Gud at min bitterhet mot min svigermor var blitt en \u00e5ndelig barriere.<\/em><\/p>\n<p data-start=\"1752\" data-end=\"1955\"><em data-start=\"1752\" data-end=\"1953\">Ved Guds n\u00e5de sa jeg: \"Jeg tilgir henne, Herre\" - og til min store overraskelse mente jeg det virkelig! S\u00e5 talte stemmen igjen: \"Hvis du virkelig har tro, vil du takke meg f\u00f8r du ser resultatet.<\/em><\/p>\n<p data-start=\"1962\" data-end=\"2133\"><em data-start=\"1962\" data-end=\"2131\">I et \u00f8yeblikk av fantastisk n\u00e5de hvisket jeg: 'Takk, Herre'. I det \u00f8yeblikket trakk s\u00f8nnen min pusten dypt og stille - han fikk aldri mer et astmaanfall.\"<\/em><\/p>\n<\/blockquote>\n<p data-start=\"2135\" data-end=\"2408\">Denne mirakul\u00f8se helbredelsen forandret radikalt fru Whites forhold til Gud, hennes familie og andre. Det f\u00f8rte henne ut p\u00e5 en livslang reise i guddommelig helbredelse, der hun befridde mennesker fra \u00e5ndelig trelldom gjennom b\u00f8nn, tilgivelse og Den hellige \u00e5nds kraft.<\/p>\n<\/div><\/div><\/div><\/div><\/div><\/div><\/section><section class=\"l-section wpb_row us_custom_cf3d7369 height_auto\"><div class=\"l-section-h i-cf\"><div class=\"g-cols vc_row via_grid cols_2-3 laptops-cols_2 tablets-cols_1 mobiles-cols_1 valign_top type_default stacking_default\"><div class=\"wpb_column vc_column_container us_custom_24941e40 has_bg_color type_sticky\"><div class=\"vc_column-inner\"><div class=\"w-separator size_large\"><\/div><h2 class=\"w-text\"><span class=\"w-text-h\"><span class=\"w-text-value\">F\u00f8dselen av en livslang tjeneste<\/span><\/span><\/h2><h2 class=\"w-text\"><span class=\"w-text-h\"><span class=\"w-text-value\"> <\/span><\/span><\/h2><div class=\"w-separator us_custom_3da2c7db size_large\"><\/div><\/div><\/div><div class=\"wpb_column vc_column_container us_custom_8c172a66 has_bg_color stretched\"><div class=\"vc_column-inner\"><div class=\"wpb_text_column us_custom_c646a5e5\"><div class=\"wpb_wrapper\"><h3 data-start=\"2457\" data-end=\"2771\">Fra den dagen av<\/h3>\n<p data-start=\"2457\" data-end=\"2771\">Anne S. White viet livet sitt til \u00e5 dele Jesu forl\u00f8sende kj\u00e6rlighet med dem som var knust av synd, fylt av hat eller fanget i frykt og selvmedlidenhet. Hennes kall ble en livslang fordypning i guddommelig helbredelse - en tjeneste som fortsatte helt til hun gikk bort i januar 2000.<\/p>\n<p data-start=\"2773\" data-end=\"3116\">Fru White etterlot seg en dyrebar \u00e5ndelig arv gjennom sine \u00e5tte b\u00f8ker som ble utgitt mellom 1969 og 1998, hvorav den siste, Winning Victory, er det n\u00e6rmeste man kommer en selvbiografi. Disse b\u00f8kene, som er fylt med l\u00e6resetninger, vitnesbyrd, andakter og profetier, trykkes fortsatt i dag og fortsetter \u00e5 p\u00e5virke liv verden over.<\/p>\n<\/div><\/div><\/div><\/div><\/div><\/div><\/section><section class=\"l-section wpb_row us_custom_c70c97eb height_custom\"><div class=\"l-section-h i-cf\"><div class=\"g-cols vc_row via_grid cols_1 laptops-cols_inherit tablets-cols_inherit mobiles-cols_1 valign_top type_default stacking_default\"><div class=\"wpb_column vc_column_container us_custom_f45df7e2 has_bg_color\"><div class=\"vc_column-inner\"><div class=\"g-cols wpb_row via_grid cols_3-2 laptops-cols_2 tablets-cols_inherit mobiles-cols_1 valign_top type_default stacking_default\" style=\"--columns-gap:4vw;\"><div class=\"wpb_column vc_column_container\"><div class=\"vc_column-inner\"><h2 class=\"w-text\"><span class=\"w-text-h\"><span class=\"w-text-value\">Meld deg p\u00e5 skolen 6. september<\/span><\/span><\/h2><\/div><\/div><div class=\"wpb_column vc_column_container\"><div class=\"vc_column-inner\"><div class=\"wpb_text_column\"><div class=\"wpb_wrapper\"><p><span>Oppl\u00e6ringen begynner 6. september 2025 og slutter 9. oktober 2024. Oppl\u00e6ringen vil bli holdt i Lighthouse Church 1090 California Street, Redding CA 96003 kl. 18:00.\u00a0<\/span><\/p>\n<\/div><\/div><div class=\"w-separator size_medium\"><\/div><div class=\"w-btn-wrapper align_justify\"><a class=\"w-btn us-btn-style_1\" href=\"\/nb\/boot-camp-registration\/\"><span class=\"w-btn-label\">Registrer deg i dag<\/span><\/a><\/div><\/div><\/div><\/div><\/div><\/div><\/div><\/div><\/section>","protected":false},"excerpt":{"rendered":"","protected":false},"author":1,"featured_media":0,"parent":0,"menu_order":0,"comment_status":"closed","ping_status":"closed","template":"","meta":{"om_disable_all_campaigns":false,"_monsterinsights_skip_tracking":false,"_monsterinsights_sitenote_active":false,"_monsterinsights_sitenote_note":"","_monsterinsights_sitenote_category":0,"footnotes":""},"class_list":["post-1859","page","type-page","status-publish","hentry"],"aioseo_notices":[],"_links":{"self":[{"href":"https:\/\/www.vmtc.net\/nb\/wp-json\/wp\/v2\/pages\/1859","targetHints":{"allow":["GET"]}}],"collection":[{"href":"https:\/\/www.vmtc.net\/nb\/wp-json\/wp\/v2\/pages"}],"about":[{"href":"https:\/\/www.vmtc.net\/nb\/wp-json\/wp\/v2\/types\/page"}],"author":[{"embeddable":true,"href":"https:\/\/www.vmtc.net\/nb\/wp-json\/wp\/v2\/users\/1"}],"replies":[{"embeddable":true,"href":"https:\/\/www.vmtc.net\/nb\/wp-json\/wp\/v2\/comments?post=1859"}],"version-history":[{"count":0,"href":"https:\/\/www.vmtc.net\/nb\/wp-json\/wp\/v2\/pages\/1859\/revisions"}],"wp:attachment":[{"href":"https:\/\/www.vmtc.net\/nb\/wp-json\/wp\/v2\/media?parent=1859"}],"curies":[{"name":"wp","href":"https:\/\/api.w.org\/{rel}","templated":true}]}}