{"id":1822,"date":"2024-08-19T03:23:03","date_gmt":"2024-08-19T03:23:03","guid":{"rendered":"https:\/\/vmtc.us\/?page_id=1822"},"modified":"2025-11-19T05:26:37","modified_gmt":"2025-11-19T05:26:37","slug":"vmtv-ministry-skoler","status":"publish","type":"page","link":"https:\/\/www.vmtc.net\/nb\/vmtv-ministry-schools\/","title":{"rendered":"VMTC-skoler"},"content":{"rendered":"<section class=\"l-section wpb_row height_auto\"><div class=\"l-section-h i-cf\"><div class=\"g-cols vc_row via_grid cols_2-3 laptops-cols_2 tablets-cols_1 mobiles-cols_1 valign_top type_default stacking_default\"><div class=\"wpb_column vc_column_container type_sticky\"><div class=\"vc_column-inner\"><div class=\"w-separator size_large\"><\/div><h2 class=\"w-text us_custom_eb849559\"><span class=\"w-text-h\"><span class=\"w-text-value\">Bli en b\u00f8nneprest<\/span><\/span><\/h2><div class=\"w-image has_ratio align_none\"><div class=\"w-image-h\"><div style=\"padding-bottom:100%\"><\/div><img decoding=\"async\" width=\"592\" height=\"1024\" src=\"https:\/\/www.vmtc.net\/wp-content\/uploads\/2025\/03\/IMG_7816-592x1024.jpg\" class=\"attachment-large size-large\" alt=\"VMTC Redding, ministry school, vmtc, deliverance, spiritual warfare\" loading=\"lazy\" \/><\/div><\/div><div class=\"w-separator size_medium\"><\/div><\/div><\/div><div class=\"wpb_column vc_column_container us_custom_8c172a66 has_bg_color stretched\"><div class=\"vc_column-inner\"><div class=\"wpb_text_column us_custom_a5ef9130\"><div class=\"wpb_wrapper\"><h4><strong>Utruste de hellige til en effektiv b\u00f8nnetjeneste<\/strong><\/h4>\n<p>P\u00e5 <strong>Seirende tjeneste gjennom Kristus<\/strong>V\u00e5r lidenskap er \u00e5 trene og utruste troende til den viktige tjenesten med helbredelse og utfrielse. Vi tror at forkynnere kan l\u00e6re et \u00c5ndsledet rammeverk for b\u00f8nnetjeneste som gir sann frihet i Kristus.<\/p>\n<h4><strong>En bibelsk tiln\u00e6rming til \u00e5 sette fanger fri<\/strong><\/h4>\n<p>V\u00e5r b\u00f8nneskole gir omfattende oppl\u00e6ring i v\u00e5r velpr\u00f8vde modell for b\u00f8nnetjeneste. Gjennom en strukturert, men \u00c5ndsledet prosess underviser og forbereder vi enkeltpersoner til deres tjeneste\u00f8kter. V\u00e5re utdannede b\u00f8nneteam utf\u00f8rer b\u00f8nnetjenesten stille og varsomt, slik at Guds kraft kan gi varig frihet - uten hype eller fanfare.<\/p>\n<h4><strong>Oppl\u00e6ring som f\u00f8rer til varig frihet<\/strong><\/h4>\n<p>Befrielse er bare begynnelsen. Vi legger vekt p\u00e5 viktigheten av oppf\u00f8lgingsundervisning for \u00e5 hjelpe den enkelte til \u00e5 holde seg fri, gjenkjenne fiendens taktikker og vandre i seier gjennom \u00e5ndelig krigf\u00f8ring. V\u00e5r ni-trinns prosess er grundig, effektiv og dypt forankret i Skriften, og gir deg alt du trenger for \u00e5 bli en <strong>Seirende tjeneste gjennom Kristus<\/strong> b\u00f8nneprest.<\/p>\n<h4><strong>Ledet av Den hellige \u00e5nd, forankret i Kristus<\/strong><\/h4>\n<p>Dette er ikke bare en metode - det er en prosess som drives av \u00c5nden. Vi erkjenner at Kristus alene gj\u00f8r verket og mottar \u00e6ren. Som Hans menighet tjener vi gjennom den autoritet og kraft Han har gitt oss, og vi stoler alltid p\u00e5 at Den hellige \u00e5nds gaver veileder oss og virker gjennom oss.<\/p>\n<p>Er du klar til \u00e5 bli utrustet til denne livsforvandlende tjenesten? <strong>L\u00e6r mer om oppl\u00e6ringen v\u00e5r og bli en Victorious Ministry Through Christ b\u00f8nnetjener i dag.<\/strong><\/p>\n<\/div><\/div><\/div><\/div><\/div><\/div><\/section><section class=\"l-section wpb_row us_custom_c70c97eb height_custom\"><div class=\"l-section-h i-cf\"><div class=\"g-cols vc_row via_grid cols_1 laptops-cols_inherit tablets-cols_inherit mobiles-cols_1 valign_top type_default stacking_default\"><div class=\"wpb_column vc_column_container us_custom_61f8da77 has_bg_color\"><div class=\"vc_column-inner\"><div class=\"g-cols wpb_row via_grid cols_3-2 laptops-cols_2 tablets-cols_inherit mobiles-cols_1 valign_top type_default stacking_default\" style=\"--columns-gap:4vw;\"><div class=\"wpb_column vc_column_container\"><div class=\"vc_column-inner\"><h2 class=\"w-text\"><span class=\"w-text-h\"><span class=\"w-text-value\">February 2026 date to be announced<\/span><\/span><\/h2><div class=\"wpb_text_column\"><div class=\"wpb_wrapper\"><h3>Redding CA &#8220;The Call to Renewal&#8221;<\/h3>\n<\/div><\/div><div class=\"w-separator size_medium\"><\/div><div class=\"wpb_text_column\"><div class=\"wpb_wrapper\"><h4 style=\"text-align: left;\"><strong data-start=\"1105\" data-end=\"1174\">\u201cFor the Good of the One \u2014 VMTC\u00a0 Relaunch Gathering\u201d<\/strong><br data-start=\"1174\" data-end=\"1177\" \/><em data-start=\"1179\" data-end=\"1247\">Led by the Holy Spirit for the good of the one receiving ministry.<\/em><\/h4>\n<\/div><\/div><\/div><\/div><div class=\"wpb_column vc_column_container\"><div class=\"vc_column-inner\"><div class=\"wpb_text_column\"><div class=\"wpb_wrapper\"><p>\u201cVMTC-International is stepping into a new direction \u2014 a fresh anointing and renewed vision. We move forward led by the Holy Spirit for the good of the one receiving ministry, equipping believers worldwide to minister healing and deliverance in Jesus\u2019 name.\u201d<\/p>\n<\/div><\/div><div class=\"w-separator size_medium\"><\/div><div class=\"w-btn-wrapper align_justify\"><a class=\"w-btn us-btn-style_1\" href=\"\/nb\/redding-skole-registrering\/\"><span class=\"w-btn-label\">Registrer deg<\/span><\/a><\/div><\/div><\/div><\/div><div class=\"w-text no_text\"><span class=\"w-text-h\"><span class=\"w-text-value\"><\/span><\/span><\/div><\/div><\/div><div class=\"wpb_column vc_column_container us_custom_61f8da77 has_bg_color\"><div class=\"vc_column-inner\"><div class=\"g-cols wpb_row via_grid cols_3-2 laptops-cols_2 tablets-cols_inherit mobiles-cols_1 valign_top type_default stacking_default\" style=\"--columns-gap:4vw;\"><div class=\"wpb_column vc_column_container\"><div class=\"vc_column-inner\"><h2 class=\"w-text\"><span class=\"w-text-h\"><span class=\"w-text-value\">Coming Work shops<\/span><\/span><\/h2><h3 class=\"w-text\"><span class=\"w-text-h\"><span class=\"w-text-value\">Spiritual Warfare and prayer ministry training<\/span><\/span><\/h3><\/div><\/div><div class=\"wpb_column vc_column_container\"><div class=\"vc_column-inner\"><div class=\"wpb_text_column\"><div class=\"wpb_wrapper\"><p><span>\u00a0<\/span><\/p>\n<\/div><\/div><div class=\"w-separator size_medium\"><\/div><div class=\"w-btn-wrapper align_justify\"><a class=\"w-btn us-btn-style_1\" href=\"\/nb\/lodi-skole-registrering\/\"><span class=\"w-btn-label\">Closed<\/span><\/a><\/div><\/div><\/div><\/div><\/div><\/div><\/div><\/div><\/section>","protected":false},"excerpt":{"rendered":"","protected":false},"author":1,"featured_media":0,"parent":0,"menu_order":0,"comment_status":"closed","ping_status":"closed","template":"","meta":{"om_disable_all_campaigns":false,"_monsterinsights_skip_tracking":false,"_monsterinsights_sitenote_active":false,"_monsterinsights_sitenote_note":"","_monsterinsights_sitenote_category":0,"footnotes":""},"class_list":["post-1822","page","type-page","status-publish","hentry"],"aioseo_notices":[],"_links":{"self":[{"href":"https:\/\/www.vmtc.net\/nb\/wp-json\/wp\/v2\/pages\/1822","targetHints":{"allow":["GET"]}}],"collection":[{"href":"https:\/\/www.vmtc.net\/nb\/wp-json\/wp\/v2\/pages"}],"about":[{"href":"https:\/\/www.vmtc.net\/nb\/wp-json\/wp\/v2\/types\/page"}],"author":[{"embeddable":true,"href":"https:\/\/www.vmtc.net\/nb\/wp-json\/wp\/v2\/users\/1"}],"replies":[{"embeddable":true,"href":"https:\/\/www.vmtc.net\/nb\/wp-json\/wp\/v2\/comments?post=1822"}],"version-history":[{"count":0,"href":"https:\/\/www.vmtc.net\/nb\/wp-json\/wp\/v2\/pages\/1822\/revisions"}],"wp:attachment":[{"href":"https:\/\/www.vmtc.net\/nb\/wp-json\/wp\/v2\/media?parent=1822"}],"curies":[{"name":"wp","href":"https:\/\/api.w.org\/{rel}","templated":true}]}}