{"id":1672,"date":"2024-08-17T21:50:19","date_gmt":"2024-08-17T21:50:19","guid":{"rendered":"https:\/\/vmtc.us\/?page_id=1672"},"modified":"2025-04-13T20:40:59","modified_gmt":"2025-04-13T20:40:59","slug":"bonn_og_frihet","status":"publish","type":"page","link":"https:\/\/www.vmtc.net\/nb\/prayer_and_freedom\/","title":{"rendered":"B\u00f8nn"},"content":{"rendered":"<section class=\"l-section wpb_row height_custom color_primary with_img\"><div class=\"l-section-img\" role=\"img\" aria-label=\"VMTC Seirende tjeneste gjennom Kristus\" data-img-width=\"2560\" data-img-height=\"1707\" style=\"background-image: url(https:\/\/www.vmtc.net\/wp-content\/uploads\/2025\/04\/friends-huddling-in-art-class-2025-04-05-02-54-48-utc-1-1-scaled.jpg);background-position: top center;\"><\/div><div class=\"l-section-overlay\" style=\"background:rgba(26,26,26,0.25)\"><\/div><div class=\"l-section-h i-cf\"><div class=\"g-cols vc_row via_grid cols_1 laptops-cols_inherit tablets-cols_inherit mobiles-cols_1 valign_top type_default stacking_default\"><div class=\"wpb_column vc_column_container us_custom_a2aeb65f\"><div class=\"vc_column-inner\"><div class=\"w-separator size_medium\"><\/div><h2 class=\"w-text us_custom_eb849559\"><span class=\"w-text-h\"><span class=\"w-text-value\">Ressurser for b\u00f8nn<\/span><\/span><\/h2><\/div><\/div><\/div><\/div><\/section><section class=\"l-section wpb_row height_custom\"><div class=\"l-section-h i-cf\"><div class=\"g-cols vc_row via_grid cols_2 laptops-cols_inherit tablets-cols_1 mobiles-cols_1 valign_middle type_default reversed stacking_default\" style=\"--columns-gap:0rem;\"><div class=\"wpb_column vc_column_container us_custom_8a2a463d\"><div class=\"vc_column-inner\"><div class=\"wpb_text_column us_custom_3fdaf282\"><div class=\"wpb_wrapper\"><h3 style=\"text-align: center;\"><strong>B\u00f8nnens kraft hos Victorious Ministry Through Christ<\/strong><\/h3>\n<p>B\u00f8nn er v\u00e5r direkte forbindelse med Gud - en tid til \u00e5 lytte, tale, s\u00f8ke visdom og motta helbredelse. Det er gjennom b\u00f8nn vi roper ut p\u00e5 vegne av andre og opplever tr\u00f8sten ved \u00e5 vite at Gud h\u00f8rer og svarer.<\/p>\n<p>P\u00e5 VMTC tror vi p\u00e5 b\u00f8nnens kraft, og vi tilbyr flere muligheter for deg til \u00e5 motta personlig tjeneste eller g\u00e5 i forb\u00f8nn for andre:<\/p>\n<ul>\n<li>B\u00f8nnetjeneste etter gudstjenesten - Etter hver gudstjeneste p\u00e5 Lighthouse Redding er b\u00f8nneteamet v\u00e5rt tilgjengelig p\u00e5 hovedtrappen for \u00e5 be sammen med deg.<\/li>\n<li>Ukentlige b\u00f8nnem\u00f8ter - Planlegg en dedikert b\u00f8nnestund med trente forkynnere for personlig oppmuntring, gjennombrudd og helbredelse.<\/li>\n<li>Felles b\u00f8nnesamlinger - Bli med p\u00e5 lengre perioder med felles forb\u00f8nn og b\u00f8nn for \u00e5ndelig krigf\u00f8ring gjennom hele \u00e5ret.<\/li>\n<li>B\u00f8nnetjeneste p\u00e5 arrangementer - Etter hvert planlagte Lighthouse Redding-arrangement er teamet v\u00e5rt tilgjengelig foran i lokalet for alle som trenger b\u00f8nn.<\/li>\n<li>\"B\u00f8nnesamtaler\" - Opplev en personlig b\u00f8nnesamtale p\u00e5 \u00e9n time ledet av et lite team av utdannede sjeles\u00f8rgere, med fokus p\u00e5 dyp helbredelse og \u00e5ndelig fornyelse.<\/li>\n<\/ul>\n<p>\"En rettferdig persons b\u00f8nn er mektig og effektiv.\" - Jakob 5:16<\/p>\n<p>Enten du trenger gjennombrudd, helbredelse eller oppmuntring, inviterer vi deg til \u00e5 g\u00e5 inn i b\u00f8nnens kraft og oppleve Guds n\u00e6rv\u00e6r p\u00e5 en ny m\u00e5te.<\/p>\n<\/div><\/div><\/div><\/div><div class=\"wpb_column vc_column_container\"><div class=\"vc_column-inner\"><div class=\"w-image us_custom_447bff20 align_none\"><div class=\"w-image-h\"><img decoding=\"async\" width=\"1707\" height=\"2560\" src=\"https:\/\/www.vmtc.net\/wp-content\/uploads\/2025\/02\/daiga-ellaby-xZhdKYZkO3w-unsplash-scaled.jpg\" class=\"attachment-full size-full\" alt=\"b\u00f8nneteam online b\u00f8nneforesp\u00f8rsel\" loading=\"lazy\" srcset=\"https:\/\/www.vmtc.net\/wp-content\/uploads\/2025\/02\/daiga-ellaby-xZhdKYZkO3w-unsplash-scaled.jpg 1707w, https:\/\/www.vmtc.net\/wp-content\/uploads\/2025\/02\/daiga-ellaby-xZhdKYZkO3w-unsplash-200x300.jpg 200w, https:\/\/www.vmtc.net\/wp-content\/uploads\/2025\/02\/daiga-ellaby-xZhdKYZkO3w-unsplash-683x1024.jpg 683w, https:\/\/www.vmtc.net\/wp-content\/uploads\/2025\/02\/daiga-ellaby-xZhdKYZkO3w-unsplash-600x900.jpg 600w\" sizes=\"auto, (max-width: 1707px) 100vw, 1707px\" \/><\/div><\/div><\/div><\/div><\/div><\/div><\/section><section class=\"l-section wpb_row height_custom\"><div class=\"l-section-h i-cf\"><div class=\"g-cols vc_row via_grid cols_1 laptops-cols_inherit tablets-cols_2 mobiles-cols_1 valign_top type_default stacking_default\" style=\"--columns-gap:30px;\"><div class=\"wpb_column vc_column_container\"><div class=\"vc_column-inner\"><div class=\"wpb_text_column\"><div class=\"wpb_wrapper\"><h2 class=\"fl-heading\" style=\"text-align: center;\"><span class=\"fl-heading-text\">\u00a0Muligheter for b\u00f8nnetjeneste<\/span><\/h2>\n<\/div><\/div><div class=\"w-separator size_large\"><\/div><div class=\"g-cols wpb_row via_grid cols_3 laptops-cols_inherit tablets-cols_inherit mobiles-cols_1 valign_top type_default stacking_default\" style=\"--columns-gap:2rem;\"><div class=\"wpb_column vc_column_container us_custom_cd895498\"><div class=\"vc_column-inner\"><div class=\"w-text us_custom_f81a1754 has_text_color\"><span class=\"w-text-h\"><span class=\"w-text-value\">F\u00e5 b\u00f8nn<\/span><\/span><\/div><div class=\"wpb_text_column\"><div class=\"wpb_wrapper\"><h3>B\u00f8nnerom<\/h3>\n<p><span>Enkeltpersoner og team er tilgjengelige for \u00e5 be for deg og behovene i livet ditt.<\/span><\/p>\n<\/div><\/div><div class=\"w-separator size_small\"><\/div><div class=\"w-btn-wrapper align_none\"><a class=\"w-btn us-btn-style_1\" href=\"\/nb\/skjema-for-foresporsel-om-bonnesamtale-dato\/\"><span class=\"w-btn-label\">Be om b\u00f8nn<\/span><\/a><\/div><\/div><\/div><div class=\"wpb_column vc_column_container us_custom_cd895498\"><div class=\"vc_column-inner\"><div class=\"w-text us_custom_f81a1754 has_text_color\"><span class=\"w-text-h\"><span class=\"w-text-value\"> Forb\u00f8nn<\/span><\/span><\/div><div class=\"wpb_text_column\"><div class=\"wpb_wrapper\"><h3>B\u00f8nneteam<\/h3>\n<p><span>Del ethvert behov med oss, og b\u00f8nneteamet vil dekke deg gjennom hele uken.<\/span><\/p>\n<\/div><\/div><div class=\"w-separator size_small\"><\/div><div class=\"w-btn-wrapper align_none\"><a class=\"w-btn us-btn-style_1\" href=\"\/nb\/prayer-request-form\/\"><span class=\"w-btn-label\">Be om b\u00f8nn<\/span><\/a><\/div><\/div><\/div><div class=\"wpb_column vc_column_container us_custom_cd895498\"><div class=\"vc_column-inner\"><div class=\"w-text us_custom_f81a1754 has_text_color\"><span class=\"w-text-h\"><span class=\"w-text-value\">Bli satt fri<\/span><\/span><\/div><div class=\"wpb_text_column\"><div class=\"wpb_wrapper\"><h3 class=\"fl-heading\">B\u00f8nnesesjon<\/h3>\n<p><span>Finn frihet fra vedvarende \u00e5ndelig undertrykkelse i livet ditt.<\/span><\/p>\n<\/div><\/div><div class=\"w-separator size_small\"><\/div><div class=\"w-btn-wrapper align_none\"><a class=\"w-btn us-btn-style_1\" href=\"\/nb\/deliverance_intake_form\/\"><span class=\"w-btn-label\">Be om en \u00f8kt<\/span><\/a><\/div><\/div><\/div><\/div><\/div><\/div><\/div><\/div><\/section><section class=\"l-section wpb_row us_custom_1a4ccfc7 height_auto\"><div class=\"l-section-h i-cf\"><div class=\"g-cols vc_row via_grid cols_1 laptops-cols_inherit tablets-cols_inherit mobiles-cols_1 valign_middle type_default reversed stacking_default\"><div class=\"wpb_column vc_column_container\"><div class=\"vc_column-inner\"><div class=\"g-cols wpb_row us_custom_f8d90600 via_grid cols_2 laptops-cols_inherit tablets-cols_inherit mobiles-cols_1 valign_middle type_default reversed stacking_default\" style=\"--columns-gap:0rem;\"><div class=\"wpb_column vc_column_container us_custom_0e1fc3dd has_bg_color\"><div class=\"vc_column-inner\"><h4 class=\"w-text us_custom_6745946f has_text_color\"><span class=\"w-text-h\"><span class=\"w-text-value\">Bli en seirende b\u00f8nneprest gjennom Kristus<\/span><\/span><\/h4><h2 class=\"w-text\"><span class=\"w-text-h\"><span class=\"w-text-value\">b\u00f8nn Skole<\/span><\/span><\/h2><div class=\"wpb_text_column us_custom_59aee68e\"><div class=\"wpb_wrapper\"><p><span>L\u00e6r\u00a0<\/span><strong>ferdigheter i b\u00f8nnetjeneste<\/strong><span>\u00a0som er\u00a0<\/span><strong>bibeltro, disiplinert og ledet av Den hellige \u00e5nd<\/strong><span>, s\u00f8ker\u00a0<\/span><strong>Jesu l\u00f8fter om helbredelse og frihet<\/strong><span>\u00a0til dem som har det vondt. Gjennom\u00a0<\/span><strong>praktisk, personlig oppl\u00e6ring<\/strong><span>vil du v\u00e6re vitne til\u00a0<\/span><strong>Kristi forvandlende kraft<\/strong><span>, og utruster deg til \u00e5 hjelpe andre\u00a0<\/span><strong>Bryt fri og g\u00e5 i seier<\/strong><span>.<\/span><\/p>\n<\/div><\/div><div class=\"w-separator size_custom\" style=\"height:40px\"><\/div><div class=\"w-btn-wrapper align_none\"><a class=\"w-btn us-btn-style_2\" href=\"\/nb\/kontaktskjema-generelt\/\"><span class=\"w-btn-label\">Kontakt oss<\/span><\/a><\/div><\/div><\/div><div class=\"wpb_column vc_column_container us_custom_a13b5385 has_bg_color\"><div class=\"vc_column-inner\"><\/div><\/div><\/div><\/div><\/div><\/div><\/div><\/section>","protected":false},"excerpt":{"rendered":"","protected":false},"author":1,"featured_media":0,"parent":0,"menu_order":0,"comment_status":"closed","ping_status":"closed","template":"","meta":{"om_disable_all_campaigns":false,"_monsterinsights_skip_tracking":false,"_monsterinsights_sitenote_active":false,"_monsterinsights_sitenote_note":"","_monsterinsights_sitenote_category":0,"footnotes":""},"class_list":["post-1672","page","type-page","status-publish","hentry"],"aioseo_notices":[],"_links":{"self":[{"href":"https:\/\/www.vmtc.net\/nb\/wp-json\/wp\/v2\/pages\/1672","targetHints":{"allow":["GET"]}}],"collection":[{"href":"https:\/\/www.vmtc.net\/nb\/wp-json\/wp\/v2\/pages"}],"about":[{"href":"https:\/\/www.vmtc.net\/nb\/wp-json\/wp\/v2\/types\/page"}],"author":[{"embeddable":true,"href":"https:\/\/www.vmtc.net\/nb\/wp-json\/wp\/v2\/users\/1"}],"replies":[{"embeddable":true,"href":"https:\/\/www.vmtc.net\/nb\/wp-json\/wp\/v2\/comments?post=1672"}],"version-history":[{"count":0,"href":"https:\/\/www.vmtc.net\/nb\/wp-json\/wp\/v2\/pages\/1672\/revisions"}],"wp:attachment":[{"href":"https:\/\/www.vmtc.net\/nb\/wp-json\/wp\/v2\/media?parent=1672"}],"curies":[{"name":"wp","href":"https:\/\/api.w.org\/{rel}","templated":true}]}}