{"id":1330,"date":"2024-08-07T21:24:55","date_gmt":"2024-08-07T21:24:55","guid":{"rendered":"https:\/\/vmtc.us\/?page_id=1330"},"modified":"2026-02-22T00:14:19","modified_gmt":"2026-02-22T00:14:19","slug":"omtrent-2","status":"publish","type":"page","link":"https:\/\/www.vmtc.net\/nb\/about-2\/","title":{"rendered":"Om"},"content":{"rendered":"<section class=\"l-section wpb_row height_huge color_secondary with_img parallax_ver\"><div class=\"l-section-img\" role=\"img\" aria-label=\"VMTC, VMTC Victorious Ministry Through Christ, Victorious Ministry Through Christ, VMTC USA, VMTC International, VMTC deliverance ministry,\" data-img-width=\"2560\" data-img-height=\"1707\" style=\"background-image: url(https:\/\/www.vmtc.net\/wp-content\/uploads\/2025\/02\/VMTC2024-24-scaled.jpg);\"><\/div><div class=\"l-section-h i-cf\"><div class=\"g-cols vc_row via_grid cols_1 laptops-cols_inherit tablets-cols_1 mobiles-cols_1 valign_top type_default reversed stacking_default\" style=\"--columns-gap:0rem;\"><div class=\"wpb_column vc_column_container us_custom_fd43344c\"><div class=\"vc_column-inner\"><div class=\"w-text us_custom_c2f880d3 has_text_color\"><span class=\"w-text-h\"><span class=\"w-text-value\">Omgitt av Guds kj\u00e6rlighet<\/span><\/span><\/div><div class=\"w-separator size_small\"><\/div><h1 class=\"w-text us_custom_842faaf7\"><span class=\"w-text-h\"><span class=\"w-text-value\">VMTC<br \/><\/span><\/span><\/h1><div class=\"w-hwrapper valign_middle wrap align_none\" style=\"--hwrapper-gap:3rem\"><div class=\"w-btn-wrapper align_none\"><a class=\"w-btn us-btn-style_1 us_custom_0207f80c\" href=\"\/nb\/bonn_og_frihet\/\"><span class=\"w-btn-label\">Be om b\u00f8nn<\/span><\/a><\/div><div class=\"wpb_text_column us_custom_29eda462\"><div class=\"wpb_wrapper\"><p>B\u00f8nnetjenerne v\u00e5re arbeider frivillig, og det koster ingenting \u00e5 motta b\u00f8nnetjeneste.<\/p>\n<\/div><\/div><\/div><\/div><\/div><\/div><\/div><\/section><section class=\"l-section wpb_row height_custom\"><div class=\"l-section-h i-cf\"><div class=\"g-cols vc_row via_grid cols_2 laptops-cols_inherit tablets-cols_1 mobiles-cols_1 valign_middle type_default reversed stacking_default\" style=\"--columns-gap:0rem;\"><div class=\"wpb_column vc_column_container us_custom_8a2a463d\"><div class=\"vc_column-inner\"><div class=\"wpb_text_column us_custom_c7fc0d2b\"><div class=\"wpb_wrapper\"><h3 style=\"text-align: center;\"><strong>Seirende tjeneste gjennom Kristus<\/strong><\/h3>\n<p>Er en internasjonal, Hellig \u00c5nd-ledet tjeneste som ekspanderer i USA, Mexico og Canada. V\u00e5r intensjon er \u00e5 samarbeide med liknende tjenester som ekspanderer over hele verden. Vi ledes av et styre som best\u00e5r av pastorer, prester og lekfolk fra ulike kristne trossamfunn. Disse lederne har personlig erfart Jesu Kristi kraft til \u00e5 \"sette fanger fri\" og \"forbinde s\u00f8nderknuste hjerter\" (Jesaja 61,1; Lukas 4,18-21), og har f\u00e5tt oppl\u00e6ring og frigj\u00f8ring til \u00e5 tjene og utruste andre.<\/p>\n<h3 style=\"text-align: center;\">V\u00e5r visjon og misjon<\/h3>\n<p>Victorious Ministry Through Christs visjon er \u00e5 fullf\u00f8re Jesu tjeneste slik den er beskrevet i Lukas 4:18-21 - \u00e5 bringe helbredelse og frihet til alle mennesker gjennom Den hellige \u00e5nds kraft. V\u00e5rt oppdrag er \u00e5 utruste og oppmuntre Guds folk til \u00e5 fortsette Kristi helbredende tjeneste, og gi dem mulighet til \u00e5 vandre i dypere frihet og seier.<\/p>\n<h3 style=\"text-align: center;\">B\u00f8nnesamlinger<\/h3>\n<p>Victorious Ministry Through Christ er utviklet for kristne som s\u00f8ker helhet, f\u00f8lelsesmessig helbredelse, \u00e5ndelig utfrielse og en dypere forpliktelse til Kristus. Det er ikke en krisetjeneste, men en bibelsk forankret, \u00c5ndsledet prosess, st\u00f8ttet av over 150 skriftsteder om helbredelse og utfrielse. Denne tjenesten er for dem som er villige til \u00e5 konfrontere tidligere s\u00e5r, frigj\u00f8re seg fra \u00e5ndelige b\u00e5nd og omfavne st\u00f8rre frihet i Kristus.<\/p>\n<\/div><\/div><div class=\"w-separator size_medium\"><\/div><div class=\"w-btn-wrapper align_none\"><a class=\"w-btn us-btn-style_1\" href=\"\/nb\/om_2\/\"><span class=\"w-btn-label\">Klikk meg<\/span><\/a><\/div><\/div><\/div><div class=\"wpb_column vc_column_container\"><div class=\"vc_column-inner\"><div class=\"w-image us_custom_447bff20 has_ratio align_none\"><div class=\"w-image-h\"><div style=\"padding-bottom:100%\"><\/div><img decoding=\"async\" width=\"1152\" height=\"1880\" src=\"https:\/\/www.vmtc.net\/wp-content\/uploads\/2025\/02\/carlos_rick.jpg\" class=\"attachment-full size-full\" alt=\"\" loading=\"lazy\" \/><\/div><\/div><\/div><\/div><\/div><\/div><\/section><section class=\"l-section wpb_row height_auto\"><div class=\"l-section-h i-cf\"><div class=\"g-cols vc_row via_grid cols_2 laptops-cols_inherit tablets-cols_inherit mobiles-cols_1 valign_middle type_default stacking_default\" style=\"--columns-gap:0rem;\"><div class=\"wpb_column vc_column_container us_custom_a6a0e5f5 has_bg_color\"><div class=\"vc_column-inner\"><\/div><\/div><div class=\"wpb_column vc_column_container us_custom_b2562add has_bg_color\"><div class=\"vc_column-inner\"><h2 class=\"w-text us_custom_4792172e has_text_color\"><span class=\"w-text-h\"><span class=\"w-text-value\">Departementets skoler<\/span><\/span><\/h2><div class=\"wpb_text_column us_custom_6918363f has_text_color\"><div class=\"wpb_wrapper\"><p>Dette er en hellig tid for \u00e5ndelig fornyelse for prester og lekfolk som er kalt av Gud til \u00e5 ta seg av dem som trenger helbredelse fra nedbrutthet og frihet fra trelldom for\u00e5rsaket av smertefulle relasjoner eller s\u00e5r fra fortiden.<\/p>\n<p>I l\u00f8pet av tre dager vil vi s\u00f8ke Herren og l\u00e6re \u00e5 hevde Jesu Kristi seier over synd og Satan gjennom kj\u00e6rlig, lyttende og trosfylt b\u00f8nn.<\/p>\n<p>Mange som kommer til Victorious Ministry Through Christ Prayer Ministry er tynget av:<br \/>1\ufe0f\u20e3 Andres synder, b\u00e5de i fortid og n\u00e5tid.<br \/>2\ufe0f\u20e3 tyngden av deres egne synder, slik den Hellige \u00c5nd \u00e5penbarer dem.<br \/>3\ufe0f\u20e3 Fiendens angrep, s\u00e6rlig gjennom tidligere eller n\u00e5v\u00e6rende okkult involvering.<\/p>\n<p>Gjennom utdannede, seirende b\u00f8nnetjenere i Kristi tjeneste beveger Den Hellige \u00c5nd seg med kraft og frigj\u00f8r sine overnaturlige gaver i form av visdom, kunnskap, d\u00f8mmekraft, tro og helbredelse. Hver samling gjennomf\u00f8res i enheten av to tjenere som ber i fellesskap, og som st\u00e5r p\u00e5 Kristi autoritet for den som mottar tjenesten.<\/p>\n<p>Seirende tjeneste gjennom Kristus B\u00f8nnetjenere vil studere Guds ord og l\u00e6re hvordan de kan bli trofaste redskaper for Kristi helbredende kraft, og bringe Hans kj\u00e6rlighet, frihet og gjenopprettelse til en verden som er bundet av synd og \u00f8deleggelse.<\/p>\n<p>Kom og bli forfrisket i Guds n\u00e6rv\u00e6r, ta imot Hans helbredende ber\u00f8ring og bli utrustet til \u00e5 bringe Hans frihet til andre!<\/p>\n<p>\u00a0<\/p>\n<\/div><\/div><div class=\"w-btn-wrapper align_left\"><a class=\"w-btn us-btn-style_1\" href=\"\/nb\/deliverance_boot_camp\/\"><span class=\"w-btn-label\">Registrer deg<\/span><\/a><\/div><\/div><\/div><\/div><\/div><\/section><section class=\"l-section wpb_row height_custom\"><div class=\"l-section-h i-cf\"><div class=\"g-cols vc_row via_grid cols_1 laptops-cols_inherit tablets-cols_inherit mobiles-cols_1 valign_top type_default stacking_default\"><div class=\"wpb_column vc_column_container\"><div class=\"vc_column-inner\"><div class=\"wpb_text_column\"><div class=\"wpb_wrapper\"><h2 style=\"text-align: center;\">Hva er seirende tjeneste gjennom Kristus?<\/h2>\n<\/div><\/div><div class=\"w-separator size_medium\"><\/div><div class=\"wpb_text_column us_custom_05f02725\"><div class=\"wpb_wrapper\"><p style=\"text-align: left;\">VMTCs b\u00f8nnetjeneste er et redskap som Gud har bestemt at Den Hellige \u00c5nd skal bevege seg gjennom med kraft og ut\u00f8se sin kj\u00e6rlighet, helbredelse og gjenopprettelse. De som kommer med et hjerte som er \u00e5pent for Jesus, opplever et dypt og livsforvandlende m\u00f8te med Ham, der Hans \u00e5ndelige gaver bringer helbredelse, frihet og fornyelse. Gjennom denne tjenesten f\u00e5r \u00c5ndens frukt n\u00e6ring og styrke, og de troende blir utrustet til \u00e5 vandre i seier, tro og Guds n\u00e5des fylde. \u00c6ren v\u00e6re Gud!<\/p>\n<\/div><\/div><div class=\"w-separator size_large\"><\/div><div class=\"g-cols wpb_row via_grid cols_2 laptops-cols_inherit tablets-cols_inherit mobiles-cols_1 valign_top type_default\" style=\"--columns-gap:6vh;\"><div class=\"wpb_column vc_column_container\"><div class=\"vc_column-inner\"><div class=\"w-iconbox iconpos_left style_default color_primary align_none\"><div class=\"w-iconbox-icon\" style=\"font-size:3rem;\"><\/div><div class=\"w-iconbox-meta\"><h3 class=\"w-iconbox-title\">Skriftbasert tiln\u00e6rming<\/h3><div class=\"w-iconbox-text\"><p>VMTC Prayer Ministry anvender kj\u00e6rlig Guds ord gjennom \u00e5ndsfylt, salvet b\u00f8nn, og bringer helbredelse og frihet i Jesu navn.<\/p>\n<p><a href=\"\/nb\/skriftbasert_tilnaerming\/\" data-wplink-edit=\"true\"><strong>MER<\/strong><\/a><\/p>\n<\/div><\/div><\/div><\/div><\/div><div class=\"wpb_column vc_column_container\"><div class=\"vc_column-inner\"><div class=\"w-iconbox iconpos_left style_default color_primary align_none\"><div class=\"w-iconbox-icon\" style=\"font-size:3rem;\"><\/div><div class=\"w-iconbox-meta\"><h3 class=\"w-iconbox-title\">\"To-i-en-avtale\"-departementet<\/h3><div class=\"w-iconbox-text\"><p>Hvert VMTC-b\u00f8nneteam best\u00e5r av \u00e9n mann og \u00e9n kvinne, som sammen gj\u00f8r tjeneste i Den hellige \u00e5nds enhet for \u00e5 oppfylle Jesu oppdrag om \u00e5 \"sette fangene fri\" (Luk 4,18).\u00a0<\/p>\n<p><a href=\"\/nb\/to_i_avtale_departementet\/\"><strong>MER<\/strong><\/a><\/p>\n<\/div><\/div><\/div><\/div><\/div><div class=\"wpb_column vc_column_container\"><div class=\"vc_column-inner\"><div class=\"w-iconbox iconpos_left style_default color_primary align_none\"><div class=\"w-iconbox-icon\" style=\"font-size:3rem;\"><\/div><div class=\"w-iconbox-meta\"><h3 class=\"w-iconbox-title\">Dybdeg\u00e5ende h\u00e5ndtering av barrierer<\/h3><div class=\"w-iconbox-text\"><p>VMTC-\u00f8kten er en \u00e5ndelig renselse som forbereder den enkelte p\u00e5 \u00e5 engasjere seg i sunne, Kristus-sentrerte relasjoner ved \u00e5 fjerne den skjulte bagasjen - de f\u00f8lelsesmessige og \u00e5ndelige byrdene - som skaper forvirring og hindrer \u00e5ndelig vekst.<\/p>\n<p><a href=\"\/nb\/grundig_handtering_av_barrierer\/\"><strong>MER<\/strong><\/a><\/p>\n<\/div><\/div><\/div><\/div><\/div><div class=\"wpb_column vc_column_container\"><div class=\"vc_column-inner\"><div class=\"w-iconbox iconpos_left style_default color_primary align_none\"><div class=\"w-iconbox-icon\" style=\"font-size:3rem;\"><\/div><div class=\"w-iconbox-meta\"><h3 class=\"w-iconbox-title\">Tilstrekkelig tid<\/h3><div class=\"w-iconbox-text\"><p>I VMTC Prayer Ministry fokuserer vi ikke p\u00e5 hurtighet, men p\u00e5 \u00e5 gi gjennomtenkt, flittig oppmerksomhet for \u00e5 l\u00f8se langvarige problemer og brutte relasjoner.\u00a0<\/p>\n<p><a href=\"\/nb\/tilstrekkelig_tid\/\" data-wplink-edit=\"true\"><strong>MER<\/strong><\/a><\/p>\n<\/div><\/div><\/div><\/div><\/div><\/div><div class=\"w-separator size_medium\"><\/div><div class=\"g-cols wpb_row via_grid cols_2 laptops-cols_inherit tablets-cols_inherit mobiles-cols_1 valign_top type_default\" style=\"--columns-gap:6vh;\"><div class=\"wpb_column vc_column_container\"><div class=\"vc_column-inner\"><div class=\"w-iconbox iconpos_left style_default color_primary align_none\"><div class=\"w-iconbox-icon\" style=\"font-size:3rem;\"><\/div><div class=\"w-iconbox-meta\"><h3 class=\"w-iconbox-title\">Et oppdrag mot et seirende liv<\/h3><div class=\"w-iconbox-text\"><p>I VMTC Prayer Ministry er m\u00e5let v\u00e5rt ikke bare \u00e5 l\u00f8se problemer, men \u00e5 ta tak i de grunnleggende \u00e5rsakene til problemene.<\/p>\n<p><a href=\"\/nb\/et-oppdrag-mot-et-seirende-liv\/\"><strong>MER<\/strong><\/a><\/p>\n<\/div><\/div><\/div><\/div><\/div><div class=\"wpb_column vc_column_container\"><div class=\"vc_column-inner\"><div class=\"w-iconbox iconpos_left style_default color_primary align_none\"><div class=\"w-iconbox-icon\" style=\"font-size:3rem;\"><\/div><div class=\"w-iconbox-meta\"><h3 class=\"w-iconbox-title\">\"To-i-en-avtale\"-departementet<\/h3><div class=\"w-iconbox-text\"><p>I VMTC Prayer Ministry praktiserer vi det vi forkynner. Hver b\u00f8nneprest har personlig mottatt b\u00f8nnetjeneste minst tre til fire ganger, noe som sikrer at de forst\u00e5r prosessen og dybden av helbredelse den gir.<\/p>\n<p><a href=\"\/nb\/to_i_avtale_departementet\/\"><strong>MER<\/strong><\/a><\/p>\n<\/div><\/div><\/div><\/div><\/div><div class=\"wpb_column vc_column_container\"><div class=\"vc_column-inner\"><div class=\"w-iconbox iconpos_left style_default color_primary align_none\"><div class=\"w-iconbox-icon\" style=\"font-size:3rem;\"><\/div><div class=\"w-iconbox-meta\"><h3 class=\"w-iconbox-title\">VMTCs konfesjonelle relasjoner<\/h3><div class=\"w-iconbox-text\"><p>Siden 1971 har VMTC Prayer Ministry tilbudt skoler i b\u00f8nnetjeneste, ledet av et \u00f8kumenisk styre best\u00e5ende av pastorer, prester, lekfolk og lek-kvinner fra ulike kirkesamfunn i Kristi kropp.<\/p>\n<p><a href=\"\/nb\/vmtc_denominational_relationships\/\"><strong>MER<\/strong><\/a><\/p>\n<\/div><\/div><\/div><\/div><\/div><div class=\"wpb_column vc_column_container\"><div class=\"vc_column-inner\"><\/div><\/div><\/div><\/div><\/div><\/div><\/div><\/section><section class=\"l-section wpb_row height_custom\"><div class=\"l-section-h i-cf\"><div class=\"g-cols vc_row via_grid cols_1 laptops-cols_inherit tablets-cols_inherit mobiles-cols_1 valign_top type_default stacking_default\"><div class=\"wpb_column vc_column_container us_custom_41879682\"><div class=\"vc_column-inner\"><div class=\"g-cols wpb_row via_grid cols_2-3 laptops-cols_inherit tablets-cols_1 mobiles-cols_1 valign_top type_default stacking_default\" style=\"--columns-gap:3rem;\"><div class=\"wpb_column vc_column_container\"><div class=\"vc_column-inner\"><h2 class=\"w-text\"><span class=\"w-text-h\"><span class=\"w-text-value\">Skriftbasert tiln\u00e6rming<\/span><\/span><\/h2><\/div><\/div><div class=\"wpb_column vc_column_container\"><div class=\"vc_column-inner\"><div class=\"wpb_text_column\"><div class=\"wpb_wrapper\"><p>V\u00e5r tiln\u00e6rming er forankret i bibelske prinsipper, og vi underviser og forbereder den som ber p\u00e5 utfrielse gjennom Jesu Kristi kraft. Vi arbeider stille og varsomt - uten fanfare - og lar Den hellige \u00e5nd virke og sette dem fri.<\/p>\n<p>Vi tror at oppf\u00f8lging er avgj\u00f8rende. Etter en utfrielsestime gir vi undervisning i Bibelen om hvordan man kan holde seg fri, vandre i Kristi autoritet og engasjere seg i \u00e5ndelig krigf\u00f8ring n\u00e5r fienden fors\u00f8ker \u00e5 vende tilbake. Gjennom b\u00f8nn, disippelskap og tillit til Guds ord utruster vi de troende til \u00e5 leve i varig frihet og seier i Kristus.<\/p>\n<\/div><\/div><\/div><\/div><\/div><\/div><\/div><\/div><\/div><\/section><section class=\"l-section wpb_row height_custom\"><div class=\"l-section-h i-cf\"><div class=\"g-cols vc_row via_grid cols_3 laptops-cols_inherit tablets-cols_2 mobiles-cols_1 valign_top type_default\" style=\"--columns-gap:4vw;\"><div class=\"wpb_column vc_column_container\"><div class=\"vc_column-inner\"><div class=\"w-image has_ratio align_none\"><div class=\"w-image-h\"><div style=\"padding-bottom:100%\"><\/div><img decoding=\"async\" width=\"620\" height=\"311\" src=\"https:\/\/www.vmtc.net\/wp-content\/uploads\/2025\/02\/vmtc_blessing_ceremony_2-1.jpg\" class=\"attachment-large size-large\" alt=\"VMTC pre ministry interview, VMTC Victorious Ministry Through Christ, vmtc, vmtc-international,\" loading=\"lazy\" \/><\/div><\/div><div class=\"w-separator size_small\"><\/div><div class=\"wpb_text_column\"><div class=\"wpb_wrapper\"><h3 style=\"text-align: center;\">Intervju med forsamlingen<\/h3>\n<p>The first step in preparing for a VMTC prayer session is completing a confidential questionnaire designed to help us understand your background, your current needs, and how we can best pray with you. This process is not about judgment, but about creating a safe and prayerful foundation for the session. Your responses help our trained prayer ministers discern areas where healing, freedom, or restoration may be needed, and allow us to seek the guidance of the Holy Spirit as we prepare. As you complete the questionnaire, we also encourage you to prayerfully prepare your heart\u2014asking the Lord to reveal any areas of sin, hurt, or bondage, and being willing to surrender those areas to Jesus. All information shared is treated with care and confidentiality and is used only to serve you more effectively during your time of ministry. This preparation helps ensure that your session is focused, Spirit-led, and centered on the healing work of Jesus Christ.<\/p>\n<div class=\"wpb_column vc_column_container usb_custom_vc_column_inner9\" data-=\"\">\n<div class=\"vc_column-inner\">\n<div class=\"wpb_text_column usb_custom_vc_column_text6\" data-=\"\">\n<div class=\"wpb_wrapper\">\n<div class=\"wpb_text_column usb_custom_vc_column_text6\">\n<div class=\"wpb_wrapper\"><\/div>\n<\/div>\n<\/div>\n<\/div>\n<\/div>\n<\/div>\n<div class=\"wpb_column vc_column_container usb_custom_vc_column_inner10\" data-=\"\"><\/div>\n<\/div><\/div><\/div><\/div><div class=\"wpb_column vc_column_container\"><div class=\"vc_column-inner\"><div class=\"w-image has_ratio align_none\"><div class=\"w-image-h\"><div style=\"padding-bottom:100%\"><\/div><img decoding=\"async\" width=\"563\" height=\"1024\" src=\"https:\/\/www.vmtc.net\/wp-content\/uploads\/2025\/04\/IMG_7460-563x1024.jpg\" class=\"attachment-large size-large\" alt=\"VMTC Victorious Ministry Through Christ usa\" loading=\"lazy\" \/><\/div><\/div><div class=\"w-separator size_small\"><\/div><div class=\"wpb_text_column\"><div class=\"wpb_wrapper\"><h3 class=\"w-text usb_custom_us_text6\" style=\"text-align: center;\" data-=\"\"><span class=\"w-text-h\"><span class=\"w-text-value\">B\u00f8nnesesjon<\/span><\/span><\/h3>\n<p data-start=\"211\" data-end=\"553\">A VMTC Prayer Session is a thorough spiritual \u201chouse cleaning,\u201d where the Holy Spirit is invited to bring healing, freedom, and restoration to every area of your life. In a safe, confidential, and Spirit-led environment, trained prayer ministers walk with you step by step, allowing Jesus to reveal and address the deeper places of the heart.<\/p>\n<p data-start=\"555\" data-end=\"1062\">During the session, you will be led through prayer to receive God\u2019s forgiveness, extend forgiveness to others, and surrender areas of sin, hurt, and brokenness to the Lord. As the Holy Spirit leads, strongholds are brought into the light, lies are replaced with truth, and spiritual bondages are broken. In the authority of Jesus\u2019 name, oppressive spirits are bound and cast out, and past images, memories, and triggers lose their power as they are renounced and placed under the finished work of the cross.<\/p>\n<p data-start=\"1064\" data-end=\"1373\">Many describe this time as a deep spiritual reset\u2014where the weight of the past is lifted, clarity is restored, and a renewed sense of peace and intimacy with Christ is established. It is not about striving, but about allowing Jesus to do what only He can do\u2014set captives free and restore what has been broken.<\/p>\n<\/div><\/div><\/div><\/div><div class=\"wpb_column vc_column_container\"><div class=\"vc_column-inner\"><div class=\"w-image has_ratio align_none\"><div class=\"w-image-h\"><div style=\"padding-bottom:100%\"><\/div><img decoding=\"async\" width=\"683\" height=\"1024\" src=\"https:\/\/www.vmtc.net\/wp-content\/uploads\/2025\/01\/VMTC2024-41-683x1024.jpg\" class=\"attachment-large size-large\" alt=\"vmtc victorious ministry through christ\" loading=\"lazy\" \/><\/div><\/div><div class=\"w-separator size_small\"><\/div><div class=\"wpb_text_column\"><div class=\"wpb_wrapper\"><h3 class=\"w-text us_custom_eb849559\" style=\"text-align: center;\"><span class=\"w-text-h\"><span class=\"w-text-value\">Mentoring for<br \/>\nLasting Freedom<\/span><\/span><\/h3>\n<p data-start=\"174\" data-end=\"603\">Mentoring is an essential part of helping believers walk in the lasting freedom Christ provides. Following a prayer session, each individual is paired with a trained mentor who offers prayer, encouragement, accountability, and spiritual guidance as they continue their journey. This ongoing relationship provides a place to process, grow, and remain anchored in the truth of God\u2019s Word as new patterns of freedom are established.<\/p>\n<p data-start=\"605\" data-end=\"995\">Because true freedom flourishes in healthy community, we strongly encourage connection to a local church. Mentors help each person connect\u2014or reconnect\u2014with a church family, or deepen their involvement in their current one, so their walk with Christ is supported and strengthened within the body of believers. This creates a foundation for continued growth, discipleship, and encouragement.<\/p>\n<p data-start=\"997\" data-end=\"1379\">Through mentoring, we walk alongside you as you develop spiritual habits that sustain freedom, grow in your identity in Christ, and learn to stand firm in the victory Jesus has already won. Our desire is not only that you experience freedom, but that you continue to walk in it\u2014strengthened by both personal relationship with the Lord and the support of a Christ-centered community.<\/p>\n<\/div><\/div><\/div><\/div><\/div><\/div><\/section><section class=\"l-section wpb_row height_auto\"><div class=\"l-section-h i-cf\"><div class=\"g-cols vc_row via_grid cols_1 laptops-cols_inherit tablets-cols_inherit mobiles-cols_1 valign_top type_default stacking_default\"><div class=\"wpb_column vc_column_container\"><div class=\"vc_column-inner\"><\/div><\/div><\/div><\/div><\/section><section class=\"l-section wpb_row us_custom_1a4ccfc7 height_auto\"><div class=\"l-section-h i-cf\"><div class=\"g-cols vc_row via_grid cols_1 laptops-cols_inherit tablets-cols_inherit mobiles-cols_1 valign_middle type_default reversed stacking_default\"><div class=\"wpb_column vc_column_container\"><div class=\"vc_column-inner\"><div class=\"g-cols wpb_row us_custom_f8d90600 via_grid cols_2 laptops-cols_inherit tablets-cols_inherit mobiles-cols_1 valign_middle type_default reversed stacking_default\" style=\"--columns-gap:0rem;\"><div class=\"wpb_column vc_column_container us_custom_0e1fc3dd has_bg_color\"><div class=\"vc_column-inner\"><h4 class=\"w-text us_custom_6745946f has_text_color\"><span class=\"w-text-h\"><span class=\"w-text-value\">HER FOR \u00c5 HJELPE<\/span><\/span><\/h4><h2 class=\"w-text\"><span class=\"w-text-h\"><span class=\"w-text-value\">Har du noen sp\u00f8rsm\u00e5l?<\/span><\/span><\/h2><div class=\"wpb_text_column us_custom_59aee68e\"><div class=\"wpb_wrapper\"><p>L\u00e6r deg ferdigheter i b\u00f8nnetjeneste som er bibelsk, disiplinert og ledet av Den hellige \u00e5nd, og som anvender Jesu l\u00f8fter om helbredelse og frihet p\u00e5 dem som har det vondt. Gjennom praktisk, personlig oppl\u00e6ring vil du v\u00e6re vitne til Kristi forvandlende kraft, og du vil bli utrustet til \u00e5 hjelpe andre til \u00e5 bryte fri og vandre i seier.<\/p>\n<\/div><\/div><div class=\"w-separator size_custom\" style=\"height:40px\"><\/div><div class=\"w-btn-wrapper align_none\"><a class=\"w-btn us-btn-style_2\" href=\"\/nb\/kontaktskjema-generelt\/\"><span class=\"w-btn-label\">Kontakt oss<\/span><\/a><\/div><\/div><\/div><div class=\"wpb_column vc_column_container us_custom_dd03bc40 has_bg_color\"><div class=\"vc_column-inner\"><\/div><\/div><\/div><\/div><\/div><\/div><\/div><\/section>","protected":false},"excerpt":{"rendered":"","protected":false},"author":1,"featured_media":0,"parent":0,"menu_order":0,"comment_status":"closed","ping_status":"closed","template":"","meta":{"om_disable_all_campaigns":false,"_monsterinsights_skip_tracking":false,"_monsterinsights_sitenote_active":false,"_monsterinsights_sitenote_note":"","_monsterinsights_sitenote_category":0,"footnotes":""},"class_list":["post-1330","page","type-page","status-publish","hentry"],"aioseo_notices":[],"_links":{"self":[{"href":"https:\/\/www.vmtc.net\/nb\/wp-json\/wp\/v2\/pages\/1330","targetHints":{"allow":["GET"]}}],"collection":[{"href":"https:\/\/www.vmtc.net\/nb\/wp-json\/wp\/v2\/pages"}],"about":[{"href":"https:\/\/www.vmtc.net\/nb\/wp-json\/wp\/v2\/types\/page"}],"author":[{"embeddable":true,"href":"https:\/\/www.vmtc.net\/nb\/wp-json\/wp\/v2\/users\/1"}],"replies":[{"embeddable":true,"href":"https:\/\/www.vmtc.net\/nb\/wp-json\/wp\/v2\/comments?post=1330"}],"version-history":[{"count":8,"href":"https:\/\/www.vmtc.net\/nb\/wp-json\/wp\/v2\/pages\/1330\/revisions"}],"predecessor-version":[{"id":3165,"href":"https:\/\/www.vmtc.net\/nb\/wp-json\/wp\/v2\/pages\/1330\/revisions\/3165"}],"wp:attachment":[{"href":"https:\/\/www.vmtc.net\/nb\/wp-json\/wp\/v2\/media?parent=1330"}],"curies":[{"name":"wp","href":"https:\/\/api.w.org\/{rel}","templated":true}]}}