{"id":2237,"date":"2025-01-31T03:47:27","date_gmt":"2025-01-31T03:47:27","guid":{"rendered":"http:\/\/lbw.8f3.mytemp.website\/?page_id=2237"},"modified":"2025-04-13T20:24:49","modified_gmt":"2025-04-13T20:24:49","slug":"vmtc-prayer-minister","status":"publish","type":"page","link":"https:\/\/www.vmtc.net\/fr\/vmtc-prayer-minister\/","title":{"rendered":"Qualit\u00e9s du ministre de la pri\u00e8re"},"content":{"rendered":"<section class=\"l-section wpb_row height_custom color_primary with_img\"><div class=\"l-section-img\" role=\"img\" aria-label=\"vmtc prayer ministers\" data-img-width=\"2560\" data-img-height=\"1708\" style=\"background-image: url(https:\/\/www.vmtc.net\/wp-content\/uploads\/2025\/02\/curated-lifestyle-nSf9hpy35Yw-unsplash-scaled.jpg);\"><\/div><div class=\"l-section-overlay\" style=\"background:rgba(0,0,0,0.35)\"><\/div><div class=\"l-section-h i-cf\"><div class=\"g-cols vc_row via_grid cols_1 laptops-cols_inherit tablets-cols_inherit mobiles-cols_1 valign_top type_default stacking_default\"><div class=\"wpb_column vc_column_container us_custom_10c6fbac\"><div class=\"vc_column-inner\"><div class=\"w-separator size_medium\"><\/div><h2 class=\"w-text us_custom_83e089d9\"><span class=\"w-text-h\"><span class=\"w-text-value\">Prayer Ministers<\/span><\/span><\/h2><div class=\"w-separator size_large\"><\/div><\/div><\/div><\/div><\/div><\/section><section class=\"l-section wpb_row height_auto\"><div class=\"l-section-h i-cf\"><div class=\"g-cols vc_row via_grid cols_1 laptops-cols_inherit tablets-cols_inherit mobiles-cols_1 valign_top type_default stacking_default\"><div class=\"wpb_column vc_column_container us_custom_97f97f54 has_bg_color\"><div class=\"vc_column-inner\"><div class=\"wpb_text_column us_custom_316b0327\"><div class=\"wpb_wrapper\"><h3 class=\"CjVfdc\"><span class=\"C9DxTc\">Qualities of a Prayer Minister<\/span><span class=\"C9DxTc\"><\/span><\/h3>\n<\/div><\/div><\/div><\/div><\/div><\/div><\/section><section class=\"l-section wpb_row height_large\"><div class=\"l-section-h i-cf\"><div class=\"g-cols vc_row via_grid cols_1 laptops-cols_inherit tablets-cols_inherit mobiles-cols_1 valign_top type_default stacking_default\"><div class=\"wpb_column vc_column_container\"><div class=\"vc_column-inner\"><div class=\"g-cols wpb_row via_grid cols_2 laptops-cols_inherit tablets-cols_inherit mobiles-cols_1 valign_middle type_default reversed stacking_default\" style=\"--columns-gap:4vw;\"><div class=\"wpb_column vc_column_container\"><div class=\"vc_column-inner\"><div class=\"w-image has_ratio align_none\"><div class=\"w-image-h\"><div style=\"padding-bottom:100%\"><\/div><img decoding=\"async\" width=\"1024\" height=\"683\" src=\"https:\/\/www.vmtc.net\/wp-content\/uploads\/2025\/04\/group-of-people-sitting-in-circle-on-therapy-meeti-2025-03-11-04-21-51-utc-1024x683.jpg\" class=\"attachment-large size-large\" alt=\"deliverance ministry, spiritual warfare, prayer ministry\" loading=\"lazy\" \/><\/div><\/div><\/div><\/div><div class=\"wpb_column vc_column_container\"><div class=\"vc_column-inner\"><div class=\"wpb_text_column us_custom_d98eb4eb\"><div class=\"wpb_wrapper\"><h3 class=\"CjVfdc\"><span class=\"C9DxTc\">Prayer Ministry<\/span><\/h3>\n<p class=\"zfr3Q CDt4Ke\" dir=\"ltr\"><span class=\"C9DxTc\">Do you feel a desire to help others experience healing and freedom in Christ?\u00a0 Perhaps you have a call to become a prayer minister!\u00a0<\/span><\/p>\n<p class=\"zfr3Q CDt4Ke\" dir=\"ltr\"><span class=\"C9DxTc\">Living Fully Schools of Prayer Ministry offer a unique opportunity to delve into the heart of this ministry.\u00a0 You&#8217;ll explore the powerful &#8220;Circle of God&#8217;s Love&#8221; prayer pattern. This comprehensive approach incorporates key elements for transformation, including:<\/span><\/p>\n<ul class=\"n8H08c UVNKR\">\n<li class=\"zfr3Q TYR86d eD0Rn\" dir=\"ltr\">\n<p class=\"zfr3Q CDt4Ke\" dir=\"ltr\" role=\"presentation\"><span class=\"C9DxTc\">Forgiveness:<\/span><span class=\"C9DxTc\"><span>\u00a0<\/span>Releasing past hurts and resentments to pave the way for healing.<\/span><\/p>\n<\/li>\n<li class=\"zfr3Q TYR86d eD0Rn\" dir=\"ltr\">\n<p class=\"zfr3Q CDt4Ke\" dir=\"ltr\" role=\"presentation\"><span class=\"C9DxTc\">Cutting Bondages<\/span><span class=\"C9DxTc\">: Identifying and breaking free from spiritual hindrances that limit your growth.<\/span><\/p>\n<\/li>\n<li class=\"zfr3Q TYR86d eD0Rn\" dir=\"ltr\">\n<p class=\"zfr3Q CDt4Ke\" dir=\"ltr\" role=\"presentation\"><span class=\"C9DxTc\">Deliverance<\/span><span class=\"C9DxTc\">: Finding freedom from external spiritual influences.<\/span><\/p>\n<\/li>\n<li class=\"zfr3Q TYR86d eD0Rn\" dir=\"ltr\">\n<p class=\"zfr3Q CDt4Ke\" dir=\"ltr\" role=\"presentation\"><span class=\"C9DxTc\">Healing:<\/span><span class=\"C9DxTc\"><span>\u00a0<\/span>Experiencing wholeness of mind, will and emotions<\/span><\/p>\n<\/li>\n<\/ul>\n<p class=\"zfr3Q CDt4Ke\" dir=\"ltr\"><span class=\"C9DxTc\">Ready to answer the call?\u00a0 Living Fully Schools of Prayer Ministry equip you to be a vessel of God&#8217;s love and bring powerful healing to others.<\/span><\/p>\n<\/div><\/div><\/div><\/div><\/div><div class=\"w-separator size_small\"><\/div><div class=\"g-cols wpb_row via_grid cols_2 laptops-cols_inherit tablets-cols_inherit mobiles-cols_1 valign_middle type_default stacking_default\" style=\"--columns-gap:4vw;\"><div class=\"wpb_column vc_column_container\"><div class=\"vc_column-inner\"><div class=\"wpb_text_column us_custom_b818dcba\"><div class=\"wpb_wrapper\"><h3 class=\"CjVfdc\"><span class=\"jgG6ef C9DxTc\">Le minist\u00e8re de la pri\u00e8re est-il fait pour vous ?<\/span><\/h3>\n<div class=\"CjVfdc\"><strong><span class=\"C9DxTc\">Rooted in Faith<\/span><\/strong><\/div>\n<ul class=\"n8H08c UVNKR\">\n<li class=\"zfr3Q TYR86d eD0Rn\" dir=\"ltr\">\n<p class=\"zfr3Q CDt4Ke\" dir=\"ltr\" role=\"presentation\"><span class=\"C9DxTc\">Christ-Centered Focus:<\/span><span class=\"C9DxTc\">\u00a0 A deep and abiding love for Jesus Christ guides your actions and motivations.<\/span><\/p>\n<\/li>\n<li class=\"zfr3Q TYR86d eD0Rn\" dir=\"ltr\">\n<p class=\"zfr3Q CDt4Ke\" dir=\"ltr\" role=\"presentation\"><span class=\"C9DxTc\">Discernment &amp; Sensitivity:<span>\u00a0<\/span><\/span><span class=\"C9DxTc\"> You possess the ability to recognize the Holy Spirit&#8217;s leading and act accordingly. <\/span><\/p>\n<\/li>\n<\/ul>\n<div class=\"CjVfdc\"><strong><span class=\"C9DxTc\">Willing to Learn<\/span><\/strong><\/div>\n<ul class=\"n8H08c UVNKR\">\n<li class=\"zfr3Q TYR86d eD0Rn\" dir=\"ltr\">\n<p class=\"zfr3Q CDt4Ke\" dir=\"ltr\" role=\"presentation\"><span class=\"C9DxTc\">Dedicated Prayer Minister:<\/span><span class=\"C9DxTc\"><span>\u00a0<\/span>You are committed to ongoing personal prayer ministry and actively seek opportunities to grow in this area.\u00a0<\/span><\/p>\n<\/li>\n<li class=\"zfr3Q TYR86d eD0Rn\" dir=\"ltr\">\n<p class=\"zfr3Q CDt4Ke\" dir=\"ltr\" role=\"presentation\"><span class=\"C9DxTc\">Lifelong Learner:<\/span><span class=\"C9DxTc\"><span>\u00a0<\/span><\/span><span class=\"C9DxTc\">You embrace continuous learning and are eager to expand your knowledge and skills.<\/span><\/p>\n<\/li>\n<\/ul>\n<div class=\"CjVfdc\"><strong><span class=\"C9DxTc\">Servant at Heart<\/span><\/strong><\/div>\n<ul class=\"n8H08c UVNKR\">\n<li class=\"zfr3Q TYR86d eD0Rn\" dir=\"ltr\">\n<p class=\"zfr3Q CDt4Ke\" dir=\"ltr\" role=\"presentation\"><span class=\"C9DxTc\">Share the Vision:<\/span><span class=\"C9DxTc\"><span>\u00a0<\/span>You share<span>\u00a0<\/span><\/span><span class=\"C9DxTc\">VMTC&#8217;s vision<\/span><span class=\"C9DxTc\">, aligning with the principles outlined in Luke 4:18-19 (bringing good news to the poor, proclaiming release to the captives<\/span><span class=\"C9DxTc\">,<\/span><span class=\"C9DxTc\"><span>\u00a0<\/span>recovery of sight to the blind, and setting free the oppressed).<\/span><\/p>\n<\/li>\n<li class=\"zfr3Q TYR86d eD0Rn\" dir=\"ltr\">\n<p class=\"zfr3Q CDt4Ke\" dir=\"ltr\" role=\"presentation\"><span class=\"C9DxTc\">Servant Attitude:<\/span><span class=\"C9DxTc\"><span>\u00a0<\/span>You approach ministry with humility and a genuine desire to serve others. <\/span><\/p>\n<\/li>\n<\/ul>\n<div class=\"CjVfdc\"><strong><span class=\"C9DxTc\">Teamwork<\/span><span class=\"C9DxTc\">\u00a0<\/span><\/strong><\/div>\n<ul class=\"n8H08c UVNKR\">\n<li class=\"zfr3Q TYR86d eD0Rn\" dir=\"ltr\">\n<p class=\"zfr3Q CDt4Ke\" dir=\"ltr\" role=\"presentation\"><span class=\"C9DxTc\">Strong Interpersonal Skills:\u00a0<span>\u00a0<\/span><\/span><span class=\"C9DxTc\">You possess good communication and interpersonal skills, fostering positive connections with those you minister to.<\/span><\/p>\n<\/li>\n<li class=\"zfr3Q TYR86d eD0Rn\" dir=\"ltr\">\n<p class=\"zfr3Q CDt4Ke\" dir=\"ltr\" role=\"presentation\"><span class=\"C9DxTc\">Submission to Leadership:\u00a0<span>\u00a0<\/span><\/span><span class=\"C9DxTc\">You value and respect<\/span><span class=\"C9DxTc\"><span>\u00a0<\/span><\/span><span class=\"C9DxTc\">leadership and are committed to working collaboratively within the ministry structure.<\/span><\/p>\n<\/li>\n<\/ul>\n<div class=\"CjVfdc\"><span class=\"C9DxTc\"><strong>Commitment<\/strong>\u00a0<\/span><\/div>\n<ul class=\"n8H08c UVNKR\">\n<li class=\"zfr3Q TYR86d eD0Rn\" dir=\"ltr\">\n<p class=\"zfr3Q CDt4Ke\" dir=\"ltr\" role=\"presentation\"><span class=\"C9DxTc\">Development Takes Time:<\/span><span class=\"C9DxTc\"><span>\u00a0<\/span><\/span><span class=\"C9DxTc\">Becoming a Lead Prayer Minister typically requires<span>\u00a0<\/span><\/span><span class=\"C9DxTc\">attending<\/span><span class=\"C9DxTc\"><span>\u00a0<\/span>several Living Fully<span>\u00a0<\/span><\/span><span class=\"C9DxTc\">S<\/span><span class=\"C9DxTc\">chools of<span>\u00a0<\/span><\/span><span class=\"C9DxTc\">P<\/span><span class=\"C9DxTc\">rayer<span>\u00a0<\/span><\/span><span class=\"C9DxTc\">M<\/span><span class=\"C9DxTc\">inistry. <\/span><span class=\"C9DxTc\">VMTC<\/span><span class=\"C9DxTc\"><span>\u00a0<\/span>is committed to investing in your growth and equipping you for this vital ministry role.<\/span><\/p>\n<\/li>\n<\/ul>\n<\/div><\/div><\/div><\/div><div class=\"wpb_column vc_column_container\"><div class=\"vc_column-inner\"><div class=\"w-image has_ratio align_none\"><div class=\"w-image-h\"><div style=\"padding-bottom:100%\"><\/div><img decoding=\"async\" width=\"1024\" height=\"683\" src=\"https:\/\/www.vmtc.net\/wp-content\/uploads\/2025\/04\/diverse-people-in-a-support-group-session-2025-02-10-10-06-47-utc-1024x683.jpg\" class=\"attachment-large size-large\" alt=\"vmtc unity holy spirit lead\" loading=\"lazy\" \/><\/div><\/div><\/div><\/div><\/div><div class=\"w-separator size_small\"><\/div><\/div><\/div><\/div><\/div><\/section><section class=\"l-section wpb_row us_custom_10ed3c95 height_auto\"><div class=\"l-section-h i-cf\"><div class=\"g-cols vc_row via_grid cols_custom laptops-cols_inherit tablets-cols_inherit mobiles-cols_1 valign_middle type_default reversed stacking_default\"><\/div><\/div><\/section><div class=\"wpb_column vc_column_container\"><div class=\"vc_column-inner\"><div class=\"g-cols wpb_row via_grid cols_2 laptops-cols_inherit tablets-cols_inherit mobiles-cols_1 valign_middle type_default reversed stacking_default\" style=\"--columns-gap:0rem;\"><div class=\"wpb_column vc_column_container us_custom_b4843623 has_bg_color\"><div class=\"vc_column-inner\"><h4 class=\"w-text us_custom_6745946f has_text_color\"><span class=\"w-text-h\"><span class=\"w-text-value\">ICI POUR AIDER<\/span><\/span><\/h4><h2 class=\"w-text\"><span class=\"w-text-h\"><span class=\"w-text-value\">Vous avez des questions ?<\/span><\/span><\/h2><div class=\"wpb_text_column us_custom_59aee68e\"><div class=\"wpb_wrapper\"><p>Apprenez les techniques du minist\u00e8re de la pri\u00e8re qui sont scripturaires, disciplin\u00e9es, guid\u00e9es par le Saint-Esprit et qui appliquent les promesses de J\u00e9sus aux personnes souffrantes. Une formation personnalis\u00e9e est propos\u00e9e afin que vous puissiez voir d'autres personnes lib\u00e9r\u00e9es.<\/p>\n<\/div><\/div><div class=\"w-separator size_custom\" style=\"height:40px\"><\/div><div class=\"w-btn-wrapper align_none\"><a class=\"w-btn us-btn-style_2\" href=\"\/fr\/contact\/\"><span class=\"w-btn-label\">Nous contacter<\/span><\/a><\/div><\/div><\/div><div class=\"wpb_column vc_column_container us_custom_02cf6073 has_bg_color\"><div class=\"vc_column-inner\"><\/div><\/div><\/div><\/div><\/div>","protected":false},"excerpt":{"rendered":"","protected":false},"author":1,"featured_media":0,"parent":0,"menu_order":0,"comment_status":"closed","ping_status":"closed","template":"","meta":{"om_disable_all_campaigns":false,"_monsterinsights_skip_tracking":false,"_monsterinsights_sitenote_active":false,"_monsterinsights_sitenote_note":"","_monsterinsights_sitenote_category":0,"footnotes":""},"class_list":["post-2237","page","type-page","status-publish","hentry"],"aioseo_notices":[],"_links":{"self":[{"href":"https:\/\/www.vmtc.net\/fr\/wp-json\/wp\/v2\/pages\/2237","targetHints":{"allow":["GET"]}}],"collection":[{"href":"https:\/\/www.vmtc.net\/fr\/wp-json\/wp\/v2\/pages"}],"about":[{"href":"https:\/\/www.vmtc.net\/fr\/wp-json\/wp\/v2\/types\/page"}],"author":[{"embeddable":true,"href":"https:\/\/www.vmtc.net\/fr\/wp-json\/wp\/v2\/users\/1"}],"replies":[{"embeddable":true,"href":"https:\/\/www.vmtc.net\/fr\/wp-json\/wp\/v2\/comments?post=2237"}],"version-history":[{"count":0,"href":"https:\/\/www.vmtc.net\/fr\/wp-json\/wp\/v2\/pages\/2237\/revisions"}],"wp:attachment":[{"href":"https:\/\/www.vmtc.net\/fr\/wp-json\/wp\/v2\/media?parent=2237"}],"curies":[{"name":"wp","href":"https:\/\/api.w.org\/{rel}","templated":true}]}}