{"id":1822,"date":"2024-08-19T03:23:03","date_gmt":"2024-08-19T03:23:03","guid":{"rendered":"https:\/\/vmtc.us\/?page_id=1822"},"modified":"2025-11-19T05:26:37","modified_gmt":"2025-11-19T05:26:37","slug":"ecoles-du-ministere-vmtv","status":"publish","type":"page","link":"https:\/\/www.vmtc.net\/fr\/vmtv-ministry-schools\/","title":{"rendered":"\u00c9coles VMTC"},"content":{"rendered":"<section class=\"l-section wpb_row height_auto\"><div class=\"l-section-h i-cf\"><div class=\"g-cols vc_row via_grid cols_2-3 laptops-cols_2 tablets-cols_1 mobiles-cols_1 valign_top type_default stacking_default\"><div class=\"wpb_column vc_column_container type_sticky\"><div class=\"vc_column-inner\"><div class=\"w-separator size_large\"><\/div><h2 class=\"w-text us_custom_eb849559\"><span class=\"w-text-h\"><span class=\"w-text-value\">Devenir ministre de la pri\u00e8re<\/span><\/span><\/h2><div class=\"w-image has_ratio align_none\"><div class=\"w-image-h\"><div style=\"padding-bottom:100%\"><\/div><img decoding=\"async\" width=\"592\" height=\"1024\" src=\"https:\/\/www.vmtc.net\/wp-content\/uploads\/2025\/03\/IMG_7816-592x1024.jpg\" class=\"attachment-large size-large\" alt=\"VMTC Redding, ministry school, vmtc, deliverance, spiritual warfare\" loading=\"lazy\" \/><\/div><\/div><div class=\"w-separator size_medium\"><\/div><\/div><\/div><div class=\"wpb_column vc_column_container us_custom_8c172a66 has_bg_color stretched\"><div class=\"vc_column-inner\"><div class=\"wpb_text_column us_custom_a5ef9130\"><div class=\"wpb_wrapper\"><h4><strong>\u00c9quiper les saints pour un minist\u00e8re de pri\u00e8re efficace<\/strong><\/h4>\n<p>Au <strong>Minist\u00e8re victorieux par le Christ<\/strong>Notre passion est de former et d'\u00e9quiper les croyants pour le minist\u00e8re vital de la gu\u00e9rison et de la d\u00e9livrance. Nous croyons que les ministres peuvent apprendre un cadre dirig\u00e9 par l'Esprit pour le minist\u00e8re de la pri\u00e8re qui apporte une v\u00e9ritable libert\u00e9 en Christ.<\/p>\n<h4><strong>Une approche biblique de la lib\u00e9ration des captifs<\/strong><\/h4>\n<p>Notre \u00e9cole du minist\u00e8re propose une formation compl\u00e8te \u00e0 notre mod\u00e8le \u00e9prouv\u00e9 de minist\u00e8re de la pri\u00e8re. Gr\u00e2ce \u00e0 un processus structur\u00e9 mais guid\u00e9 par l'Esprit, nous enseignons et pr\u00e9parons les individus \u00e0 leurs sessions de minist\u00e8re. Nos \u00e9quipes de pri\u00e8re form\u00e9es exercent leur minist\u00e8re dans le calme et la douceur, permettant \u00e0 la puissance de Dieu d'apporter une libert\u00e9 durable, sans tapage ni fanfare.<\/p>\n<h4><strong>Une formation qui m\u00e8ne \u00e0 une libert\u00e9 durable<\/strong><\/h4>\n<p>La d\u00e9livrance n'est qu'un d\u00e9but. Nous insistons sur l'importance d'un enseignement de suivi pour aider les individus \u00e0 rester libres, \u00e0 reconna\u00eetre les tactiques de l'ennemi et \u00e0 marcher dans la victoire \u00e0 travers le combat spirituel. Notre processus en neuf \u00e9tapes est complet, efficace et profond\u00e9ment ancr\u00e9 dans les Ecritures, vous \u00e9quipant de tout ce dont vous avez besoin pour devenir une <strong>Minist\u00e8re victorieux par le Christ<\/strong> ministre de la pri\u00e8re.<\/p>\n<h4><strong>Guid\u00e9s par l'Esprit Saint, enracin\u00e9s dans le Christ<\/strong><\/h4>\n<p>Il ne s'agit pas seulement d'une m\u00e9thode, mais d'un processus inspir\u00e9 par l'Esprit. Nous reconnaissons que seul le Christ accomplit l'\u0153uvre et re\u00e7oit la gloire. En tant que son \u00c9glise, nous exer\u00e7ons notre minist\u00e8re avec l'autorit\u00e9 et le pouvoir qu'il nous a donn\u00e9s, en nous appuyant toujours sur les dons du Saint-Esprit pour nous guider et travailler \u00e0 travers nous.<\/p>\n<p>\u00cates-vous pr\u00eat(e) \u00e0 \u00eatre \u00e9quip\u00e9(e) pour ce minist\u00e8re qui change la vie ? <strong>Apprenez-en plus sur notre formation et devenez un ministre de la pri\u00e8re de Victorious Ministry Through Christ d\u00e8s aujourd'hui.<\/strong><\/p>\n<\/div><\/div><\/div><\/div><\/div><\/div><\/section><section class=\"l-section wpb_row us_custom_c70c97eb height_custom\"><div class=\"l-section-h i-cf\"><div class=\"g-cols vc_row via_grid cols_1 laptops-cols_inherit tablets-cols_inherit mobiles-cols_1 valign_top type_default stacking_default\"><div class=\"wpb_column vc_column_container us_custom_61f8da77 has_bg_color\"><div class=\"vc_column-inner\"><div class=\"g-cols wpb_row via_grid cols_3-2 laptops-cols_2 tablets-cols_inherit mobiles-cols_1 valign_top type_default stacking_default\" style=\"--columns-gap:4vw;\"><div class=\"wpb_column vc_column_container\"><div class=\"vc_column-inner\"><h2 class=\"w-text\"><span class=\"w-text-h\"><span class=\"w-text-value\">February 2026 date to be announced<\/span><\/span><\/h2><div class=\"wpb_text_column\"><div class=\"wpb_wrapper\"><h3>Redding CA &#8220;The Call to Renewal&#8221;<\/h3>\n<\/div><\/div><div class=\"w-separator size_medium\"><\/div><div class=\"wpb_text_column\"><div class=\"wpb_wrapper\"><h4 style=\"text-align: left;\"><strong data-start=\"1105\" data-end=\"1174\">\u201cFor the Good of the One \u2014 VMTC\u00a0 Relaunch Gathering\u201d<\/strong><br data-start=\"1174\" data-end=\"1177\" \/><em data-start=\"1179\" data-end=\"1247\">Led by the Holy Spirit for the good of the one receiving ministry.<\/em><\/h4>\n<\/div><\/div><\/div><\/div><div class=\"wpb_column vc_column_container\"><div class=\"vc_column-inner\"><div class=\"wpb_text_column\"><div class=\"wpb_wrapper\"><p>\u201cVMTC-International is stepping into a new direction \u2014 a fresh anointing and renewed vision. We move forward led by the Holy Spirit for the good of the one receiving ministry, equipping believers worldwide to minister healing and deliverance in Jesus\u2019 name.\u201d<\/p>\n<\/div><\/div><div class=\"w-separator size_medium\"><\/div><div class=\"w-btn-wrapper align_justify\"><a class=\"w-btn us-btn-style_1\" href=\"\/fr\/inscription-a-lecole-de-redding\/\"><span class=\"w-btn-label\">Registre<\/span><\/a><\/div><\/div><\/div><\/div><div class=\"w-text no_text\"><span class=\"w-text-h\"><span class=\"w-text-value\"><\/span><\/span><\/div><\/div><\/div><div class=\"wpb_column vc_column_container us_custom_61f8da77 has_bg_color\"><div class=\"vc_column-inner\"><div class=\"g-cols wpb_row via_grid cols_3-2 laptops-cols_2 tablets-cols_inherit mobiles-cols_1 valign_top type_default stacking_default\" style=\"--columns-gap:4vw;\"><div class=\"wpb_column vc_column_container\"><div class=\"vc_column-inner\"><h2 class=\"w-text\"><span class=\"w-text-h\"><span class=\"w-text-value\">Coming Work shops<\/span><\/span><\/h2><h3 class=\"w-text\"><span class=\"w-text-h\"><span class=\"w-text-value\">Spiritual Warfare and prayer ministry training<\/span><\/span><\/h3><\/div><\/div><div class=\"wpb_column vc_column_container\"><div class=\"vc_column-inner\"><div class=\"wpb_text_column\"><div class=\"wpb_wrapper\"><p><span>\u00a0<\/span><\/p>\n<\/div><\/div><div class=\"w-separator size_medium\"><\/div><div class=\"w-btn-wrapper align_justify\"><a class=\"w-btn us-btn-style_1\" href=\"\/fr\/lodi-school-registration\/\"><span class=\"w-btn-label\">Closed<\/span><\/a><\/div><\/div><\/div><\/div><\/div><\/div><\/div><\/div><\/section>","protected":false},"excerpt":{"rendered":"","protected":false},"author":1,"featured_media":0,"parent":0,"menu_order":0,"comment_status":"closed","ping_status":"closed","template":"","meta":{"om_disable_all_campaigns":false,"_monsterinsights_skip_tracking":false,"_monsterinsights_sitenote_active":false,"_monsterinsights_sitenote_note":"","_monsterinsights_sitenote_category":0,"footnotes":""},"class_list":["post-1822","page","type-page","status-publish","hentry"],"aioseo_notices":[],"_links":{"self":[{"href":"https:\/\/www.vmtc.net\/fr\/wp-json\/wp\/v2\/pages\/1822","targetHints":{"allow":["GET"]}}],"collection":[{"href":"https:\/\/www.vmtc.net\/fr\/wp-json\/wp\/v2\/pages"}],"about":[{"href":"https:\/\/www.vmtc.net\/fr\/wp-json\/wp\/v2\/types\/page"}],"author":[{"embeddable":true,"href":"https:\/\/www.vmtc.net\/fr\/wp-json\/wp\/v2\/users\/1"}],"replies":[{"embeddable":true,"href":"https:\/\/www.vmtc.net\/fr\/wp-json\/wp\/v2\/comments?post=1822"}],"version-history":[{"count":0,"href":"https:\/\/www.vmtc.net\/fr\/wp-json\/wp\/v2\/pages\/1822\/revisions"}],"wp:attachment":[{"href":"https:\/\/www.vmtc.net\/fr\/wp-json\/wp\/v2\/media?parent=1822"}],"curies":[{"name":"wp","href":"https:\/\/api.w.org\/{rel}","templated":true}]}}