{"id":2927,"date":"2025-04-03T22:07:16","date_gmt":"2025-04-03T22:07:16","guid":{"rendered":"https:\/\/www.vmtc.net\/?page_id=2927"},"modified":"2025-04-03T22:11:08","modified_gmt":"2025-04-03T22:11:08","slug":"vmtc_relaciones_denominacionales","status":"publish","type":"page","link":"https:\/\/www.vmtc.net\/es_do\/vmtc_denominational_relationships\/","title":{"rendered":"VMTC_relaciones_denominacionales"},"content":{"rendered":"<section class=\"l-section wpb_row height_custom\"><div class=\"l-section-h i-cf\"><div class=\"g-cols vc_row via_grid cols_2-3 laptops-cols_2 tablets-cols_inherit mobiles-cols_1 valign_middle type_default stacking_default\" style=\"--columns-gap:5%;\"><div class=\"wpb_column vc_column_container\"><div class=\"vc_column-inner\"><div class=\"wpb_text_column\"><div class=\"wpb_wrapper\"><h2 class=\"w-iconbox-title\">VMTC Relaciones confesionales<\/h2>\n<div class=\"w-iconbox-text\">\n<p>Desde 1971, <strong>Ministerio de Oraci\u00f3n de VMTC<\/strong> ha venido ofreciendo el Ministerio de Escuelas de Oraci\u00f3n, dirigido por un <strong>junta ecum\u00e9nica<\/strong> compuesto por <strong>pastores, sacerdotes, laicos y laicas<\/strong> de varias denominaciones dentro del cuerpo de Cristo. Nuestro equipo proviene de una rica diversidad de tradiciones, incluyendo:<\/p>\n<ul>\n<li><strong>Episcopal<\/strong><\/li>\n<li><strong>Anglicano<\/strong><\/li>\n<li><strong>Metodista Unida<\/strong><\/li>\n<li><strong>Iglesia Unida de Cristo<\/strong><\/li>\n<li><strong>Disc\u00edpulos de Cristo<\/strong><\/li>\n<li><strong>Carism\u00e1tico, no confesional<\/strong><\/li>\n<li><strong>Luterana<\/strong><\/li>\n<li><strong>Menonita<\/strong><\/li>\n<li><strong>Asamblea de Dios<\/strong><\/li>\n<\/ul>\n<p>Esta amplia representaci\u00f3n refleja la unidad de los creyentes en Cristo y la misi\u00f3n compartida de llevar sanaci\u00f3n y libertad a trav\u00e9s del poder de la oraci\u00f3n y del Esp\u00edritu Santo. <strong>Juntos, estamos comprometidos a servir a Dios y a Su pueblo, independientemente de la denominaci\u00f3n, en el ministerio de sanaci\u00f3n y liberaci\u00f3n.<\/strong><\/p>\n<\/div>\n<\/div><\/div><\/div><\/div><div class=\"wpb_column vc_column_container\"><div class=\"vc_column-inner\"><div class=\"w-image align_none\"><div class=\"w-image-h\"><img decoding=\"async\" width=\"1024\" height=\"793\" src=\"https:\/\/www.vmtc.net\/wp-content\/uploads\/2025\/02\/VMTC2024-2-1024x793.jpg\" class=\"attachment-large size-large\" alt=\"\" loading=\"lazy\" srcset=\"https:\/\/www.vmtc.net\/wp-content\/uploads\/2025\/02\/VMTC2024-2-1024x793.jpg 1024w, https:\/\/www.vmtc.net\/wp-content\/uploads\/2025\/02\/VMTC2024-2-300x232.jpg 300w, https:\/\/www.vmtc.net\/wp-content\/uploads\/2025\/02\/VMTC2024-2-600x464.jpg 600w\" sizes=\"auto, (max-width: 1024px) 100vw, 1024px\" \/><\/div><\/div><\/div><\/div><\/div><\/div><\/section>","protected":false},"excerpt":{"rendered":"","protected":false},"author":1,"featured_media":0,"parent":0,"menu_order":0,"comment_status":"closed","ping_status":"closed","template":"","meta":{"om_disable_all_campaigns":false,"_monsterinsights_skip_tracking":false,"_monsterinsights_sitenote_active":false,"_monsterinsights_sitenote_note":"","_monsterinsights_sitenote_category":0,"footnotes":""},"class_list":["post-2927","page","type-page","status-publish","hentry"],"aioseo_notices":[],"_links":{"self":[{"href":"https:\/\/www.vmtc.net\/es_do\/wp-json\/wp\/v2\/pages\/2927","targetHints":{"allow":["GET"]}}],"collection":[{"href":"https:\/\/www.vmtc.net\/es_do\/wp-json\/wp\/v2\/pages"}],"about":[{"href":"https:\/\/www.vmtc.net\/es_do\/wp-json\/wp\/v2\/types\/page"}],"author":[{"embeddable":true,"href":"https:\/\/www.vmtc.net\/es_do\/wp-json\/wp\/v2\/users\/1"}],"replies":[{"embeddable":true,"href":"https:\/\/www.vmtc.net\/es_do\/wp-json\/wp\/v2\/comments?post=2927"}],"version-history":[{"count":0,"href":"https:\/\/www.vmtc.net\/es_do\/wp-json\/wp\/v2\/pages\/2927\/revisions"}],"wp:attachment":[{"href":"https:\/\/www.vmtc.net\/es_do\/wp-json\/wp\/v2\/media?parent=2927"}],"curies":[{"name":"wp","href":"https:\/\/api.w.org\/{rel}","templated":true}]}}