{"id":2919,"date":"2025-04-03T21:58:47","date_gmt":"2025-04-03T21:58:47","guid":{"rendered":"https:\/\/www.vmtc.net\/?page_id=2919"},"modified":"2025-04-03T22:02:16","modified_gmt":"2025-04-03T22:02:16","slug":"tratamiento_en_profundidad_de_las_barreras","status":"publish","type":"page","link":"https:\/\/www.vmtc.net\/es_do\/in_depth_dealing_with_barriers\/","title":{"rendered":"tratamiento_en_profundidad_de_las_barreras"},"content":{"rendered":"<section class=\"l-section wpb_row height_custom\"><div class=\"l-section-h i-cf\"><div class=\"g-cols vc_row via_grid cols_2-3 laptops-cols_2 tablets-cols_inherit mobiles-cols_1 valign_middle type_default stacking_default\" style=\"--columns-gap:5%;\"><div class=\"wpb_column vc_column_container\"><div class=\"vc_column-inner\"><div class=\"wpb_text_column\"><div class=\"wpb_wrapper\"><h2 class=\"w-iconbox-title\">Afrontar los obst\u00e1culos en profundidad<\/h2>\n<p>La sesi\u00f3n de \"limpieza de la casa\" de VMTC es una limpieza espiritual que prepara a las personas para entablar relaciones sanas, centradas en Cristo, eliminando el equipaje oculto -las cargas emocionales y espirituales- que causan confusi\u00f3n e impiden el crecimiento espiritual. A trav\u00e9s de la oraci\u00f3n y el poder del Esp\u00edritu Santo, esta sesi\u00f3n ayuda a despejar las distracciones y fortalezas que pueden impedirle centrarse plenamente en el llamado de Dios para su vida. Restaura su claridad de prop\u00f3sito y fortalece su compromiso con Cristo, permiti\u00e9ndole vivir con mayor libertad y enfoque en todas las \u00e1reas de la vida. Por Su gracia, somos sanados y liberados para seguirle con todo nuestro coraz\u00f3n.<\/p>\n<\/div><\/div><\/div><\/div><div class=\"wpb_column vc_column_container\"><div class=\"vc_column-inner\"><div class=\"w-image align_none\"><div class=\"w-image-h\"><img decoding=\"async\" width=\"1024\" height=\"683\" src=\"https:\/\/www.vmtc.net\/wp-content\/uploads\/2025\/01\/getty-images-YaBJ3w88Mgw-unsplash-1-1024x683.jpg\" class=\"attachment-large size-large\" alt=\"\" loading=\"lazy\" srcset=\"https:\/\/www.vmtc.net\/wp-content\/uploads\/2025\/01\/getty-images-YaBJ3w88Mgw-unsplash-1-1024x683.jpg 1024w, https:\/\/www.vmtc.net\/wp-content\/uploads\/2025\/01\/getty-images-YaBJ3w88Mgw-unsplash-1-300x200.jpg 300w, https:\/\/www.vmtc.net\/wp-content\/uploads\/2025\/01\/getty-images-YaBJ3w88Mgw-unsplash-1-600x400.jpg 600w\" sizes=\"auto, (max-width: 1024px) 100vw, 1024px\" \/><\/div><\/div><\/div><\/div><\/div><\/div><\/section>","protected":false},"excerpt":{"rendered":"","protected":false},"author":1,"featured_media":0,"parent":0,"menu_order":0,"comment_status":"closed","ping_status":"closed","template":"","meta":{"om_disable_all_campaigns":false,"_monsterinsights_skip_tracking":false,"_monsterinsights_sitenote_active":false,"_monsterinsights_sitenote_note":"","_monsterinsights_sitenote_category":0,"footnotes":""},"class_list":["post-2919","page","type-page","status-publish","hentry"],"aioseo_notices":[],"_links":{"self":[{"href":"https:\/\/www.vmtc.net\/es_do\/wp-json\/wp\/v2\/pages\/2919","targetHints":{"allow":["GET"]}}],"collection":[{"href":"https:\/\/www.vmtc.net\/es_do\/wp-json\/wp\/v2\/pages"}],"about":[{"href":"https:\/\/www.vmtc.net\/es_do\/wp-json\/wp\/v2\/types\/page"}],"author":[{"embeddable":true,"href":"https:\/\/www.vmtc.net\/es_do\/wp-json\/wp\/v2\/users\/1"}],"replies":[{"embeddable":true,"href":"https:\/\/www.vmtc.net\/es_do\/wp-json\/wp\/v2\/comments?post=2919"}],"version-history":[{"count":0,"href":"https:\/\/www.vmtc.net\/es_do\/wp-json\/wp\/v2\/pages\/2919\/revisions"}],"wp:attachment":[{"href":"https:\/\/www.vmtc.net\/es_do\/wp-json\/wp\/v2\/media?parent=2919"}],"curies":[{"name":"wp","href":"https:\/\/api.w.org\/{rel}","templated":true}]}}