{"id":2912,"date":"2025-04-03T21:45:20","date_gmt":"2025-04-03T21:45:20","guid":{"rendered":"https:\/\/www.vmtc.net\/?page_id=2912"},"modified":"2025-04-03T21:48:48","modified_gmt":"2025-04-03T21:48:48","slug":"enfoque_basado_en_las_escrituras","status":"publish","type":"page","link":"https:\/\/www.vmtc.net\/es_do\/scripturally_based_approach\/","title":{"rendered":"enfoque_basado_en_las_escrituras"},"content":{"rendered":"<section class=\"l-section wpb_row height_auto\"><div class=\"l-section-h i-cf\"><div class=\"g-cols vc_row via_grid cols_2 laptops-cols_inherit tablets-cols_1 mobiles-cols_1 valign_middle type_default reversed stacking_default\" style=\"--columns-gap:0px;\"><div class=\"wpb_column vc_column_container us_custom_e1b33f70 has_bg_color stretched\"><div class=\"vc_column-inner\"><\/div><\/div><div class=\"wpb_column vc_column_container\"><div class=\"vc_column-inner\"><div class=\"w-separator size_huge\"><\/div><div class=\"wpb_text_column us_custom_525019aa\"><div class=\"wpb_wrapper\"><h2 class=\"w-iconbox-title\" style=\"text-align: center;\">Enfoque basado en las Escrituras<\/h2>\n<p>El Ministerio de Oraci\u00f3n VMTC aplica amorosamente la Palabra de Dios a trav\u00e9s de la oraci\u00f3n ungida y llena del Esp\u00edritu, trayendo sanidad y libertad en el nombre de Jes\u00fas. Cada sesi\u00f3n est\u00e1 firmemente arraigada en las Escrituras, construida sobre una base de 150 vers\u00edculos b\u00edblicos que revelan el ministerio de Cristo de sanaci\u00f3n, liberaci\u00f3n y restauraci\u00f3n. Mientras oramos con fe, el Esp\u00edritu Santo se mueve poderosamente, cumpliendo las promesas de Dios de liberar a los cautivos y traer plenitud a Su pueblo. \u00a1Toda la gloria a Jes\u00fas!<\/p>\n<\/div><\/div><div class=\"w-separator size_huge\"><\/div><\/div><\/div><\/div><\/div><\/section>","protected":false},"excerpt":{"rendered":"","protected":false},"author":1,"featured_media":0,"parent":0,"menu_order":0,"comment_status":"closed","ping_status":"closed","template":"","meta":{"om_disable_all_campaigns":false,"_monsterinsights_skip_tracking":false,"_monsterinsights_sitenote_active":false,"_monsterinsights_sitenote_note":"","_monsterinsights_sitenote_category":0,"footnotes":""},"class_list":["post-2912","page","type-page","status-publish","hentry"],"aioseo_notices":[],"_links":{"self":[{"href":"https:\/\/www.vmtc.net\/es_do\/wp-json\/wp\/v2\/pages\/2912","targetHints":{"allow":["GET"]}}],"collection":[{"href":"https:\/\/www.vmtc.net\/es_do\/wp-json\/wp\/v2\/pages"}],"about":[{"href":"https:\/\/www.vmtc.net\/es_do\/wp-json\/wp\/v2\/types\/page"}],"author":[{"embeddable":true,"href":"https:\/\/www.vmtc.net\/es_do\/wp-json\/wp\/v2\/users\/1"}],"replies":[{"embeddable":true,"href":"https:\/\/www.vmtc.net\/es_do\/wp-json\/wp\/v2\/comments?post=2912"}],"version-history":[{"count":0,"href":"https:\/\/www.vmtc.net\/es_do\/wp-json\/wp\/v2\/pages\/2912\/revisions"}],"wp:attachment":[{"href":"https:\/\/www.vmtc.net\/es_do\/wp-json\/wp\/v2\/media?parent=2912"}],"curies":[{"name":"wp","href":"https:\/\/api.w.org\/{rel}","templated":true}]}}