{"id":2885,"date":"2025-04-01T23:26:54","date_gmt":"2025-04-01T23:26:54","guid":{"rendered":"https:\/\/www.vmtc.net\/?page_id=2885"},"modified":"2025-04-03T21:38:18","modified_gmt":"2025-04-03T21:38:18","slug":"sobre_2","status":"publish","type":"page","link":"https:\/\/www.vmtc.net\/es_do\/about_2\/","title":{"rendered":"Acerca de_2"},"content":{"rendered":"<section class=\"l-section wpb_row height_auto\"><div class=\"l-section-h i-cf\"><div class=\"g-cols vc_row via_grid cols_2-3 laptops-cols_2 tablets-cols_1 mobiles-cols_1 valign_top type_default stacking_default\"><div class=\"wpb_column vc_column_container type_sticky\"><div class=\"vc_column-inner\"><div class=\"w-separator size_large\"><\/div><h2 class=\"w-text\"><span class=\"w-text-h\"><span class=\"w-text-value\">\u00bfQu\u00e9 ocurre en una sesi\u00f3n de oraci\u00f3n?<\/span><\/span><\/h2><div class=\"w-separator us_custom_9127616d size_large\"><\/div><\/div><\/div><div class=\"wpb_column vc_column_container us_custom_8c172a66 has_bg_color stretched\"><div class=\"vc_column-inner\"><div class=\"wpb_text_column us_custom_a5ef9130\"><div class=\"wpb_wrapper\"><p>Cada sesi\u00f3n, de una duraci\u00f3n de <strong>4-6 horas<\/strong>est\u00e1 dirigido por un <strong>equipo formado por un hombre y una mujer<\/strong>, ministrando en el <strong>amor y autoridad de Cristo<\/strong>. Estas sesiones incluyen:<\/p>\n<p>\u2705 <strong>Confesi\u00f3n, arrepentimiento y perd\u00f3n<\/strong><br \/>\u2705 <strong>Cutting bondage's<\/strong> a personas, lugares, cosas y experiencias<br \/>\u2705 <strong>Liberaci\u00f3n de fortalezas espirituales<\/strong><br \/>\u2705 <strong>Curaci\u00f3n de heridas emocionales y espirituales<\/strong><br \/>\u2705 <strong>Activaci\u00f3n de los dones del Esp\u00edritu Santo<\/strong> para una transformaci\u00f3n m\u00e1s profunda<\/p>\n<p>El objetivo de <strong>Ministerio victorioso a trav\u00e9s de Cristo<\/strong> es <strong>no limitarse a resolver problemas, sino abordar sus causas profundas<\/strong>. Es <strong>no se trata de \"arreglar\" a los dem\u00e1s, sino de dejar que Dios nos transforme para parecernos m\u00e1s a Cristo<\/strong>. No se centra simplemente en sanar los recuerdos, sino en <strong>capacitar a los creyentes para caminar en victoria sobre sus circunstancias pasadas y presentes<\/strong>.<\/p>\n<p>Cada sesi\u00f3n es <strong>totalmente confidencial<\/strong>-no se toman notas ni se hacen grabaciones. Al final, todo se entrega al Se\u00f1or en oraci\u00f3n, dejando s\u00f3lo el <strong>amor del Padre<\/strong> para el que ha sido liberado.<\/p>\n<\/div><\/div><\/div><\/div><\/div><\/div><\/section><section class=\"l-section wpb_row height_auto\"><div class=\"l-section-h i-cf\"><div class=\"g-cols vc_row via_grid cols_2-3 laptops-cols_2 tablets-cols_1 mobiles-cols_1 valign_top type_default stacking_default\"><div class=\"wpb_column vc_column_container type_sticky\"><div class=\"vc_column-inner\"><div class=\"w-separator size_large\"><\/div><h2 class=\"w-text\"><span class=\"w-text-h\"><span class=\"w-text-value\">D\u00f3nde servimos<\/span><\/span><\/h2><div class=\"w-separator us_custom_9127616d size_large\"><\/div><\/div><\/div><div class=\"wpb_column vc_column_container us_custom_8c172a66 has_bg_color stretched\"><div class=\"vc_column-inner\"><div class=\"wpb_text_column us_custom_a5ef9130\"><div class=\"wpb_wrapper\"><p>Actualmente,\u00a0<strong>Ministerio victorioso a trav\u00e9s de las Escuelas de Cristo<\/strong> se celebran en:<\/p>\n<p>\ud83d\udccd <strong>California\u00a0<\/strong>\ud83d\udccd <strong>Arizona\u00a0<\/strong>\ud83d\udccd <strong>Virginia Occidental<\/strong><\/p>\n<p>\ud83d\udccd <strong>Estado de Washington\u00a0<\/strong>\ud83d\udccd <strong>Florida\u00a0<\/strong>\ud83d\udccd <strong>Illinois<\/strong><\/p>\n<p>\ud83d\udccd <strong>Texas\u00a0<\/strong>\ud83d\udccd <strong>Tennessee <\/strong><\/p>\n<p>Adem\u00e1s de las sesiones ministeriales durante estas escuelas, <strong>formado Ministerio Victorioso a trav\u00e9s de Cristo Ministros<\/strong> tambi\u00e9n ofrecen ministerio en <strong>iglesias y hogares<\/strong> entre escuelas.<\/p>\n<p>Si se siente <strong>Dios te llama a una sanaci\u00f3n m\u00e1s profunda, a la libertad o a la formaci\u00f3n en el ministerio de la oraci\u00f3n<\/strong>le invitamos a <strong>experimentar el poder transformador de Jesucristo a trav\u00e9s del Ministerio Victorioso Por Cristo<\/strong>.<\/p>\n<\/div><\/div><\/div><\/div><\/div><\/div><\/section>","protected":false},"excerpt":{"rendered":"","protected":false},"author":1,"featured_media":0,"parent":0,"menu_order":0,"comment_status":"closed","ping_status":"closed","template":"","meta":{"om_disable_all_campaigns":false,"_monsterinsights_skip_tracking":false,"_monsterinsights_sitenote_active":false,"_monsterinsights_sitenote_note":"","_monsterinsights_sitenote_category":0,"footnotes":""},"class_list":["post-2885","page","type-page","status-publish","hentry"],"aioseo_notices":[],"_links":{"self":[{"href":"https:\/\/www.vmtc.net\/es_do\/wp-json\/wp\/v2\/pages\/2885","targetHints":{"allow":["GET"]}}],"collection":[{"href":"https:\/\/www.vmtc.net\/es_do\/wp-json\/wp\/v2\/pages"}],"about":[{"href":"https:\/\/www.vmtc.net\/es_do\/wp-json\/wp\/v2\/types\/page"}],"author":[{"embeddable":true,"href":"https:\/\/www.vmtc.net\/es_do\/wp-json\/wp\/v2\/users\/1"}],"replies":[{"embeddable":true,"href":"https:\/\/www.vmtc.net\/es_do\/wp-json\/wp\/v2\/comments?post=2885"}],"version-history":[{"count":0,"href":"https:\/\/www.vmtc.net\/es_do\/wp-json\/wp\/v2\/pages\/2885\/revisions"}],"wp:attachment":[{"href":"https:\/\/www.vmtc.net\/es_do\/wp-json\/wp\/v2\/media?parent=2885"}],"curies":[{"name":"wp","href":"https:\/\/api.w.org\/{rel}","templated":true}]}}