{"id":2860,"date":"2025-03-27T20:30:45","date_gmt":"2025-03-27T20:30:45","guid":{"rendered":"https:\/\/www.vmtc.net\/?page_id=2860"},"modified":"2025-09-09T20:04:06","modified_gmt":"2025-09-09T20:04:06","slug":"contactar-con-vmtc","status":"publish","type":"page","link":"https:\/\/www.vmtc.net\/es_do\/contact-vmtc\/","title":{"rendered":"Contacte con nosotros"},"content":{"rendered":"<section class=\"l-section wpb_row height_custom\"><div class=\"l-section-h i-cf\"><div class=\"g-cols vc_row via_grid cols_2 laptops-cols_inherit tablets-cols_inherit mobiles-cols_1 valign_middle type_default stacking_default\"><div class=\"wpb_column vc_column_container\"><div class=\"vc_column-inner\"><h1 class=\"w-text us_custom_1f257949\"><span class=\"w-text-h\"><span class=\"w-text-value\">Contactar con VMTC<\/span><\/span><\/h1><div class=\"w-separator size_medium\"><\/div><div class=\"wpb_text_column us_custom_41104a16\"><div class=\"wpb_wrapper\"><p><strong><a href=\"mailto:vmtc-international.org\"><span \n                data-original-string='H7S0vDK9OhHRjqoHQr6crQ==5e1jpaeik3m9BiGiAi3i1eqjuYUIwgSWiUY4l3ih8HMwYQ='\n                class='apbct-email-encoder'\n                title='This contact has been encoded by Anti-Spam by CleanTalk. Click to decode. To finish the decoding make sure that JavaScript is enabled in your browser.'>Su<span class=\"apbct-blur\">*****<\/span>@<span class=\"apbct-blur\">****************<\/span>al.org<\/span><\/a> <\/strong><\/p>\n<p>Available:<\/p>\n<p>Lunes: de 8.00 a 17.00 horas<br \/>Martes: de 8.00 a 17.00 horas<br \/>Mi\u00e9rcoles: de 8.00 a 17.00 horas<br \/>Jueves: de 8.00 a 17.00 horas<br \/>Viernes: de 8.00 a 17.00 horas<br \/>S\u00e1bado 9 h - 14 h<br \/>Domingos cerrado<\/p>\n<\/div><\/div><div class=\"w-separator size_medium\"><\/div><div class=\"wpb_text_column us_custom_41104a16\"><div class=\"wpb_wrapper\"><p><b>Call 530-355-1274<\/b><\/p>\n<\/div><\/div><\/div><\/div><div class=\"wpb_column vc_column_container us_custom_30d5550c\"><div class=\"vc_column-inner\"><form class=\"w-form  us-field-style_1 layout_ver show_message_after_sending for_cform us_form_1\" action=\"https:\/\/www.vmtc.net\/es_do\/es_do\/wp-json\/wp\/v2\/pages\/2860\" method=\"post\" style=\"--fields-gap:1.5rem\" data-trp-original-action=\"https:\/\/www.vmtc.net\/es_do\/es_do\/wp-json\/wp\/v2\/pages\/2860\"><div class=\"w-form-h\"><div class=\"w-form-row for_text has_label required\">\r\n\t\t\t<div class=\"w-form-row-label\">\r\n\t\t\t<span>Tu nombre *<\/span>\r\n\t\t<\/div>\r\n\t\t<div class=\"w-form-row-field\">\r\n\t\t\t\t\t\t<input aria-label=\"Su nombre\" type=\"text\" name=\"us_form_1_text_1\" value placeholder data-required=\"true\" aria-required=\"true\"\/>\r\n\t\t\t<\/div>\r\n\t\t<div class=\"w-form-row-state\">Fill out this field<\/div>\r\n<\/div>\r\n<div class=\"w-form-row for_email has_label required cols_2\">\r\n\t\t\t<div class=\"w-form-row-label\">\r\n\t\t\t<span>Correo electr\u00f3nico *<\/span>\r\n\t\t<\/div>\r\n\t\t<div class=\"w-form-row-field\">\r\n\t\t\t\t\t\t<input aria-label=\"Correo electr\u00f3nico\" type=\"email\" name=\"us_form_1_email_1\" value placeholder=\" \" data-required=\"true\" aria-required=\"true\"\/>\r\n\t\t\t<\/div>\r\n\t\t<div class=\"w-form-row-state\">Por favor, introduce una direcci\u00f3n de correo electr\u00f3nico v\u00e1lida.<\/div>\r\n<\/div>\r\n<div class=\"w-form-row for_text has_label required cols_2\">\r\n\t\t\t<div class=\"w-form-row-label\">\r\n\t\t\t<span>N\u00famero de tel\u00e9fono *<\/span>\r\n\t\t<\/div>\r\n\t\t<div class=\"w-form-row-field\">\r\n\t\t\t\t\t\t<input aria-label=\"N\u00famero de tel\u00e9fono\" type=\"text\" name=\"us_form_1_text_2\" value placeholder data-required=\"true\" aria-required=\"true\"\/>\r\n\t\t\t<\/div>\r\n\t\t<div class=\"w-form-row-state\">Fill out this field<\/div>\r\n<\/div>\r\n<div class=\"w-form-row for_select has_label cols_2\">\r\n\t\t\t<div class=\"w-form-row-label\">\r\n\t\t\t<span>C\u00f3mo podemos ayudar<\/span>\r\n\t\t<\/div>\r\n\t\t<div class=\"w-form-row-field\">\r\n\t\t\t\t\t\t<select aria-label=\"C\u00f3mo podemos ayudar\" name=\"us_form_1_select_1\">\r\n\t\t\t<option value=\"Information about VMTC\">Information about VMTC<\/option><option value=\"General Questions\">Cuestiones generales<\/option><option value=\"Prayer Session \">Sesi\u00f3n de oraci\u00f3n <\/option><option value=\"Schools\">Escuelas<\/option><option value=\"Getting involved in VMTC\">Getting involved in VMTC<\/option>\t\t<\/select>\r\n\t\t\t<\/div>\r\n\t\t<div class=\"w-form-row-state\">Select an option<\/div>\r\n<\/div>\r\n<div class=\"w-form-row for_select has_label cols_2\">\r\n\t\t\t<div class=\"w-form-row-label\">\r\n\t\t\t<span>Interesado en<\/span>\r\n\t\t<\/div>\r\n\t\t<div class=\"w-form-row-field\">\r\n\t\t\t\t\t\t<select aria-label=\"Interesado en\" name=\"us_form_1_select_2\">\r\n\t\t\t<option value=\"VMTC Ministry\">VMTC Ministry<\/option><option value=\"VMTC Schools\">Escuelas VMTC<\/option><option value=\"Receiving Ministry\">Receiving Ministry<\/option><option value=\"General Prayer\">Oraci\u00f3n general<\/option><option value=\"Deliverance\">Liberaci\u00f3n<\/option><option value=\" \"> <\/option>\t\t<\/select>\r\n\t\t\t<\/div>\r\n\t\t<div class=\"w-form-row-state\">Select an option<\/div>\r\n<\/div>\r\n<div class=\"w-form-row for_textarea has_label\">\r\n\t\t\t<div class=\"w-form-row-label\">\r\n\t\t\t<span>\u00bfHay algo m\u00e1s que quiera compartir con nosotros?<\/span>\r\n\t\t<\/div>\r\n\t\t<div class=\"w-form-row-field\">\r\n\t\t\t\t\t\t<textarea aria-label=\"\u00bfHay algo m\u00e1s que quiera compartir con nosotros?\" name=\"us_form_1_textarea_1\" placeholder><\/textarea>\r\n\t\t\t<\/div>\r\n\t\t<div class=\"w-form-row-state\">Fill out this field<\/div>\r\n<\/div>\r\n<input type=\"hidden\" name=\"action\" value=\"us_ajax_cform\" \/>\r\n<input type=\"hidden\" name=\"post_id\" value=\"0\" \/>\r\n<input type=\"hidden\" name=\"form_index\" value=\"1\" \/>\r\n<div class=\"w-form-row for_submit default_align_none laptops_align_none tablets_align_none mobiles_align_justify\"><button class=\"w-btn us-btn-style_1\" type=\"submit\" aria-label=\"Contacte con nosotros\"><span class=\"g-preloader type_1\"><\/span><span class=\"w-btn-label\">Contacte con nosotros<\/span><\/button><\/div><\/div><div class=\"w-form-message\"><\/div><div class=\"w-form-json hidden\" onclick='return {&quot;ajaxurl&quot;:&quot;https:\\\/\\\/www.vmtc.net\\\/wp-admin\\\/admin-ajax.php&quot;,&quot;messages&quot;:{&quot;err_empty&quot;:&quot;Fill out this field&quot;,&quot;err_size&quot;:&quot;File size cannot exceed %s MB&quot;,&quot;err_extension&quot;:&quot;%s file type is not allowed&quot;,&quot;err_recaptcha_keys&quot;:&quot;reCAPTCHA keys are incorrect&quot;}}'><\/div><input type=\"hidden\" name=\"trp-form-language\" value=\"es_do\"\/><\/form><\/div><\/div><\/div><\/div><\/section>","protected":false},"excerpt":{"rendered":"","protected":false},"author":1,"featured_media":0,"parent":0,"menu_order":0,"comment_status":"closed","ping_status":"closed","template":"","meta":{"om_disable_all_campaigns":false,"_monsterinsights_skip_tracking":false,"_monsterinsights_sitenote_active":false,"_monsterinsights_sitenote_note":"","_monsterinsights_sitenote_category":0,"footnotes":""},"class_list":["post-2860","page","type-page","status-publish","hentry"],"aioseo_notices":[],"_links":{"self":[{"href":"https:\/\/www.vmtc.net\/es_do\/wp-json\/wp\/v2\/pages\/2860","targetHints":{"allow":["GET"]}}],"collection":[{"href":"https:\/\/www.vmtc.net\/es_do\/wp-json\/wp\/v2\/pages"}],"about":[{"href":"https:\/\/www.vmtc.net\/es_do\/wp-json\/wp\/v2\/types\/page"}],"author":[{"embeddable":true,"href":"https:\/\/www.vmtc.net\/es_do\/wp-json\/wp\/v2\/users\/1"}],"replies":[{"embeddable":true,"href":"https:\/\/www.vmtc.net\/es_do\/wp-json\/wp\/v2\/comments?post=2860"}],"version-history":[{"count":0,"href":"https:\/\/www.vmtc.net\/es_do\/wp-json\/wp\/v2\/pages\/2860\/revisions"}],"wp:attachment":[{"href":"https:\/\/www.vmtc.net\/es_do\/wp-json\/wp\/v2\/media?parent=2860"}],"curies":[{"name":"wp","href":"https:\/\/api.w.org\/{rel}","templated":true}]}}