{"id":2029,"date":"2025-01-29T03:59:31","date_gmt":"2025-01-29T03:59:31","guid":{"rendered":"http:\/\/lbw.8f3.mytemp.website\/?page_id=2029"},"modified":"2025-02-22T12:12:06","modified_gmt":"2025-02-22T12:12:06","slug":"inscripcion-en-la-escuela-de-redding","status":"publish","type":"page","link":"https:\/\/www.vmtc.net\/es_do\/redding-school-registration\/","title":{"rendered":"Inscripci\u00f3n en la Escuela Redding"},"content":{"rendered":"<section class=\"l-section wpb_row height_custom\"><div class=\"l-section-h i-cf\"><div class=\"g-cols vc_row via_grid cols_1 laptops-cols_inherit tablets-cols_inherit mobiles-cols_1 valign_top type_default stacking_default\"><div class=\"wpb_column vc_column_container\"><div class=\"vc_column-inner\"><div class=\"wpb_text_column\"><div class=\"wpb_wrapper\"><h3 style=\"text-align: left;\">20 de marzo de 2025 Redding, CA VMTC MINISTRY SCHOOL FORMULARIO DE INSCRIPCI\u00d3N<\/h3>\n<\/div><\/div><div class=\"wpb_text_column\"><div class=\"wpb_wrapper\"><div class=\"wpforms-container wpforms-container-full wpforms-block wpforms-render-modern\" id=\"wpforms-1812\">\n<form id=\"wpforms-form-1812\" class=\"wpforms-validate wpforms-form wpforms-ajax-form\" data-formid=\"1812\" method=\"post\" enctype=\"multipart\/form-data\" action=\"\/es_do\/wp-json\/wp\/v2\/pages\/2029\" data-token=\"6331f9fb34d1195365ca4d373816bf0d\" data-token-time=\"1777402766\" data-trp-original-action=\"\/es_do\/wp-json\/wp\/v2\/pages\/2029\"><noscript class=\"wpforms-error-noscript\">Please enable JavaScript in your browser to complete this form.<\/noscript><\/p>\n<div id=\"wpforms-error-noscript\" style=\"display: none;\">Please enable JavaScript in your browser to complete this form.<\/div>\n<div class=\"wpforms-field-container\">\n<div id=\"wpforms-1812-field_10-container\" class=\"wpforms-field wpforms-field-content\" data-field-id=\"10\">\n<div id=\"wpforms-1812-field_10\" class=\"wpforms-field-medium wpforms-field-row\" aria-errormessage=\"wpforms-1812-field_10-error\">\n<h4>Inscripci\u00f3n VMTC<\/h4>\n<p>&nbsp;<\/p>\n<p>&nbsp;<\/p>\n<div class=\"wpforms-field-content-display-frontend-clear\"><\/div>\n<\/div>\n<\/div>\n<div id=\"wpforms-1812-field_1-container\" class=\"wpforms-field wpforms-field-name\" data-field-id=\"1\">\n<fieldset>\n<legend class=\"wpforms-field-label\">Nombre <span class=\"wpforms-required-label\" aria-hidden=\"true\">*<\/span><\/legend>\n<div class=\"wpforms-field-row wpforms-field-medium\">\n<div class=\"wpforms-field-row-block wpforms-first wpforms-one-half\"><input type=\"text\" id=\"wpforms-1812-field_1\" class=\"wpforms-field-name-first wpforms-field-required\" name=\"wpforms&#091;fields&#093;&#091;1&#093;&#091;first&#093;\" aria-errormessage=\"wpforms-1812-field_1-error\" required><label for=\"wpforms-1812-field_1\" class=\"wpforms-field-sublabel after\">First<\/label><\/div>\n<div class=\"wpforms-field-row-block wpforms-one-half\"><input type=\"text\" id=\"wpforms-1812-field_1-last\" class=\"wpforms-field-name-last wpforms-field-required\" name=\"wpforms&#091;fields&#093;&#091;1&#093;&#091;last&#093;\" aria-errormessage=\"wpforms-1812-field_1-last-error\" required><label for=\"wpforms-1812-field_1-last\" class=\"wpforms-field-sublabel after\">Last<\/label><\/div>\n<\/div>\n<\/fieldset>\n<\/div>\n<div id=\"wpforms-1812-field_6-container\" class=\"wpforms-field wpforms-field-address\" data-field-id=\"6\">\n<fieldset>\n<legend class=\"wpforms-field-label\">Direcci\u00f3n<\/legend>\n<div class=\"wpforms-field-row wpforms-field-medium\">\n<div ><input type=\"text\" id=\"wpforms-1812-field_6\" class=\"wpforms-field-address-address1\" name=\"wpforms&#091;fields&#093;&#091;6&#093;&#091;address1&#093;\" aria-errormessage=\"wpforms-1812-field_6-error\" ><label for=\"wpforms-1812-field_6\" class=\"wpforms-field-sublabel after\">Direcci\u00f3n L\u00ednea 1<\/label><\/div>\n<\/div>\n<div class=\"wpforms-field-row wpforms-field-medium\">\n<div ><input type=\"text\" id=\"wpforms-1812-field_6-address2\" class=\"wpforms-field-address-address2\" name=\"wpforms&#091;fields&#093;&#091;6&#093;&#091;address2&#093;\" aria-errormessage=\"wpforms-1812-field_6-address2-error\" ><label for=\"wpforms-1812-field_6-address2\" class=\"wpforms-field-sublabel after\">Direcci\u00f3n L\u00ednea 2<\/label><\/div>\n<\/div>\n<div class=\"wpforms-field-row wpforms-field-medium\">\n<div class=\"wpforms-field-row-block wpforms-one-half wpforms-first\"><input type=\"text\" id=\"wpforms-1812-field_6-city\" class=\"wpforms-field-address-city\" name=\"wpforms&#091;fields&#093;&#091;6&#093;&#091;city&#093;\" aria-errormessage=\"wpforms-1812-field_6-city-error\" ><label for=\"wpforms-1812-field_6-city\" class=\"wpforms-field-sublabel after\">Ciudad<\/label><\/div>\n<div class=\"wpforms-field-row-block wpforms-one-half\"><select id=\"wpforms-1812-field_6-state\" class=\"wpforms-field-address-state\" name=\"wpforms&#091;fields&#093;&#091;6&#093;&#091;state&#093;\" aria-errormessage=\"wpforms-1812-field_6-state-error\" ><option class=\"placeholder\" value=\"\" selected disabled>&#8212; Select state &#8212;<\/option><option value=\"AL\" >Alabama<\/option><option value=\"AK\" >Alaska<\/option><option value=\"AZ\" >Arizona<\/option><option value=\"AR\" >Arkansas<\/option><option value=\"CA\" >California<\/option><option value=\"CO\" >Colorado<\/option><option value=\"CT\" >Connecticut<\/option><option value=\"DE\" >Delaware<\/option><option value=\"DC\" >Distrito de Columbia<\/option><option value=\"FL\" >Florida<\/option><option value=\"GA\" >Georgia<\/option><option value=\"HI\" >Hawai<\/option><option value=\"ID\" >Idaho<\/option><option value=\"IL\" >Illinois<\/option><option value=\"IN\" >Indiana<\/option><option value=\"IA\" >Iowa<\/option><option value=\"KS\" >Kansas<\/option><option value=\"KY\" >Kentucky<\/option><option value=\"LA\" >Luisiana<\/option><option value=\"ME\" >Maine<\/option><option value=\"MD\" >Maryland<\/option><option value=\"MA\" >Massachusetts<\/option><option value=\"MI\" >Michigan<\/option><option value=\"MN\" >Minnesota<\/option><option value=\"MS\" >Mississippi<\/option><option value=\"MO\" >Missouri<\/option><option value=\"MT\" >Montana<\/option><option value=\"NE\" >Nebraska<\/option><option value=\"NV\" >Nevada<\/option><option value=\"NH\" >Nuevo Hampshire<\/option><option value=\"NJ\" >Nueva Jersey<\/option><option value=\"NM\" >Nuevo M\u00e9xico<\/option><option value=\"NY\" >Nueva York<\/option><option value=\"NC\" >Carolina del Norte<\/option><option value=\"ND\" >Dakota del Norte<\/option><option value=\"OH\" >Ohio<\/option><option value=\"OK\" >Oklahoma<\/option><option value=\"OR\" >Oreg\u00f3n<\/option><option value=\"PA\" >Pensilvania<\/option><option value=\"RI\" >Rhode Island<\/option><option value=\"SC\" >Carolina del Sur<\/option><option value=\"SD\" >Dakota del Sur<\/option><option value=\"TN\" >Tennessee<\/option><option value=\"TX\" >Texas<\/option><option value=\"UT\" >Utah<\/option><option value=\"VT\" >Vermont<\/option><option value=\"VA\" >Virginia<\/option><option value=\"WA\" >Washington<\/option><option value=\"WV\" >Virginia Occidental<\/option><option value=\"WI\" >Wisconsin<\/option><option value=\"WY\" >Wyoming<\/option><\/select><label for=\"wpforms-1812-field_6-state\" class=\"wpforms-field-sublabel after\">Estado<\/label><\/div>\n<\/div>\n<div class=\"wpforms-field-row wpforms-field-medium\">\n<div class=\"wpforms-field-row-block wpforms-one-half wpforms-first\"><input type=\"text\" id=\"wpforms-1812-field_6-postal\" class=\"wpforms-field-address-postal wpforms-masked-input\" data-inputmask-mask=\"(99999)|(99999-9999)\" data-inputmask-keepstatic=\"true\" data-rule-inputmask-incomplete=\"1\" name=\"wpforms&#091;fields&#093;&#091;6&#093;&#091;postal&#093;\" aria-errormessage=\"wpforms-1812-field_6-postal-error\" ><label for=\"wpforms-1812-field_6-postal\" class=\"wpforms-field-sublabel after\">C\u00f3digo postal<\/label><\/div>\n<\/div>\n<\/fieldset>\n<\/div>\n<div id=\"wpforms-1812-field_2-container\" class=\"wpforms-field wpforms-field-email\" data-field-id=\"2\"><label class=\"wpforms-field-label\" for=\"wpforms-1812-field_2\">Correo electr\u00f3nico <span class=\"wpforms-required-label\" aria-hidden=\"true\">*<\/span><\/label><input type=\"email\" id=\"wpforms-1812-field_2\" class=\"wpforms-field-medium wpforms-field-required\" name=\"wpforms&#091;fields&#093;&#091;2&#093;\" spellcheck=\"false\" aria-errormessage=\"wpforms-1812-field_2-error\" required><\/div>\n<div id=\"wpforms-1812-field_11-container\" class=\"wpforms-field wpforms-field-phone\" data-field-id=\"11\"><label class=\"wpforms-field-label\" for=\"wpforms-1812-field_11\">Tel\u00e9fono<\/label><input type=\"tel\" id=\"wpforms-1812-field_11\" class=\"wpforms-field-medium wpforms-smart-phone-field\" data-rule-smart-phone-field=\"true\" name=\"wpforms&#091;fields&#093;&#091;11&#093;\" aria-label=\"Tel\u00e9fono\" aria-errormessage=\"wpforms-1812-field_11-error\" ><\/div>\n<div id=\"wpforms-1812-field_3-container\" class=\"wpforms-field wpforms-field-textarea\" data-field-id=\"3\"><label class=\"wpforms-field-label\" for=\"wpforms-1812-field_3\">H\u00e1blenos de usted. <\/label><textarea id=\"wpforms-1812-field_3\" class=\"wpforms-field-medium\" name=\"wpforms&#091;fields&#093;&#091;3&#093;\" aria-errormessage=\"wpforms-1812-field_3-error\" ><\/textarea><\/div>\n<div id=\"wpforms-1812-field_9-container\" class=\"wpforms-field wpforms-field-textarea\" data-field-id=\"9\"><label class=\"wpforms-field-label\" for=\"wpforms-1812-field_9\">\u00bfQu\u00e9 le gustar\u00eda aprender de esta formaci\u00f3n?<\/label><textarea id=\"wpforms-1812-field_9\" class=\"wpforms-field-medium\" name=\"wpforms&#091;fields&#093;&#091;9&#093;\" aria-errormessage=\"wpforms-1812-field_9-error\" ><\/textarea><\/div>\n<div id=\"wpforms-1812-field_7-container\" class=\"wpforms-field wpforms-field-checkbox\" data-field-id=\"7\">\n<fieldset>\n<legend class=\"wpforms-field-label\">\u00bfAsistes a la iglesia<\/legend>\n<ul id=\"wpforms-1812-field_7\">\n<li class=\"choice-1 depth-1\"><input type=\"checkbox\" id=\"wpforms-1812-field_7_1\" name=\"wpforms&#091;fields&#093;&#091;7&#093;&#091;&#093;\" value=\"yes\" aria-errormessage=\"wpforms-1812-field_7_1-error\"  ><label class=\"wpforms-field-label-inline\" for=\"wpforms-1812-field_7_1\">s\u00ed<\/label><\/li>\n<li class=\"choice-2 depth-1\"><input type=\"checkbox\" id=\"wpforms-1812-field_7_2\" name=\"wpforms&#091;fields&#093;&#091;7&#093;&#091;&#093;\" value=\"no\" aria-errormessage=\"wpforms-1812-field_7_2-error\"  ><label class=\"wpforms-field-label-inline\" for=\"wpforms-1812-field_7_2\">no<\/label><\/li>\n<\/ul>\n<\/fieldset>\n<\/div>\n<div id=\"wpforms-1812-field_4-container\"\n\t\t\tclass=\"wpforms-field wpforms-field-text\"\n\t\t\tdata-field-type=\"text\"\n\t\t\tdata-field-id=\"4\"\n\t\t\t><br \/>\n\t\t\t<label class=\"wpforms-field-label\" for=\"wpforms-1812-field_4\" >If Tell <\/label><br \/>\n\t\t\t<input type=\"text\" id=\"wpforms-1812-field_4\" class=\"wpforms-field-medium\" name=\"wpforms&#091;fields&#093;&#091;4&#093;\" >\n\t\t<\/div>\n<div id=\"wpforms-1812-field_8-container\" class=\"wpforms-field wpforms-field-text\" data-field-id=\"8\"><label class=\"wpforms-field-label\" for=\"wpforms-1812-field_8\">En caso afirmativo, \u00bfen qu\u00e9 iglesia?<\/label><input type=\"text\" id=\"wpforms-1812-field_8\" class=\"wpforms-field-medium\" name=\"wpforms&#091;fields&#093;&#091;8&#093;\" aria-errormessage=\"wpforms-1812-field_8-error\" ><\/div>\n<p><script>\n\t\t\t\t( function() {\n\t\t\t\t\tconst style = document.createElement( 'style' );\n\t\t\t\t\tstyle.appendChild( document.createTextNode( '#wpforms-1812-field_4-container { position: absolute !important; overflow: hidden !important; display: inline !important; height: 1px !important; width: 1px !important; z-index: -1000 !important; padding: 0 !important; } #wpforms-1812-field_4-container input { visibility: hidden; } #wpforms-conversational-form-page #wpforms-1812-field_4-container label { counter-increment: none; }' ) );\n\t\t\t\t\tdocument.head.appendChild( style );\n\t\t\t\t\tdocument.currentScript?.remove();\n\t\t\t\t} )();\n\t\t\t<\/script><\/div>\n<p><!-- .wpforms-field-container --><\/p>\n<div class=\"wpforms-submit-container\" ><input type=\"hidden\" name=\"wpforms&#091;id&#093;\" value=\"1812\"><input type=\"hidden\" name=\"page_title\" value=\"\"><input type=\"hidden\" name=\"page_url\" value=\"https:\/\/www.vmtc.net\/es_do\/wp-json\/wp\/v2\/pages\/2029\"><input type=\"hidden\" name=\"url_referer\" value=\"\"><button type=\"submit\" name=\"wpforms&#091;submit&#093;\" id=\"wpforms-submit-1812\" class=\"wpforms-submit\" data-alt-text=\"Sending...\" data-submit-text=\"Submit\" aria-live=\"assertive\" value=\"wpforms-submit\">Enviar<\/button><img loading=\"lazy\" decoding=\"async\" src=\"https:\/\/www.vmtc.net\/wp-content\/plugins\/wpforms\/assets\/images\/submit-spin.svg\" class=\"wpforms-submit-spinner\" style=\"display: none;\" width=\"26\" height=\"26\" alt=\"Loading\"><\/div>\n<p><input type=\"hidden\" id=\"ct_checkjs_wpforms_10a7cdd970fe135cf4f7bb55c0e3b59f\" name=\"ct_checkjs_wpforms\" value=\"0\" \/><script>setTimeout(function(){var ct_input_name = \"ct_checkjs_wpforms_10a7cdd970fe135cf4f7bb55c0e3b59f\";if (document.getElementById(ct_input_name) !== null) {var ct_input_value = document.getElementById(ct_input_name).value;document.getElementById(ct_input_name).value = document.getElementById(ct_input_name).value.replace(ct_input_value, 'ed2dad3d322743d98de08197fde78a93e2be813fdda0f19bb07638f74c92c7e7');}}, 1000);<\/script><input\n                    class=\"apbct_special_field apbct_email_id__wp_wpforms\"\n                    name=\"apbct__email_id__wp_wpforms\"\n                    aria-label=\"apbct__label_id__wp_wpforms\"\n                    type=\"text\" size=\"30\" maxlength=\"200\" autocomplete=\"off\"\n                    value=\"\"\n                \/><input type=\"hidden\" name=\"trp-form-language\" value=\"es_do\"\/><\/form>\n<\/div>\n<p>  <!-- .wpforms-container --><\/p>\n<\/div><\/div><\/div><\/div><\/div><\/div><\/section>","protected":false},"excerpt":{"rendered":"","protected":false},"author":1,"featured_media":0,"parent":0,"menu_order":0,"comment_status":"closed","ping_status":"closed","template":"","meta":{"om_disable_all_campaigns":false,"_monsterinsights_skip_tracking":false,"_monsterinsights_sitenote_active":false,"_monsterinsights_sitenote_note":"","_monsterinsights_sitenote_category":0,"footnotes":""},"class_list":["post-2029","page","type-page","status-publish","hentry"],"aioseo_notices":[],"_links":{"self":[{"href":"https:\/\/www.vmtc.net\/es_do\/wp-json\/wp\/v2\/pages\/2029","targetHints":{"allow":["GET"]}}],"collection":[{"href":"https:\/\/www.vmtc.net\/es_do\/wp-json\/wp\/v2\/pages"}],"about":[{"href":"https:\/\/www.vmtc.net\/es_do\/wp-json\/wp\/v2\/types\/page"}],"author":[{"embeddable":true,"href":"https:\/\/www.vmtc.net\/es_do\/wp-json\/wp\/v2\/users\/1"}],"replies":[{"embeddable":true,"href":"https:\/\/www.vmtc.net\/es_do\/wp-json\/wp\/v2\/comments?post=2029"}],"version-history":[{"count":0,"href":"https:\/\/www.vmtc.net\/es_do\/wp-json\/wp\/v2\/pages\/2029\/revisions"}],"wp:attachment":[{"href":"https:\/\/www.vmtc.net\/es_do\/wp-json\/wp\/v2\/media?parent=2029"}],"curies":[{"name":"wp","href":"https:\/\/api.w.org\/{rel}","templated":true}]}}