{"id":1859,"date":"2025-03-21T03:57:19","date_gmt":"2025-03-21T03:57:19","guid":{"rendered":"https:\/\/vmtc.us\/?page_id=1859"},"modified":"2025-03-21T03:59:04","modified_gmt":"2025-03-21T03:59:04","slug":"fundacion_vmtc","status":"publish","type":"page","link":"https:\/\/www.vmtc.net\/es_do\/vmtc_foundation\/","title":{"rendered":"Los primeros cimientos"},"content":{"rendered":"<section class=\"l-section wpb_row us_custom_cf3d7369 height_auto\"><div class=\"l-section-h i-cf\"><div class=\"g-cols vc_row via_grid cols_2-3 laptops-cols_2 tablets-cols_1 mobiles-cols_1 valign_top type_default stacking_default\"><div class=\"wpb_column vc_column_container type_sticky\"><div class=\"vc_column-inner\"><div class=\"w-separator size_large\"><\/div><h2 class=\"w-text\"><span class=\"w-text-h\"><span class=\"w-text-value\">Sra. Anne S. White <\/span><\/span><\/h2><h2 class=\"w-text\"><span class=\"w-text-h\"><span class=\"w-text-value\"> La visi\u00f3n inicial<\/span><\/span><\/h2><div class=\"w-separator us_custom_9127616d size_large\"><\/div><\/div><\/div><div class=\"wpb_column vc_column_container us_custom_8c172a66 has_bg_color stretched\"><div class=\"vc_column-inner\"><div class=\"wpb_text_column us_custom_c646a5e5\"><div class=\"wpb_wrapper\"><h3 data-start=\"149\" data-end=\"209\">Los or\u00edgenes del Ministerio Victorioso a trav\u00e9s de Cristo (VMTC)<\/h3>\n<p data-start=\"149\" data-end=\"209\">Victorious Ministry Through Christ (VMTC) fue fundada por la Sra. Anne S. White de Florida, una de las figuras pioneras del movimiento carism\u00e1tico de posguerra. Mientras se encontraba sola en el camarote de un barco, experiment\u00f3 el bautismo del Esp\u00edritu Santo, un poderoso encuentro que se produjo en una \u00e9poca en la que apenas exist\u00edan ense\u00f1anzas modernas sobre el tema.<\/p>\n<p data-start=\"149\" data-end=\"209\">Esta experiencia que cambi\u00f3 su vida desencaden\u00f3 un ministerio mundial. A lo largo de las d\u00e9cadas de 1950, 1960 y 1970, la Sra. White se convirti\u00f3 en una destacada evangelista internacional, proclamando un mensaje de renovaci\u00f3n espiritual, liberaci\u00f3n y vida victoriosa a trav\u00e9s de Cristo.<\/p>\n<p data-start=\"149\" data-end=\"209\">La visi\u00f3n que Dios le dio se convirti\u00f3 en la base de VMTC, un ministerio que sigue formando, equipando y capacitando a creyentes de todo el mundo a trav\u00e9s del poder transformador del Esp\u00edritu Santo.<\/p>\n<\/div><\/div><\/div><\/div><\/div><\/div><\/section><section class=\"l-section wpb_row us_custom_cf3d7369 height_auto\"><div class=\"l-section-h i-cf\"><div class=\"g-cols vc_row via_grid cols_2-3 laptops-cols_2 tablets-cols_1 mobiles-cols_1 valign_top type_default stacking_default\"><div class=\"wpb_column vc_column_container type_sticky\"><div class=\"vc_column-inner\"><div class=\"w-separator size_large\"><\/div><h2 class=\"w-text\"><span class=\"w-text-h\"><span class=\"w-text-value\">La fundaci\u00f3n de VMTC <\/span><\/span><\/h2><h2 class=\"w-text\"><span class=\"w-text-h\"><span class=\"w-text-value\"> El viaje de curaci\u00f3n de Anne S. White<\/span><\/span><\/h2><div class=\"w-separator us_custom_9127616d size_large\"><\/div><\/div><\/div><div class=\"wpb_column vc_column_container us_custom_8c172a66 has_bg_color stretched\"><div class=\"vc_column-inner\"><div class=\"wpb_text_column us_custom_c646a5e5\"><div class=\"wpb_wrapper\"><h3>La b\u00fasqueda de una victoria duradera<\/h3>\n<p>Mucho antes de la formaci\u00f3n de Victorious Ministry Through Christ (VMTC), la Sra. Anne S. White observ\u00f3 una brecha recurrente en el ministerio cristiano. A pesar de recibir oraci\u00f3n y consejer\u00eda, muchos creyentes continuaban luchando con los mismos problemas, incapaces de caminar en libertad duradera y victoria a trav\u00e9s de Cristo.<\/p>\n<p>En 1948, un momento crucial lo cambi\u00f3 todo. Siendo una joven madre con poco tiempo para actividades espirituales, la Sra. White tuvo un profundo encuentro con Dios que alterar\u00eda para siempre el curso de su vida. Esta experiencia transformadora se convirti\u00f3 en la piedra angular de lo que con el tiempo se convertir\u00eda en el ministerio de oraci\u00f3n VMTC.<\/p>\n<\/div><\/div><\/div><\/div><\/div><\/div><\/section><section class=\"l-section wpb_row us_custom_24941e40 height_auto\"><div class=\"l-section-h i-cf\"><div class=\"g-cols vc_row via_grid cols_2-3 laptops-cols_2 tablets-cols_1 mobiles-cols_1 valign_top type_default stacking_default\"><div class=\"wpb_column vc_column_container type_sticky\"><div class=\"vc_column-inner\"><div class=\"w-separator size_large\"><\/div><h2 class=\"w-text\"><span class=\"w-text-h\"><span class=\"w-text-value\">Un momento decisivo<\/span><\/span><\/h2><h2 class=\"w-text\"><span class=\"w-text-h\"><span class=\"w-text-value\">Sanar perdonando<\/span><\/span><\/h2><div class=\"w-separator us_custom_9127616d size_large\"><\/div><\/div><\/div><div class=\"wpb_column vc_column_container us_custom_8c172a66 has_bg_color stretched\"><div class=\"vc_column-inner\"><div class=\"wpb_text_column us_custom_c646a5e5\"><div class=\"wpb_wrapper\"><h3 data-start=\"843\" data-end=\"918\">La Sra. White relat\u00f3 este momento en su libro de 1969, Healing Adventure:<\/h3>\n<blockquote data-start=\"920\" data-end=\"2133\">\n<p data-start=\"922\" data-end=\"1137\"><em data-start=\"922\" data-end=\"1135\">\"Durante tres largos a\u00f1os, nuestro hijo de cinco a\u00f1os hab\u00eda sufrido espantosos ataques de asma... ni siquiera un cambio de clima le aliviaba. En los peores momentos, tuvo que recibir inyecciones de adrenalina para ayudarle a respirar.<\/em><\/p>\n<p data-start=\"1144\" data-end=\"1485\"><em data-start=\"1144\" data-end=\"1483\">Una noche, tras leer una revista sobre curaciones recientes, sent\u00ed que volv\u00eda la fe perdida de mi infancia. A las dos de la madrugada, fui a ver c\u00f3mo estaba mi hijo, pero era demasiado pronto para tomar m\u00e1s medicamentos. Desesperada, pens\u00e9: \"No puedo hacer nada\". En ese momento, o\u00ed una vocecita que me dec\u00eda: \"S\u00ed, lo hay. Puedes arrodillarte y rezar\".<\/em><\/p>\n<p data-start=\"1492\" data-end=\"1745\"><em data-start=\"1492\" data-end=\"1743\">Entonces la voz continu\u00f3: 'No es Mi voluntad que un ni\u00f1o inocente sufra. Es tu amargo resentimiento; debes perdonar a esta persona'. En ese momento, Dios me revel\u00f3 que mi resentimiento hacia mi suegra se hab\u00eda convertido en una barrera espiritual.<\/em><\/p>\n<p data-start=\"1752\" data-end=\"1955\"><em data-start=\"1752\" data-end=\"1953\">Por la gracia de Dios, dije: \"La perdono, Se\u00f1or\", y para mi gran sorpresa, \u00a1lo dec\u00eda en serio! Entonces la voz volvi\u00f3 a hablar: 'Si de verdad tienes fe, me dar\u00e1s las gracias antes de ver los resultados'.<\/em><\/p>\n<p data-start=\"1962\" data-end=\"2133\"><em data-start=\"1962\" data-end=\"2131\">En un momento de gracia asombrosa, susurr\u00e9: 'Gracias, Se\u00f1or'. En ese instante, mi hijo respir\u00f3 profunda y tranquilamente: nunca m\u00e1s volvi\u00f3 a tener un ataque de asma\".<\/em><\/p>\n<\/blockquote>\n<p data-start=\"2135\" data-end=\"2408\">Esta curaci\u00f3n milagrosa cambi\u00f3 radicalmente la relaci\u00f3n de la Sra. White con Dios, su familia y los dem\u00e1s. La llev\u00f3 a emprender toda una vida de sanaci\u00f3n divina, liberando a las personas de las ataduras espirituales mediante la oraci\u00f3n, el perd\u00f3n y el poder del Esp\u00edritu Santo.<\/p>\n<\/div><\/div><\/div><\/div><\/div><\/div><\/section><section class=\"l-section wpb_row us_custom_cf3d7369 height_auto\"><div class=\"l-section-h i-cf\"><div class=\"g-cols vc_row via_grid cols_2-3 laptops-cols_2 tablets-cols_1 mobiles-cols_1 valign_top type_default stacking_default\"><div class=\"wpb_column vc_column_container us_custom_24941e40 has_bg_color type_sticky\"><div class=\"vc_column-inner\"><div class=\"w-separator size_large\"><\/div><h2 class=\"w-text\"><span class=\"w-text-h\"><span class=\"w-text-value\">El nacimiento de un ministerio para toda la vida<\/span><\/span><\/h2><h2 class=\"w-text\"><span class=\"w-text-h\"><span class=\"w-text-value\"> <\/span><\/span><\/h2><div class=\"w-separator us_custom_3da2c7db size_large\"><\/div><\/div><\/div><div class=\"wpb_column vc_column_container us_custom_8c172a66 has_bg_color stretched\"><div class=\"vc_column-inner\"><div class=\"wpb_text_column us_custom_c646a5e5\"><div class=\"wpb_wrapper\"><h3 data-start=\"2457\" data-end=\"2771\">A partir de ese d\u00eda<\/h3>\n<p data-start=\"2457\" data-end=\"2771\">Anne S. White dedic\u00f3 su vida a compartir el amor redentor de Jes\u00fas con las personas heridas por el pecado, llenas de odio o atrapadas en el miedo y la autocompasi\u00f3n. Su vocaci\u00f3n se convirti\u00f3 en una inmersi\u00f3n de por vida en la sanaci\u00f3n divina, un ministerio que continu\u00f3 hasta su fallecimiento en enero de 2000.<\/p>\n<p data-start=\"2773\" data-end=\"3116\">La Sra. White dej\u00f3 un precioso legado espiritual a trav\u00e9s de sus ocho libros, publicados entre 1969 y 1998, el \u00faltimo de los cuales, Winning Victory, es el m\u00e1s parecido a una autobiograf\u00eda. Estos libros, repletos de ense\u00f1anzas, testimonios, devocionales y profec\u00edas, siguen imprimi\u00e9ndose hoy en d\u00eda, y contin\u00faan impactando vidas en todo el mundo.<\/p>\n<\/div><\/div><\/div><\/div><\/div><\/div><\/section><section class=\"l-section wpb_row us_custom_c70c97eb height_custom\"><div class=\"l-section-h i-cf\"><div class=\"g-cols vc_row via_grid cols_1 laptops-cols_inherit tablets-cols_inherit mobiles-cols_1 valign_top type_default stacking_default\"><div class=\"wpb_column vc_column_container us_custom_f45df7e2 has_bg_color\"><div class=\"vc_column-inner\"><div class=\"g-cols wpb_row via_grid cols_3-2 laptops-cols_2 tablets-cols_inherit mobiles-cols_1 valign_top type_default stacking_default\" style=\"--columns-gap:4vw;\"><div class=\"wpb_column vc_column_container\"><div class=\"vc_column-inner\"><h2 class=\"w-text\"><span class=\"w-text-h\"><span class=\"w-text-value\">Inscr\u00edbete en la Escuela del 6 de septiembre<\/span><\/span><\/h2><\/div><\/div><div class=\"wpb_column vc_column_container\"><div class=\"vc_column-inner\"><div class=\"wpb_text_column\"><div class=\"wpb_wrapper\"><p><span>El entrenamiento comienza el 6 de septiembre de 2025 y termina el 9 de octubre de 2024. El entrenamiento se llevara a cabo en la Iglesia Lighthouse 1090 California Street, Redding CA 96003 a las 6:00 pm.\u00a0<\/span><\/p>\n<\/div><\/div><div class=\"w-separator size_medium\"><\/div><div class=\"w-btn-wrapper align_justify\"><a class=\"w-btn us-btn-style_1\" href=\"\/es_do\/boot-camp-registration\/\"><span class=\"w-btn-label\">Reg\u00edstrese hoy<\/span><\/a><\/div><\/div><\/div><\/div><\/div><\/div><\/div><\/div><\/section>","protected":false},"excerpt":{"rendered":"","protected":false},"author":1,"featured_media":0,"parent":0,"menu_order":0,"comment_status":"closed","ping_status":"closed","template":"","meta":{"om_disable_all_campaigns":false,"_monsterinsights_skip_tracking":false,"_monsterinsights_sitenote_active":false,"_monsterinsights_sitenote_note":"","_monsterinsights_sitenote_category":0,"footnotes":""},"class_list":["post-1859","page","type-page","status-publish","hentry"],"aioseo_notices":[],"_links":{"self":[{"href":"https:\/\/www.vmtc.net\/es_do\/wp-json\/wp\/v2\/pages\/1859","targetHints":{"allow":["GET"]}}],"collection":[{"href":"https:\/\/www.vmtc.net\/es_do\/wp-json\/wp\/v2\/pages"}],"about":[{"href":"https:\/\/www.vmtc.net\/es_do\/wp-json\/wp\/v2\/types\/page"}],"author":[{"embeddable":true,"href":"https:\/\/www.vmtc.net\/es_do\/wp-json\/wp\/v2\/users\/1"}],"replies":[{"embeddable":true,"href":"https:\/\/www.vmtc.net\/es_do\/wp-json\/wp\/v2\/comments?post=1859"}],"version-history":[{"count":0,"href":"https:\/\/www.vmtc.net\/es_do\/wp-json\/wp\/v2\/pages\/1859\/revisions"}],"wp:attachment":[{"href":"https:\/\/www.vmtc.net\/es_do\/wp-json\/wp\/v2\/media?parent=1859"}],"curies":[{"name":"wp","href":"https:\/\/api.w.org\/{rel}","templated":true}]}}