{"id":2960,"date":"2025-04-04T15:52:28","date_gmt":"2025-04-04T15:52:28","guid":{"rendered":"https:\/\/www.vmtc.net\/?page_id=2960"},"modified":"2025-04-04T15:54:35","modified_gmt":"2025-04-04T15:54:35","slug":"una-mision-hacia-una-vida-victoriosa","status":"publish","type":"page","link":"https:\/\/www.vmtc.net\/es\/a-mission-toward-victorious-living\/","title":{"rendered":"Una misi\u00f3n hacia una vida victoriosa"},"content":{"rendered":"<section class=\"l-section wpb_row height_custom\"><div class=\"l-section-h i-cf\"><div class=\"g-cols vc_row via_grid cols_2-3 laptops-cols_2 tablets-cols_inherit mobiles-cols_1 valign_middle type_default stacking_default\" style=\"--columns-gap:5%;\"><div class=\"wpb_column vc_column_container\"><div class=\"vc_column-inner\"><div class=\"wpb_text_column\"><div class=\"wpb_wrapper\"><h2 class=\"w-iconbox-title\">Una misi\u00f3n hacia una vida victoriosa<\/h2>\n<p>En el Ministerio de Oraci\u00f3n VMTC, nuestro objetivo no es simplemente resolver problemas, sino abordar las causas profundas de esos problemas. Puede que no seamos capaces de sanar recuerdos dolorosos, pero a trav\u00e9s del poder de la oraci\u00f3n y del Esp\u00edritu Santo, ayudamos a sanar relaciones y a romper las cadenas del pasado, para que usted ya no est\u00e9 esclavizado por esos recuerdos. Una sesi\u00f3n de VMTC no cambia las circunstancias, pero transforma a las personas para que vivan victoriosamente por encima de sus circunstancias. Por la gracia de Dios, somos capacitados para caminar en libertad, sanidad y novedad de vida en Cristo.<\/p>\n<\/div><\/div><\/div><\/div><div class=\"wpb_column vc_column_container\"><div class=\"vc_column-inner\"><div class=\"w-image align_none\"><div class=\"w-image-h\"><img decoding=\"async\" width=\"620\" height=\"311\" src=\"https:\/\/www.vmtc.net\/wp-content\/uploads\/2025\/02\/vmtc_blessing_ceremony_2-1.jpg\" class=\"attachment-large size-large\" alt=\"VMTC pre ministry interview, VMTC Victorious Ministry Through Christ, vmtc, vmtc-international,\" loading=\"lazy\" srcset=\"https:\/\/www.vmtc.net\/wp-content\/uploads\/2025\/02\/vmtc_blessing_ceremony_2-1.jpg 620w, https:\/\/www.vmtc.net\/wp-content\/uploads\/2025\/02\/vmtc_blessing_ceremony_2-1-300x150.jpg 300w, https:\/\/www.vmtc.net\/wp-content\/uploads\/2025\/02\/vmtc_blessing_ceremony_2-1-600x301.jpg 600w\" sizes=\"auto, (max-width: 620px) 100vw, 620px\" \/><\/div><\/div><\/div><\/div><\/div><\/div><\/section>","protected":false},"excerpt":{"rendered":"","protected":false},"author":1,"featured_media":0,"parent":0,"menu_order":0,"comment_status":"closed","ping_status":"closed","template":"","meta":{"om_disable_all_campaigns":false,"_monsterinsights_skip_tracking":false,"_monsterinsights_sitenote_active":false,"_monsterinsights_sitenote_note":"","_monsterinsights_sitenote_category":0,"footnotes":""},"class_list":["post-2960","page","type-page","status-publish","hentry"],"aioseo_notices":[],"_links":{"self":[{"href":"https:\/\/www.vmtc.net\/es\/wp-json\/wp\/v2\/pages\/2960","targetHints":{"allow":["GET"]}}],"collection":[{"href":"https:\/\/www.vmtc.net\/es\/wp-json\/wp\/v2\/pages"}],"about":[{"href":"https:\/\/www.vmtc.net\/es\/wp-json\/wp\/v2\/types\/page"}],"author":[{"embeddable":true,"href":"https:\/\/www.vmtc.net\/es\/wp-json\/wp\/v2\/users\/1"}],"replies":[{"embeddable":true,"href":"https:\/\/www.vmtc.net\/es\/wp-json\/wp\/v2\/comments?post=2960"}],"version-history":[{"count":0,"href":"https:\/\/www.vmtc.net\/es\/wp-json\/wp\/v2\/pages\/2960\/revisions"}],"wp:attachment":[{"href":"https:\/\/www.vmtc.net\/es\/wp-json\/wp\/v2\/media?parent=2960"}],"curies":[{"name":"wp","href":"https:\/\/api.w.org\/{rel}","templated":true}]}}