{"id":2923,"date":"2025-04-03T22:03:44","date_gmt":"2025-04-03T22:03:44","guid":{"rendered":"https:\/\/www.vmtc.net\/?page_id=2923"},"modified":"2025-04-03T22:05:59","modified_gmt":"2025-04-03T22:05:59","slug":"tiempo_adecuado","status":"publish","type":"page","link":"https:\/\/www.vmtc.net\/es\/adequate_time\/","title":{"rendered":"tiempo_adecuado"},"content":{"rendered":"<section class=\"l-section wpb_row height_custom\"><div class=\"l-section-h i-cf\"><div class=\"g-cols vc_row via_grid cols_2-3 laptops-cols_2 tablets-cols_inherit mobiles-cols_1 valign_middle type_default stacking_default\" style=\"--columns-gap:5%;\"><div class=\"wpb_column vc_column_container\"><div class=\"vc_column-inner\"><div class=\"wpb_text_column\"><div class=\"wpb_wrapper\"><h2 class=\"w-iconbox-title\">Tiempo suficiente<\/h2>\n<p>En el Ministerio de Oraci\u00f3n de VMTC, no nos centramos en la velocidad, sino en proporcionar una atenci\u00f3n reflexiva y diligente para abordar los problemas de larga data y las relaciones rotas. Creemos en tomar el tiempo necesario para caminar a trav\u00e9s de una profunda sanaci\u00f3n y restauraci\u00f3n espiritual. Nuestros ministros de oraci\u00f3n est\u00e1n plenamente comprometidos a \"llegar hasta el final\", asegur\u00e1ndose de que cada individuo experimenta un nuevo nivel de libertad duradera en Cristo. Algunas sesiones del ministerio pueden durar entre 4 y 5 horas, mientras trabajamos juntos con el Esp\u00edritu Santo para traer completa sanidad y libertad. \u00a1En Cristo, somos hechos completos!<\/p>\n<\/div><\/div><\/div><\/div><div class=\"wpb_column vc_column_container\"><div class=\"vc_column-inner\"><div class=\"w-image align_none\"><div class=\"w-image-h\"><img decoding=\"async\" width=\"1024\" height=\"683\" src=\"https:\/\/www.vmtc.net\/wp-content\/uploads\/2025\/01\/phillip-goldsberry-AHIA8Bs_HA-unsplash-1024x683.jpg\" class=\"attachment-large size-large\" alt=\"Contacte con VMTC estamos aqu\u00ed para ayudarle\" loading=\"lazy\" srcset=\"https:\/\/www.vmtc.net\/wp-content\/uploads\/2025\/01\/phillip-goldsberry-AHIA8Bs_HA-unsplash-1024x683.jpg 1024w, https:\/\/www.vmtc.net\/wp-content\/uploads\/2025\/01\/phillip-goldsberry-AHIA8Bs_HA-unsplash-300x200.jpg 300w, https:\/\/www.vmtc.net\/wp-content\/uploads\/2025\/01\/phillip-goldsberry-AHIA8Bs_HA-unsplash-600x400.jpg 600w\" sizes=\"auto, (max-width: 1024px) 100vw, 1024px\" \/><\/div><\/div><\/div><\/div><\/div><\/div><\/section>","protected":false},"excerpt":{"rendered":"","protected":false},"author":1,"featured_media":0,"parent":0,"menu_order":0,"comment_status":"closed","ping_status":"closed","template":"","meta":{"om_disable_all_campaigns":false,"_monsterinsights_skip_tracking":false,"_monsterinsights_sitenote_active":false,"_monsterinsights_sitenote_note":"","_monsterinsights_sitenote_category":0,"footnotes":""},"class_list":["post-2923","page","type-page","status-publish","hentry"],"aioseo_notices":[],"_links":{"self":[{"href":"https:\/\/www.vmtc.net\/es\/wp-json\/wp\/v2\/pages\/2923","targetHints":{"allow":["GET"]}}],"collection":[{"href":"https:\/\/www.vmtc.net\/es\/wp-json\/wp\/v2\/pages"}],"about":[{"href":"https:\/\/www.vmtc.net\/es\/wp-json\/wp\/v2\/types\/page"}],"author":[{"embeddable":true,"href":"https:\/\/www.vmtc.net\/es\/wp-json\/wp\/v2\/users\/1"}],"replies":[{"embeddable":true,"href":"https:\/\/www.vmtc.net\/es\/wp-json\/wp\/v2\/comments?post=2923"}],"version-history":[{"count":0,"href":"https:\/\/www.vmtc.net\/es\/wp-json\/wp\/v2\/pages\/2923\/revisions"}],"wp:attachment":[{"href":"https:\/\/www.vmtc.net\/es\/wp-json\/wp\/v2\/media?parent=2923"}],"curies":[{"name":"wp","href":"https:\/\/api.w.org\/{rel}","templated":true}]}}