{"id":1330,"date":"2024-08-07T21:24:55","date_gmt":"2024-08-07T21:24:55","guid":{"rendered":"https:\/\/vmtc.us\/?page_id=1330"},"modified":"2026-02-22T00:14:19","modified_gmt":"2026-02-22T00:14:19","slug":"sobre-2","status":"publish","type":"page","link":"https:\/\/www.vmtc.net\/es\/about-2\/","title":{"rendered":"Acerca de"},"content":{"rendered":"<section class=\"l-section wpb_row height_huge color_secondary with_img parallax_ver\"><div class=\"l-section-img\" role=\"img\" aria-label=\"VMTC, VMTC Victorious Ministry Through Christ, Victorious Ministry Through Christ, VMTC USA, VMTC International, VMTC deliverance ministry,\" data-img-width=\"2560\" data-img-height=\"1707\" style=\"background-image: url(https:\/\/www.vmtc.net\/wp-content\/uploads\/2025\/02\/VMTC2024-24-scaled.jpg);\"><\/div><div class=\"l-section-h i-cf\"><div class=\"g-cols vc_row via_grid cols_1 laptops-cols_inherit tablets-cols_1 mobiles-cols_1 valign_top type_default reversed stacking_default\" style=\"--columns-gap:0rem;\"><div class=\"wpb_column vc_column_container us_custom_fd43344c\"><div class=\"vc_column-inner\"><div class=\"w-text us_custom_c2f880d3 has_text_color\"><span class=\"w-text-h\"><span class=\"w-text-value\">Rodeados por el amor de Dios<\/span><\/span><\/div><div class=\"w-separator size_small\"><\/div><h1 class=\"w-text us_custom_842faaf7\"><span class=\"w-text-h\"><span class=\"w-text-value\">VMTC<br \/><\/span><\/span><\/h1><div class=\"w-hwrapper valign_middle wrap align_none\" style=\"--hwrapper-gap:3rem\"><div class=\"w-btn-wrapper align_none\"><a class=\"w-btn us-btn-style_1 us_custom_0207f80c\" href=\"\/es\/oracion_y_libertad\/\"><span class=\"w-btn-label\">Petici\u00f3n de oraci\u00f3n<\/span><\/a><\/div><div class=\"wpb_text_column us_custom_29eda462\"><div class=\"wpb_wrapper\"><p>Nuestros ministros de oraci\u00f3n sirven voluntariamente, y no hay ning\u00fan costo por recibir el ministerio de oraci\u00f3n.<\/p>\n<\/div><\/div><\/div><\/div><\/div><\/div><\/div><\/section><section class=\"l-section wpb_row height_custom\"><div class=\"l-section-h i-cf\"><div class=\"g-cols vc_row via_grid cols_2 laptops-cols_inherit tablets-cols_1 mobiles-cols_1 valign_middle type_default reversed stacking_default\" style=\"--columns-gap:0rem;\"><div class=\"wpb_column vc_column_container us_custom_8a2a463d\"><div class=\"vc_column-inner\"><div class=\"wpb_text_column us_custom_c7fc0d2b\"><div class=\"wpb_wrapper\"><h3 style=\"text-align: center;\"><strong>Ministerio victorioso a trav\u00e9s de Cristo \u00ae<\/strong><\/h3>\n<p>Es un ministerio internacional dirigido por el Esp\u00edritu Santo que se est\u00e1 expandiendo en los Estados Unidos, M\u00e9xico y Canad\u00e1. Nuestra intenci\u00f3n es asociarnos con ministerios de mentalidad similar que se est\u00e1n expandiendo por todo el mundo. Gobernado por una Junta Directiva, la cual est\u00e1 compuesta por pastores, sacerdotes y laicos de varias denominaciones cristianas. Estos l\u00edderes han experimentado personalmente el poder de Jesucristo para \"liberar a los cautivos\" y \"vendar a los quebrantados de coraz\u00f3n\" (Isa\u00edas 61:1, Lucas 4:18-21) y han sido entrenados y liberados para ministrar y equipar a otros.<\/p>\n<h3 style=\"text-align: center;\">Nuestra visi\u00f3n y misi\u00f3n<\/h3>\n<p>La visi\u00f3n del Ministerio Victorioso a Trav\u00e9s de Cristo es cumplir el ministerio de Jes\u00fas declarado en Lucas 4:18-21-trayendo sanidad y libertad a todas las personas a trav\u00e9s del poder del Esp\u00edritu Santo. Nuestra misi\u00f3n es equipar y animar al pueblo de Dios a continuar el ministerio de sanaci\u00f3n de Cristo, capacit\u00e1ndolos para caminar en una libertad y victoria m\u00e1s profundas.<\/p>\n<h3 style=\"text-align: center;\">Sesiones de oraci\u00f3n<\/h3>\n<p>Las sesiones del ministerio Victorious Ministry Through Christ est\u00e1n dise\u00f1adas para cristianos que buscan la plenitud, la sanaci\u00f3n emocional, la liberaci\u00f3n espiritual y un compromiso m\u00e1s profundo con Cristo. No es un ministerio de crisis, sino un proceso b\u00edblicamente fundamentado y guiado por el Esp\u00edritu, apoyado por m\u00e1s de 150 referencias b\u00edblicas sobre sanidad y liberaci\u00f3n. Este ministerio es para aquellos que est\u00e1n dispuestos a confrontar las heridas del pasado, liberarse de las ataduras espirituales, y abrazar una mayor libertad en Cristo.<\/p>\n<\/div><\/div><div class=\"w-separator size_medium\"><\/div><div class=\"w-btn-wrapper align_none\"><a class=\"w-btn us-btn-style_1\" href=\"\/es\/sobre_2\/\"><span class=\"w-btn-label\">Haz clic<\/span><\/a><\/div><\/div><\/div><div class=\"wpb_column vc_column_container\"><div class=\"vc_column-inner\"><div class=\"w-image us_custom_447bff20 has_ratio align_none\"><div class=\"w-image-h\"><div style=\"padding-bottom:100%\"><\/div><img decoding=\"async\" width=\"1152\" height=\"1880\" src=\"https:\/\/www.vmtc.net\/wp-content\/uploads\/2025\/02\/carlos_rick.jpg\" class=\"attachment-full size-full\" alt=\"\" loading=\"lazy\" \/><\/div><\/div><\/div><\/div><\/div><\/div><\/section><section class=\"l-section wpb_row height_auto\"><div class=\"l-section-h i-cf\"><div class=\"g-cols vc_row via_grid cols_2 laptops-cols_inherit tablets-cols_inherit mobiles-cols_1 valign_middle type_default stacking_default\" style=\"--columns-gap:0rem;\"><div class=\"wpb_column vc_column_container us_custom_a6a0e5f5 has_bg_color\"><div class=\"vc_column-inner\"><\/div><\/div><div class=\"wpb_column vc_column_container us_custom_b2562add has_bg_color\"><div class=\"vc_column-inner\"><h2 class=\"w-text us_custom_4792172e has_text_color\"><span class=\"w-text-h\"><span class=\"w-text-value\">Escuelas ministeriales<\/span><\/span><\/h2><div class=\"wpb_text_column us_custom_6918363f has_text_color\"><div class=\"wpb_wrapper\"><p>Se trata de un tiempo sagrado de renovaci\u00f3n espiritual para ministros y laicos llamados por Dios a atender a quienes necesitan sanar sus heridas y liberarse de las ataduras causadas por relaciones dolorosas o heridas del pasado.<\/p>\n<p>A lo largo de tres d\u00edas, buscaremos al Se\u00f1or y aprenderemos a reclamar la victoria de Jesucristo sobre el pecado y Satan\u00e1s a trav\u00e9s de una oraci\u00f3n llena de amor, escucha y fe.<\/p>\n<p>Muchos de los que acuden al Ministerio de Oraci\u00f3n Victoriosa a Trav\u00e9s de Cristo est\u00e1n agobiados por:<br \/>1\ufe0f\u20e3 Los pecados de los dem\u00e1s, pasados o presentes.<br \/>2\ufe0f\u20e3 El peso de sus propios pecados, revelados por el Esp\u00edritu Santo.<br \/>3\ufe0f\u20e3 Los ataques del enemigo, en particular a trav\u00e9s de una implicaci\u00f3n ocultista pasada o presente.<\/p>\n<p>A trav\u00e9s de Ministros de Oraci\u00f3n entrenados en el Ministerio Victorioso A Trav\u00e9s de Cristo, el Esp\u00edritu Santo se mueve en poder, liberando Sus dones sobrenaturales de sabidur\u00eda, conocimiento, discernimiento, fe y sanidad. Cada sesi\u00f3n se lleva a cabo en la unidad de dos ministros orando de acuerdo, de pie en la autoridad de Cristo para el que recibe el ministerio.<\/p>\n<p>Ministerio Victorioso a trav\u00e9s de Cristo Los ministros de oraci\u00f3n estudiar\u00e1n la Palabra de Dios y aprender\u00e1n a convertirse en fieles vasos del poder sanador de Cristo, llevando Su amor, libertad y restauraci\u00f3n a un mundo atado por el pecado y el quebrantamiento.<\/p>\n<p>Venga, refr\u00e9squese en la presencia de Dios, reciba Su toque sanador y equ\u00edpese para llevar Su libertad a otros.<\/p>\n<p>\u00a0<\/p>\n<\/div><\/div><div class=\"w-btn-wrapper align_left\"><a class=\"w-btn us-btn-style_1\" href=\"\/es\/deliverance_boot_camp\/\"><span class=\"w-btn-label\">Reg\u00edstrese en<\/span><\/a><\/div><\/div><\/div><\/div><\/div><\/section><section class=\"l-section wpb_row height_custom\"><div class=\"l-section-h i-cf\"><div class=\"g-cols vc_row via_grid cols_1 laptops-cols_inherit tablets-cols_inherit mobiles-cols_1 valign_top type_default stacking_default\"><div class=\"wpb_column vc_column_container\"><div class=\"vc_column-inner\"><div class=\"wpb_text_column\"><div class=\"wpb_wrapper\"><h2 style=\"text-align: center;\">\u00bfQu\u00e9 es el Ministerio Victorioso a trav\u00e9s de Cristo?<\/h2>\n<\/div><\/div><div class=\"w-separator size_medium\"><\/div><div class=\"wpb_text_column us_custom_05f02725\"><div class=\"wpb_wrapper\"><p style=\"text-align: left;\">El Ministerio de Oraci\u00f3n de VMTC es un vaso ordenado por Dios a trav\u00e9s del cual el Esp\u00edritu Santo se mueve con poder, derramando Su amor, sanaci\u00f3n y restauraci\u00f3n. Aquellos que vienen con un coraz\u00f3n abierto a Jes\u00fas experimentan un encuentro profundo y transformador con \u00c9l, mientras Sus dones espirituales traen sanaci\u00f3n, libertad y renovaci\u00f3n. A trav\u00e9s de este ministerio, el fruto del Esp\u00edritu se nutre y fortalece, equipando a los creyentes para caminar en la victoria, la fe y la plenitud de la gracia de Dios. \u00a1A Dios sea la gloria!<\/p>\n<\/div><\/div><div class=\"w-separator size_large\"><\/div><div class=\"g-cols wpb_row via_grid cols_2 laptops-cols_inherit tablets-cols_inherit mobiles-cols_1 valign_top type_default\" style=\"--columns-gap:6vh;\"><div class=\"wpb_column vc_column_container\"><div class=\"vc_column-inner\"><div class=\"w-iconbox iconpos_left style_default color_primary align_none\"><div class=\"w-iconbox-icon\" style=\"font-size:3rem;\"><\/div><div class=\"w-iconbox-meta\"><h3 class=\"w-iconbox-title\">Enfoque basado en las Escrituras<\/h3><div class=\"w-iconbox-text\"><p>El Ministerio de Oraci\u00f3n VMTC aplica amorosamente la Palabra de Dios a trav\u00e9s de la oraci\u00f3n ungida y llena del Esp\u00edritu, trayendo sanidad y libertad en el nombre de Jes\u00fas.<\/p>\n<p><a href=\"\/es\/enfoque_basado_en_las_escrituras\/\" data-wplink-edit=\"true\"><strong>M\u00c1S<\/strong><\/a><\/p>\n<\/div><\/div><\/div><\/div><\/div><div class=\"wpb_column vc_column_container\"><div class=\"vc_column-inner\"><div class=\"w-iconbox iconpos_left style_default color_primary align_none\"><div class=\"w-iconbox-icon\" style=\"font-size:3rem;\"><\/div><div class=\"w-iconbox-meta\"><h3 class=\"w-iconbox-title\">\"Ministerio \"Dos en Acuerdo<\/h3><div class=\"w-iconbox-text\"><p>Cada equipo del Ministerio de Oraci\u00f3n de VMTC est\u00e1 formado por un hombre y una mujer, que ministran juntos en la unidad del Esp\u00edritu Santo para cumplir la misi\u00f3n de Jes\u00fas de \"liberar a los cautivos\" (Lucas 4:18).\u00a0<\/p>\n<p><a href=\"\/es\/dos_en_acuerdo_ministerio\/\"><strong>M\u00c1S<\/strong><\/a><\/p>\n<\/div><\/div><\/div><\/div><\/div><div class=\"wpb_column vc_column_container\"><div class=\"vc_column-inner\"><div class=\"w-iconbox iconpos_left style_default color_primary align_none\"><div class=\"w-iconbox-icon\" style=\"font-size:3rem;\"><\/div><div class=\"w-iconbox-meta\"><h3 class=\"w-iconbox-title\">Afrontar los obst\u00e1culos en profundidad<\/h3><div class=\"w-iconbox-text\"><p>La sesi\u00f3n de \"limpieza de la casa\" de VMTC es una limpieza espiritual que prepara a las personas para entablar relaciones sanas, centradas en Cristo, eliminando el equipaje oculto -las cargas emocionales y espirituales- que causa confusi\u00f3n y obstaculiza el crecimiento espiritual.<\/p>\n<p><a href=\"\/es\/tratamiento_en_profundidad_de_las_barreras\/\"><strong>M\u00c1S<\/strong><\/a><\/p>\n<\/div><\/div><\/div><\/div><\/div><div class=\"wpb_column vc_column_container\"><div class=\"vc_column-inner\"><div class=\"w-iconbox iconpos_left style_default color_primary align_none\"><div class=\"w-iconbox-icon\" style=\"font-size:3rem;\"><\/div><div class=\"w-iconbox-meta\"><h3 class=\"w-iconbox-title\">Tiempo suficiente<\/h3><div class=\"w-iconbox-text\"><p>En el Ministerio de Oraci\u00f3n de VMTC, no nos centramos en la rapidez, sino en ofrecer una atenci\u00f3n reflexiva y diligente para abordar problemas antiguos y relaciones rotas.\u00a0<\/p>\n<p><a href=\"\/es\/tiempo_adecuado\/\" data-wplink-edit=\"true\"><strong>M\u00c1S<\/strong><\/a><\/p>\n<\/div><\/div><\/div><\/div><\/div><\/div><div class=\"w-separator size_medium\"><\/div><div class=\"g-cols wpb_row via_grid cols_2 laptops-cols_inherit tablets-cols_inherit mobiles-cols_1 valign_top type_default\" style=\"--columns-gap:6vh;\"><div class=\"wpb_column vc_column_container\"><div class=\"vc_column-inner\"><div class=\"w-iconbox iconpos_left style_default color_primary align_none\"><div class=\"w-iconbox-icon\" style=\"font-size:3rem;\"><\/div><div class=\"w-iconbox-meta\"><h3 class=\"w-iconbox-title\">Una misi\u00f3n hacia una vida victoriosa<\/h3><div class=\"w-iconbox-text\"><p>En el Ministerio de Oraci\u00f3n de VMTC, nuestro objetivo no es simplemente resolver problemas, sino abordar las causas profundas de esos problemas.<\/p>\n<p><a href=\"\/es\/una-mision-hacia-una-vida-victoriosa\/\"><strong>M\u00c1S<\/strong><\/a><\/p>\n<\/div><\/div><\/div><\/div><\/div><div class=\"wpb_column vc_column_container\"><div class=\"vc_column-inner\"><div class=\"w-iconbox iconpos_left style_default color_primary align_none\"><div class=\"w-iconbox-icon\" style=\"font-size:3rem;\"><\/div><div class=\"w-iconbox-meta\"><h3 class=\"w-iconbox-title\">\"Ministerio \"Dos en Acuerdo<\/h3><div class=\"w-iconbox-text\"><p>En el Ministerio de Oraci\u00f3n de VMTC, practicamos lo que predicamos. Cada Ministro de Oraci\u00f3n ha recibido personalmente el Ministerio de Oraci\u00f3n por lo menos 3 a 4 veces, asegurando que entienden el proceso y la profundidad de la curaci\u00f3n que trae.<\/p>\n<p><a href=\"\/es\/dos_en_acuerdo_ministerio\/\"><strong>M\u00c1S<\/strong><\/a><\/p>\n<\/div><\/div><\/div><\/div><\/div><div class=\"wpb_column vc_column_container\"><div class=\"vc_column-inner\"><div class=\"w-iconbox iconpos_left style_default color_primary align_none\"><div class=\"w-iconbox-icon\" style=\"font-size:3rem;\"><\/div><div class=\"w-iconbox-meta\"><h3 class=\"w-iconbox-title\">VMTC Relaciones confesionales<\/h3><div class=\"w-iconbox-text\"><p>Desde 1971, el Ministerio de Oraci\u00f3n VMTC ofrece Escuelas de Ministerio de Oraci\u00f3n, dirigidas por una junta ecum\u00e9nica compuesta por pastores, sacerdotes, laicos y laicas de varias denominaciones dentro del cuerpo de Cristo.<\/p>\n<p><a href=\"\/es\/vmtc_relaciones_denominacionales\/\"><strong>M\u00c1S<\/strong><\/a><\/p>\n<\/div><\/div><\/div><\/div><\/div><div class=\"wpb_column vc_column_container\"><div class=\"vc_column-inner\"><\/div><\/div><\/div><\/div><\/div><\/div><\/div><\/section><section class=\"l-section wpb_row height_custom\"><div class=\"l-section-h i-cf\"><div class=\"g-cols vc_row via_grid cols_1 laptops-cols_inherit tablets-cols_inherit mobiles-cols_1 valign_top type_default stacking_default\"><div class=\"wpb_column vc_column_container us_custom_41879682\"><div class=\"vc_column-inner\"><div class=\"g-cols wpb_row via_grid cols_2-3 laptops-cols_inherit tablets-cols_1 mobiles-cols_1 valign_top type_default stacking_default\" style=\"--columns-gap:3rem;\"><div class=\"wpb_column vc_column_container\"><div class=\"vc_column-inner\"><h2 class=\"w-text\"><span class=\"w-text-h\"><span class=\"w-text-value\">Enfoque basado en las Escrituras<\/span><\/span><\/h2><\/div><\/div><div class=\"wpb_column vc_column_container\"><div class=\"vc_column-inner\"><div class=\"wpb_text_column\"><div class=\"wpb_wrapper\"><p>Nuestro enfoque se basa en principios b\u00edblicos, ense\u00f1ando y preparando al orante para la liberaci\u00f3n a trav\u00e9s del poder de Jesucristo. Ministramos en silencio y suavemente-sin fanfarria-permitiendo que el Esp\u00edritu Santo trabaje y los libere.<\/p>\n<p>Creemos que el seguimiento es esencial. Despu\u00e9s de una sesi\u00f3n de liberaci\u00f3n, proporcionamos ense\u00f1anza b\u00edblica sobre c\u00f3mo permanecer libre, caminar en la autoridad de Cristo, y participar en la guerra espiritual cuando el enemigo trata de volver. A trav\u00e9s de la oraci\u00f3n, el discipulado, y la confianza en la Palabra de Dios, equipamos a los creyentes a vivir en libertad duradera y la victoria en Cristo.<\/p>\n<\/div><\/div><\/div><\/div><\/div><\/div><\/div><\/div><\/div><\/section><section class=\"l-section wpb_row height_custom\"><div class=\"l-section-h i-cf\"><div class=\"g-cols vc_row via_grid cols_3 laptops-cols_inherit tablets-cols_2 mobiles-cols_1 valign_top type_default\" style=\"--columns-gap:4vw;\"><div class=\"wpb_column vc_column_container\"><div class=\"vc_column-inner\"><div class=\"w-image has_ratio align_none\"><div class=\"w-image-h\"><div style=\"padding-bottom:100%\"><\/div><img decoding=\"async\" width=\"620\" height=\"311\" src=\"https:\/\/www.vmtc.net\/wp-content\/uploads\/2025\/02\/vmtc_blessing_ceremony_2-1.jpg\" class=\"attachment-large size-large\" alt=\"VMTC pre ministry interview, VMTC Victorious Ministry Through Christ, vmtc, vmtc-international,\" loading=\"lazy\" \/><\/div><\/div><div class=\"w-separator size_small\"><\/div><div class=\"wpb_text_column\"><div class=\"wpb_wrapper\"><h3 style=\"text-align: center;\">Entrevista previa a la sesi\u00f3n<\/h3>\n<p>The first step in preparing for a VMTC prayer session is completing a confidential questionnaire designed to help us understand your background, your current needs, and how we can best pray with you. This process is not about judgment, but about creating a safe and prayerful foundation for the session. Your responses help our trained prayer ministers discern areas where healing, freedom, or restoration may be needed, and allow us to seek the guidance of the Holy Spirit as we prepare. As you complete the questionnaire, we also encourage you to prayerfully prepare your heart\u2014asking the Lord to reveal any areas of sin, hurt, or bondage, and being willing to surrender those areas to Jesus. All information shared is treated with care and confidentiality and is used only to serve you more effectively during your time of ministry. This preparation helps ensure that your session is focused, Spirit-led, and centered on the healing work of Jesus Christ.<\/p>\n<div class=\"wpb_column vc_column_container usb_custom_vc_column_inner9\" data-=\"\">\n<div class=\"vc_column-inner\">\n<div class=\"wpb_text_column usb_custom_vc_column_text6\" data-=\"\">\n<div class=\"wpb_wrapper\">\n<div class=\"wpb_text_column usb_custom_vc_column_text6\">\n<div class=\"wpb_wrapper\"><\/div>\n<\/div>\n<\/div>\n<\/div>\n<\/div>\n<\/div>\n<div class=\"wpb_column vc_column_container usb_custom_vc_column_inner10\" data-=\"\"><\/div>\n<\/div><\/div><\/div><\/div><div class=\"wpb_column vc_column_container\"><div class=\"vc_column-inner\"><div class=\"w-image has_ratio align_none\"><div class=\"w-image-h\"><div style=\"padding-bottom:100%\"><\/div><img decoding=\"async\" width=\"563\" height=\"1024\" src=\"https:\/\/www.vmtc.net\/wp-content\/uploads\/2025\/04\/IMG_7460-563x1024.jpg\" class=\"attachment-large size-large\" alt=\"VMTC Ministerio Victorioso a trav\u00e9s de Cristo usa\" loading=\"lazy\" \/><\/div><\/div><div class=\"w-separator size_small\"><\/div><div class=\"wpb_text_column\"><div class=\"wpb_wrapper\"><h3 class=\"w-text usb_custom_us_text6\" style=\"text-align: center;\" data-=\"\"><span class=\"w-text-h\"><span class=\"w-text-value\">Sesi\u00f3n de oraci\u00f3n<\/span><\/span><\/h3>\n<p data-start=\"211\" data-end=\"553\">A VMTC Prayer Session is a thorough spiritual \u201chouse cleaning,\u201d where the Holy Spirit is invited to bring healing, freedom, and restoration to every area of your life. In a safe, confidential, and Spirit-led environment, trained prayer ministers walk with you step by step, allowing Jesus to reveal and address the deeper places of the heart.<\/p>\n<p data-start=\"555\" data-end=\"1062\">During the session, you will be led through prayer to receive God\u2019s forgiveness, extend forgiveness to others, and surrender areas of sin, hurt, and brokenness to the Lord. As the Holy Spirit leads, strongholds are brought into the light, lies are replaced with truth, and spiritual bondages are broken. In the authority of Jesus\u2019 name, oppressive spirits are bound and cast out, and past images, memories, and triggers lose their power as they are renounced and placed under the finished work of the cross.<\/p>\n<p data-start=\"1064\" data-end=\"1373\">Many describe this time as a deep spiritual reset\u2014where the weight of the past is lifted, clarity is restored, and a renewed sense of peace and intimacy with Christ is established. It is not about striving, but about allowing Jesus to do what only He can do\u2014set captives free and restore what has been broken.<\/p>\n<\/div><\/div><\/div><\/div><div class=\"wpb_column vc_column_container\"><div class=\"vc_column-inner\"><div class=\"w-image has_ratio align_none\"><div class=\"w-image-h\"><div style=\"padding-bottom:100%\"><\/div><img decoding=\"async\" width=\"683\" height=\"1024\" src=\"https:\/\/www.vmtc.net\/wp-content\/uploads\/2025\/01\/VMTC2024-41-683x1024.jpg\" class=\"attachment-large size-large\" alt=\"vmtc victorious ministry through christ\" loading=\"lazy\" \/><\/div><\/div><div class=\"w-separator size_small\"><\/div><div class=\"wpb_text_column\"><div class=\"wpb_wrapper\"><h3 class=\"w-text us_custom_eb849559\" style=\"text-align: center;\"><span class=\"w-text-h\"><span class=\"w-text-value\">Mentoring for<br \/>\nLasting Freedom<\/span><\/span><\/h3>\n<p data-start=\"174\" data-end=\"603\">Mentoring is an essential part of helping believers walk in the lasting freedom Christ provides. Following a prayer session, each individual is paired with a trained mentor who offers prayer, encouragement, accountability, and spiritual guidance as they continue their journey. This ongoing relationship provides a place to process, grow, and remain anchored in the truth of God\u2019s Word as new patterns of freedom are established.<\/p>\n<p data-start=\"605\" data-end=\"995\">Because true freedom flourishes in healthy community, we strongly encourage connection to a local church. Mentors help each person connect\u2014or reconnect\u2014with a church family, or deepen their involvement in their current one, so their walk with Christ is supported and strengthened within the body of believers. This creates a foundation for continued growth, discipleship, and encouragement.<\/p>\n<p data-start=\"997\" data-end=\"1379\">Through mentoring, we walk alongside you as you develop spiritual habits that sustain freedom, grow in your identity in Christ, and learn to stand firm in the victory Jesus has already won. Our desire is not only that you experience freedom, but that you continue to walk in it\u2014strengthened by both personal relationship with the Lord and the support of a Christ-centered community.<\/p>\n<\/div><\/div><\/div><\/div><\/div><\/div><\/section><section class=\"l-section wpb_row height_auto\"><div class=\"l-section-h i-cf\"><div class=\"g-cols vc_row via_grid cols_1 laptops-cols_inherit tablets-cols_inherit mobiles-cols_1 valign_top type_default stacking_default\"><div class=\"wpb_column vc_column_container\"><div class=\"vc_column-inner\"><\/div><\/div><\/div><\/div><\/section><section class=\"l-section wpb_row us_custom_1a4ccfc7 height_auto\"><div class=\"l-section-h i-cf\"><div class=\"g-cols vc_row via_grid cols_1 laptops-cols_inherit tablets-cols_inherit mobiles-cols_1 valign_middle type_default reversed stacking_default\"><div class=\"wpb_column vc_column_container\"><div class=\"vc_column-inner\"><div class=\"g-cols wpb_row us_custom_f8d90600 via_grid cols_2 laptops-cols_inherit tablets-cols_inherit mobiles-cols_1 valign_middle type_default reversed stacking_default\" style=\"--columns-gap:0rem;\"><div class=\"wpb_column vc_column_container us_custom_0e1fc3dd has_bg_color\"><div class=\"vc_column-inner\"><h4 class=\"w-text us_custom_6745946f has_text_color\"><span class=\"w-text-h\"><span class=\"w-text-value\">AQU\u00cd PARA AYUDAR<\/span><\/span><\/h4><h2 class=\"w-text\"><span class=\"w-text-h\"><span class=\"w-text-value\">\u00bfTiene alguna pregunta?<\/span><\/span><\/h2><div class=\"wpb_text_column us_custom_59aee68e\"><div class=\"wpb_wrapper\"><p>Aprenda habilidades b\u00edblicas, disciplinadas y guiadas por el Esp\u00edritu Santo para el ministerio de oraci\u00f3n, aplicando las promesas de sanaci\u00f3n y libertad de Jes\u00fas a quienes sufren. A trav\u00e9s de un entrenamiento pr\u00e1ctico, de persona a persona, ser\u00e1s testigo del poder transformador de Cristo, equip\u00e1ndote para ayudar a otros a liberarse y caminar en victoria.<\/p>\n<\/div><\/div><div class=\"w-separator size_custom\" style=\"height:40px\"><\/div><div class=\"w-btn-wrapper align_none\"><a class=\"w-btn us-btn-style_2\" href=\"\/es\/formulario-de-contacto-general\/\"><span class=\"w-btn-label\">Contacte con nosotros<\/span><\/a><\/div><\/div><\/div><div class=\"wpb_column vc_column_container us_custom_dd03bc40 has_bg_color\"><div class=\"vc_column-inner\"><\/div><\/div><\/div><\/div><\/div><\/div><\/div><\/section>","protected":false},"excerpt":{"rendered":"","protected":false},"author":1,"featured_media":0,"parent":0,"menu_order":0,"comment_status":"closed","ping_status":"closed","template":"","meta":{"om_disable_all_campaigns":false,"_monsterinsights_skip_tracking":false,"_monsterinsights_sitenote_active":false,"_monsterinsights_sitenote_note":"","_monsterinsights_sitenote_category":0,"footnotes":""},"class_list":["post-1330","page","type-page","status-publish","hentry"],"aioseo_notices":[],"_links":{"self":[{"href":"https:\/\/www.vmtc.net\/es\/wp-json\/wp\/v2\/pages\/1330","targetHints":{"allow":["GET"]}}],"collection":[{"href":"https:\/\/www.vmtc.net\/es\/wp-json\/wp\/v2\/pages"}],"about":[{"href":"https:\/\/www.vmtc.net\/es\/wp-json\/wp\/v2\/types\/page"}],"author":[{"embeddable":true,"href":"https:\/\/www.vmtc.net\/es\/wp-json\/wp\/v2\/users\/1"}],"replies":[{"embeddable":true,"href":"https:\/\/www.vmtc.net\/es\/wp-json\/wp\/v2\/comments?post=1330"}],"version-history":[{"count":8,"href":"https:\/\/www.vmtc.net\/es\/wp-json\/wp\/v2\/pages\/1330\/revisions"}],"predecessor-version":[{"id":3165,"href":"https:\/\/www.vmtc.net\/es\/wp-json\/wp\/v2\/pages\/1330\/revisions\/3165"}],"wp:attachment":[{"href":"https:\/\/www.vmtc.net\/es\/wp-json\/wp\/v2\/media?parent=1330"}],"curies":[{"name":"wp","href":"https:\/\/api.w.org\/{rel}","templated":true}]}}